{"id":1175,"date":"2018-07-02T11:01:41","date_gmt":"2018-07-02T11:01:41","guid":{"rendered":"http:\/\/www.lababala.com\/?page_id=1175"},"modified":"2018-07-09T09:33:41","modified_gmt":"2018-07-09T09:33:41","slug":"masaje-terapeutico","status":"publish","type":"page","link":"https:\/\/centrecasals.com\/es\/fisioterapia\/masaje-terapeutico\/","title":{"rendered":"Masaje terap\u00e9utico"},"content":{"rendered":"<div class=\"fusion-fullwidth fullwidth-box fusion-builder-row-1 nonhundred-percent-fullwidth non-hundred-percent-height-scrolling\" style=\"--awb-border-radius-top-left:0px;--awb-border-radius-top-right:0px;--awb-border-radius-bottom-right:0px;--awb-border-radius-bottom-left:0px;--awb-margin-top:50px;--awb-margin-bottom:100px;--awb-flex-wrap:wrap;\" ><div class=\"fusion-builder-row fusion-row\"><div class=\"fusion-layout-column fusion_builder_column fusion-builder-column-0 fusion_builder_column_1_1 1_1 fusion-one-full fusion-column-first fusion-column-last\" style=\"--awb-bg-size:cover;\"><div class=\"fusion-column-wrapper fusion-flex-column-wrapper-legacy\"><div class=\"fusion-text fusion-text-1\"><div class=\"heading icon-left\">\n<h2 class=\"content-box-heading\" style=\"text-align: center;\">MASAJE TERAP\u00c9UTICO<\/h2>\n<\/div>\n<\/div><div class=\"fusion-sep-clear\"><\/div><div class=\"fusion-separator\" style=\"margin-left: auto;margin-right: auto;margin-bottom:50px;width:100%;max-width:200px;\"><div class=\"fusion-separator-border sep-single sep-solid\" style=\"--awb-height:20px;--awb-amount:20px;border-color:#e0dede;border-top-width:1px;\"><\/div><\/div><div class=\"fusion-sep-clear\"><\/div><div class=\"fusion-clearfix\"><\/div><\/div><\/div><div class=\"fusion-layout-column fusion_builder_column fusion-builder-column-1 fusion_builder_column_1_2 1_2 fusion-one-half fusion-column-first\" style=\"--awb-bg-size:cover;width:50%;width:calc(50% - ( ( 4% ) * 0.5 ) );margin-right: 4%;\"><div class=\"fusion-column-wrapper fusion-flex-column-wrapper-legacy\"><div class=\"fusion-text fusion-text-2\"><p>La masoterapia es una t\u00e9cnica que se puede definir como el uso de distintas t\u00e9cnicas de masaje con fines terap\u00e9uticos, esto es, para el tratamiento de enfermedades y lesiones: en este caso, es una t\u00e9cnica integrada dentro de la fisioterapia. Probablemente es la herramienta terap\u00e9utica m\u00e1s antigua que el ser humano utiliz\u00f3 para proporcionar\/se un recurso natural contra el dolor.<\/p>\n<p>Existen diversos tipos de masaje, entre ellos el de relajaci\u00f3n, pero tambi\u00e9n existe el espec\u00edficamente terap\u00e9utico (masoterapia) del \u00e1mbito sanitario y el del \u00e1mbito deportivo, destinado a mejorar la actividad f\u00edsica y aplicados por el fisioterapeuta.<\/p>\n<p>La masoterapia engloba diversas modalidades de masaje como: el masaje terap\u00e9utico, el masaje transverso profundo, el drenaje linf\u00e1tico manual terap\u00e9utico, la liberaci\u00f3n miofascial, el masaje deportivo, el crio-masaje, el masaje del tejido conjuntivo, el masaje del periostio, t\u00e9cnicas neuro-musculares o el masaje de Dicke entre otros.<\/p>\n<\/div><div class=\"fusion-clearfix\"><\/div><\/div><\/div><div class=\"fusion-layout-column fusion_builder_column fusion-builder-column-2 fusion_builder_column_1_2 1_2 fusion-one-half fusion-column-last\" style=\"--awb-bg-size:cover;width:50%;width:calc(50% - ( ( 4% ) * 0.5 ) );\"><div class=\"fusion-column-wrapper fusion-flex-column-wrapper-legacy\"><div class=\"fusion-image-element in-legacy-container\" style=\"--awb-caption-title-font-family:var(--h2_typography-font-family);--awb-caption-title-font-weight:var(--h2_typography-font-weight);--awb-caption-title-font-style:var(--h2_typography-font-style);--awb-caption-title-size:var(--h2_typography-font-size);--awb-caption-title-transform:var(--h2_typography-text-transform);--awb-caption-title-line-height:var(--h2_typography-line-height);--awb-caption-title-letter-spacing:var(--h2_typography-letter-spacing);\"><span class=\" fusion-imageframe imageframe-none imageframe-1 hover-type-none\"><img decoding=\"async\" width=\"700\" height=\"467\" title=\"massatge_terapeutic\" src=\"https:\/\/centrecasals.com\/wp-content\/uploads\/2018\/03\/massatge_terapeutic.jpg\" alt class=\"img-responsive wp-image-1665\" srcset=\"https:\/\/centrecasals.com\/wp-content\/uploads\/2018\/03\/massatge_terapeutic-200x133.jpg 200w, https:\/\/centrecasals.com\/wp-content\/uploads\/2018\/03\/massatge_terapeutic-400x267.jpg 400w, https:\/\/centrecasals.com\/wp-content\/uploads\/2018\/03\/massatge_terapeutic-600x400.jpg 600w, https:\/\/centrecasals.com\/wp-content\/uploads\/2018\/03\/massatge_terapeutic.jpg 700w\" sizes=\"(max-width: 800px) 100vw, 700px\" \/><\/span><\/div><div class=\"fusion-clearfix\"><\/div><\/div><\/div><div class=\"fusion-layout-column fusion_builder_column fusion-builder-column-3 fusion_builder_column_1_1 1_1 fusion-one-full fusion-column-first fusion-column-last\" style=\"--awb-bg-size:cover;--awb-margin-top:100px;\"><div class=\"fusion-column-wrapper fusion-flex-column-wrapper-legacy\"><div class=\"fusion-text fusion-text-3\"><blockquote>\n<p><span style=\"color: #92c2d9;\"><strong>Indicaciones:<\/strong><\/span><\/p>\n<p>Entre las lesiones o enfermedades que se pueden tratar con t\u00e9cnicas de masoterapia encontramos: contractura muscular, tendinopat\u00eda, radiculopat\u00eda, linfedema, esguince, rotura de fibras, fractura (medicina)|fractura, espasmo, alteraciones psico-som\u00e1ticas, atrapamientos miofasciales, algodistrofia simp\u00e1tico refleja, lesiones deportivas, etc. La masoterapia siempre debe aplicarse bajo prescripci\u00f3n m\u00e9dica.<\/p>\n<\/blockquote>\n<\/div><div class=\"fusion-clearfix\"><\/div><\/div><\/div><\/div><\/div>\n","protected":false},"excerpt":{"rendered":"","protected":false},"author":2,"featured_media":0,"parent":1170,"menu_order":0,"comment_status":"closed","ping_status":"closed","template":"100-width.php","meta":{"footnotes":""},"aioseo_notices":[],"jetpack_sharing_enabled":true,"_links":{"self":[{"href":"https:\/\/centrecasals.com\/es\/wp-json\/wp\/v2\/pages\/1175"}],"collection":[{"href":"https:\/\/centrecasals.com\/es\/wp-json\/wp\/v2\/pages"}],"about":[{"href":"https:\/\/centrecasals.com\/es\/wp-json\/wp\/v2\/types\/page"}],"author":[{"embeddable":true,"href":"https:\/\/centrecasals.com\/es\/wp-json\/wp\/v2\/users\/2"}],"replies":[{"embeddable":true,"href":"https:\/\/centrecasals.com\/es\/wp-json\/wp\/v2\/comments?post=1175"}],"version-history":[{"count":3,"href":"https:\/\/centrecasals.com\/es\/wp-json\/wp\/v2\/pages\/1175\/revisions"}],"predecessor-version":[{"id":1488,"href":"https:\/\/centrecasals.com\/es\/wp-json\/wp\/v2\/pages\/1175\/revisions\/1488"}],"up":[{"embeddable":true,"href":"https:\/\/centrecasals.com\/es\/wp-json\/wp\/v2\/pages\/1170"}],"wp:attachment":[{"href":"https:\/\/centrecasals.com\/es\/wp-json\/wp\/v2\/media?parent=1175"}],"curies":[{"name":"wp","href":"https:\/\/api.w.org\/{rel}","templated":true}]}}