{"id":1180,"date":"2018-07-02T11:03:47","date_gmt":"2018-07-02T11:03:47","guid":{"rendered":"http:\/\/www.lababala.com\/?page_id=1180"},"modified":"2018-07-09T09:35:28","modified_gmt":"2018-07-09T09:35:28","slug":"terapia-manual","status":"publish","type":"page","link":"https:\/\/centrecasals.com\/es\/fisioterapia\/terapia-manual\/","title":{"rendered":"Terapia manual"},"content":{"rendered":"<div class=\"fusion-fullwidth fullwidth-box fusion-builder-row-1 nonhundred-percent-fullwidth non-hundred-percent-height-scrolling\" style=\"--awb-border-radius-top-left:0px;--awb-border-radius-top-right:0px;--awb-border-radius-bottom-right:0px;--awb-border-radius-bottom-left:0px;--awb-margin-top:50px;--awb-margin-bottom:100px;--awb-flex-wrap:wrap;\" ><div class=\"fusion-builder-row fusion-row\"><div class=\"fusion-layout-column fusion_builder_column fusion-builder-column-0 fusion_builder_column_1_1 1_1 fusion-one-full fusion-column-first fusion-column-last\" style=\"--awb-bg-size:cover;\"><div class=\"fusion-column-wrapper fusion-flex-column-wrapper-legacy\"><div class=\"fusion-text fusion-text-1\"><h2 style=\"text-align: center;\">TERAPIA MANUAL<\/h2>\n<\/div><div class=\"fusion-sep-clear\"><\/div><div class=\"fusion-separator\" style=\"margin-left: auto;margin-right: auto;margin-bottom:50px;width:100%;max-width:200px;\"><div class=\"fusion-separator-border sep-single sep-solid\" style=\"--awb-height:20px;--awb-amount:20px;border-color:#e0dede;border-top-width:1px;\"><\/div><\/div><div class=\"fusion-sep-clear\"><\/div><div class=\"fusion-clearfix\"><\/div><\/div><\/div><div class=\"fusion-layout-column fusion_builder_column fusion-builder-column-1 fusion_builder_column_1_2 1_2 fusion-one-half fusion-column-first\" style=\"--awb-bg-size:cover;width:50%;width:calc(50% - ( ( 4% ) * 0.5 ) );margin-right: 4%;\"><div class=\"fusion-column-wrapper fusion-flex-column-wrapper-legacy\"><div class=\"fusion-text fusion-text-2\"><p>La Terapia Manual en Fisioterapia es el tratamiento manual que facilita e impulsa el re-establecimiento de la salud y la funci\u00f3n corporal, tomando en cuenta la interrelaci\u00f3n entre estructura y funci\u00f3n.<\/p>\n<p>Se ha definido como el arte y la ciencia del tratamiento de las condiciones neuro-m\u00fasculo-esquel\u00e9ticas disfuncionales del ser humano, mediante manipulaciones musculares y articulares anal\u00edticas basadas en el estudio biomec\u00e1nico de las mismas, incluidas las de alta velocidad y corto rango de movimiento.<\/p>\n<\/div><div class=\"fusion-clearfix\"><\/div><\/div><\/div><div class=\"fusion-layout-column fusion_builder_column fusion-builder-column-2 fusion_builder_column_1_2 1_2 fusion-one-half fusion-column-last\" style=\"--awb-bg-size:cover;width:50%;width:calc(50% - ( ( 4% ) * 0.5 ) );\"><div class=\"fusion-column-wrapper fusion-flex-column-wrapper-legacy\"><div class=\"fusion-image-element in-legacy-container\" style=\"--awb-caption-title-font-family:var(--h2_typography-font-family);--awb-caption-title-font-weight:var(--h2_typography-font-weight);--awb-caption-title-font-style:var(--h2_typography-font-style);--awb-caption-title-size:var(--h2_typography-font-size);--awb-caption-title-transform:var(--h2_typography-text-transform);--awb-caption-title-line-height:var(--h2_typography-line-height);--awb-caption-title-letter-spacing:var(--h2_typography-letter-spacing);\"><span class=\" fusion-imageframe imageframe-none imageframe-1 hover-type-none\"><img decoding=\"async\" width=\"700\" height=\"465\" title=\"terapia-manual\" src=\"https:\/\/centrecasals.com\/wp-content\/uploads\/2018\/03\/terapia-manual.jpg\" alt class=\"img-responsive wp-image-1686\" srcset=\"https:\/\/centrecasals.com\/wp-content\/uploads\/2018\/03\/terapia-manual-200x133.jpg 200w, https:\/\/centrecasals.com\/wp-content\/uploads\/2018\/03\/terapia-manual-400x266.jpg 400w, https:\/\/centrecasals.com\/wp-content\/uploads\/2018\/03\/terapia-manual-600x399.jpg 600w, https:\/\/centrecasals.com\/wp-content\/uploads\/2018\/03\/terapia-manual.jpg 700w\" sizes=\"(max-width: 800px) 100vw, 700px\" \/><\/span><\/div><div class=\"fusion-clearfix\"><\/div><\/div><\/div><\/div><\/div>\n","protected":false},"excerpt":{"rendered":"","protected":false},"author":2,"featured_media":0,"parent":1170,"menu_order":0,"comment_status":"closed","ping_status":"closed","template":"100-width.php","meta":{"footnotes":""},"aioseo_notices":[],"jetpack_sharing_enabled":true,"_links":{"self":[{"href":"https:\/\/centrecasals.com\/es\/wp-json\/wp\/v2\/pages\/1180"}],"collection":[{"href":"https:\/\/centrecasals.com\/es\/wp-json\/wp\/v2\/pages"}],"about":[{"href":"https:\/\/centrecasals.com\/es\/wp-json\/wp\/v2\/types\/page"}],"author":[{"embeddable":true,"href":"https:\/\/centrecasals.com\/es\/wp-json\/wp\/v2\/users\/2"}],"replies":[{"embeddable":true,"href":"https:\/\/centrecasals.com\/es\/wp-json\/wp\/v2\/comments?post=1180"}],"version-history":[{"count":4,"href":"https:\/\/centrecasals.com\/es\/wp-json\/wp\/v2\/pages\/1180\/revisions"}],"predecessor-version":[{"id":1491,"href":"https:\/\/centrecasals.com\/es\/wp-json\/wp\/v2\/pages\/1180\/revisions\/1491"}],"up":[{"embeddable":true,"href":"https:\/\/centrecasals.com\/es\/wp-json\/wp\/v2\/pages\/1170"}],"wp:attachment":[{"href":"https:\/\/centrecasals.com\/es\/wp-json\/wp\/v2\/media?parent=1180"}],"curies":[{"name":"wp","href":"https:\/\/api.w.org\/{rel}","templated":true}]}}