{"id":1187,"date":"2018-07-02T11:11:17","date_gmt":"2018-07-02T11:11:17","guid":{"rendered":"http:\/\/www.lababala.com\/?page_id=1187"},"modified":"2018-07-08T14:23:18","modified_gmt":"2018-07-08T14:23:18","slug":"cinesiterapia","status":"publish","type":"page","link":"https:\/\/centrecasals.com\/es\/fisioterapia\/cinesiterapia\/","title":{"rendered":"Cinesiterapia"},"content":{"rendered":"<div class=\"fusion-fullwidth fullwidth-box fusion-builder-row-1 nonhundred-percent-fullwidth non-hundred-percent-height-scrolling\" style=\"--awb-border-radius-top-left:0px;--awb-border-radius-top-right:0px;--awb-border-radius-bottom-right:0px;--awb-border-radius-bottom-left:0px;--awb-margin-top:50px;--awb-margin-bottom:100px;--awb-flex-wrap:wrap;\" ><div class=\"fusion-builder-row fusion-row\"><div class=\"fusion-layout-column fusion_builder_column fusion-builder-column-0 fusion_builder_column_1_1 1_1 fusion-one-full fusion-column-first fusion-column-last\" style=\"--awb-bg-size:cover;\"><div class=\"fusion-column-wrapper fusion-flex-column-wrapper-legacy\"><div class=\"fusion-text fusion-text-1\"><h2 style=\"text-align: center;\">CINESITERAPIA<\/h2>\n<\/div><div class=\"fusion-sep-clear\"><\/div><div class=\"fusion-separator\" style=\"margin-left: auto;margin-right: auto;margin-bottom:50px;width:100%;max-width:200px;\"><div class=\"fusion-separator-border sep-single sep-solid\" style=\"--awb-height:20px;--awb-amount:20px;border-color:#e0dede;border-top-width:1px;\"><\/div><\/div><div class=\"fusion-sep-clear\"><\/div><div class=\"fusion-clearfix\"><\/div><\/div><\/div><div class=\"fusion-layout-column fusion_builder_column fusion-builder-column-1 fusion_builder_column_1_2 1_2 fusion-one-half fusion-column-first\" style=\"--awb-bg-size:cover;width:50%;width:calc(50% - ( ( 4% ) * 0.5 ) );margin-right: 4%;\"><div class=\"fusion-column-wrapper fusion-flex-column-wrapper-legacy\"><div class=\"fusion-text fusion-text-2\"><p>Podemos definir la <a href=\"https:\/\/centrecasals.com\/es\/component\/glossary\/Glossari-2\/C\/Cinesiterapia-63\/\">cinesiterapia<\/a> como el arte de curar mediante movimientos f\u00edsicos. Del griego kin\u00e9sis, movimiento, y therapia, tratamiento. Nombre bajo el cual se designan todas las formas de tratamiento que act\u00faan sobre el organismo imprimi\u00e9ndole movimientos pasivos o activos.<\/p>\n<p>La <a href=\"https:\/\/centrecasals.com\/es\/component\/glossary\/Glossari-2\/C\/Cinesiterapia-63\/\">kinesioterapia<\/a>, <a href=\"https:\/\/centrecasals.com\/es\/component\/glossary\/Glossari-2\/C\/Cinesiterapia-63\/\">kinesiterapia<\/a> o <a href=\"https:\/\/centrecasals.com\/es\/component\/glossary\/Glosario-1\/C\/Cinesiterapia-3\/\">cinesiterapia<\/a> (en algunos pa\u00edses) es el arte y la ciencia del tratamiento de enfermedades y lesiones mediante el movimiento. Est\u00e1 englobada en el \u00e1rea de conocimiento de la fisioterapia y debe ser realizada por un fisioterapeuta bajo prescripci\u00f3n m\u00e9dica.<\/p>\n<p>&nbsp;<\/p>\n<blockquote>\n<p><strong>Objetivos de la cinesiterapia:<\/strong><br \/>\nMantener una capacidad funcional normal. Perfeccionar la respuesta muscular. Recuperaci\u00f3n de movimientos. Tratar incapacidades Recuperar o mantener arcos de movimiento Evitar la rigidez articular Prevencion y tratamiento de enfermedades respiratorias<\/p>\n<\/blockquote>\n<\/div><div class=\"fusion-clearfix\"><\/div><\/div><\/div><div class=\"fusion-layout-column fusion_builder_column fusion-builder-column-2 fusion_builder_column_1_2 1_2 fusion-one-half fusion-column-last\" style=\"--awb-padding-top:0px;--awb-padding-bottom:0px;--awb-bg-size:cover;width:50%;width:calc(50% - ( ( 4% ) * 0.5 ) );\"><div class=\"fusion-column-wrapper fusion-flex-column-wrapper-legacy\"><div class=\"fusion-image-element in-legacy-container\" style=\"--awb-caption-title-font-family:var(--h2_typography-font-family);--awb-caption-title-font-weight:var(--h2_typography-font-weight);--awb-caption-title-font-style:var(--h2_typography-font-style);--awb-caption-title-size:var(--h2_typography-font-size);--awb-caption-title-transform:var(--h2_typography-text-transform);--awb-caption-title-line-height:var(--h2_typography-line-height);--awb-caption-title-letter-spacing:var(--h2_typography-letter-spacing);\"><span class=\" fusion-imageframe imageframe-none imageframe-1 hover-type-none\"><img decoding=\"async\" width=\"700\" height=\"467\" title=\"cinesiterapia\" src=\"https:\/\/centrecasals.com\/wp-content\/uploads\/2018\/03\/cinesiterapia.jpg\" alt class=\"img-responsive wp-image-1662\" srcset=\"https:\/\/centrecasals.com\/wp-content\/uploads\/2018\/03\/cinesiterapia-200x133.jpg 200w, https:\/\/centrecasals.com\/wp-content\/uploads\/2018\/03\/cinesiterapia-400x267.jpg 400w, https:\/\/centrecasals.com\/wp-content\/uploads\/2018\/03\/cinesiterapia-600x400.jpg 600w, https:\/\/centrecasals.com\/wp-content\/uploads\/2018\/03\/cinesiterapia.jpg 700w\" sizes=\"(max-width: 800px) 100vw, 700px\" \/><\/span><\/div><div class=\"fusion-clearfix\"><\/div><\/div><\/div><\/div><\/div>\n","protected":false},"excerpt":{"rendered":"","protected":false},"author":2,"featured_media":0,"parent":1170,"menu_order":0,"comment_status":"closed","ping_status":"closed","template":"100-width.php","meta":{"footnotes":""},"aioseo_notices":[],"jetpack_sharing_enabled":true,"_links":{"self":[{"href":"https:\/\/centrecasals.com\/es\/wp-json\/wp\/v2\/pages\/1187"}],"collection":[{"href":"https:\/\/centrecasals.com\/es\/wp-json\/wp\/v2\/pages"}],"about":[{"href":"https:\/\/centrecasals.com\/es\/wp-json\/wp\/v2\/types\/page"}],"author":[{"embeddable":true,"href":"https:\/\/centrecasals.com\/es\/wp-json\/wp\/v2\/users\/2"}],"replies":[{"embeddable":true,"href":"https:\/\/centrecasals.com\/es\/wp-json\/wp\/v2\/comments?post=1187"}],"version-history":[{"count":3,"href":"https:\/\/centrecasals.com\/es\/wp-json\/wp\/v2\/pages\/1187\/revisions"}],"predecessor-version":[{"id":1482,"href":"https:\/\/centrecasals.com\/es\/wp-json\/wp\/v2\/pages\/1187\/revisions\/1482"}],"up":[{"embeddable":true,"href":"https:\/\/centrecasals.com\/es\/wp-json\/wp\/v2\/pages\/1170"}],"wp:attachment":[{"href":"https:\/\/centrecasals.com\/es\/wp-json\/wp\/v2\/media?parent=1187"}],"curies":[{"name":"wp","href":"https:\/\/api.w.org\/{rel}","templated":true}]}}