{"id":1191,"date":"2018-07-02T11:20:04","date_gmt":"2018-07-02T11:20:04","guid":{"rendered":"http:\/\/www.lababala.com\/?page_id=1191"},"modified":"2018-07-19T15:36:52","modified_gmt":"2018-07-19T15:36:52","slug":"vendajes","status":"publish","type":"page","link":"https:\/\/centrecasals.com\/es\/fisioterapia\/vendajes\/","title":{"rendered":"Vendajes"},"content":{"rendered":"<div class=\"fusion-fullwidth fullwidth-box fusion-builder-row-1 nonhundred-percent-fullwidth non-hundred-percent-height-scrolling\" style=\"--awb-border-radius-top-left:0px;--awb-border-radius-top-right:0px;--awb-border-radius-bottom-right:0px;--awb-border-radius-bottom-left:0px;--awb-margin-top:50px;--awb-margin-bottom:100px;--awb-flex-wrap:wrap;\" ><div class=\"fusion-builder-row fusion-row\"><div class=\"fusion-layout-column fusion_builder_column fusion-builder-column-0 fusion_builder_column_1_1 1_1 fusion-one-full fusion-column-first fusion-column-last\" style=\"--awb-bg-size:cover;\"><div class=\"fusion-column-wrapper fusion-flex-column-wrapper-legacy\"><div class=\"fusion-text fusion-text-1\"><h2 style=\"text-align: center;\">VENDAJES<\/h2>\n<\/div><div class=\"fusion-sep-clear\"><\/div><div class=\"fusion-separator\" style=\"margin-left: auto;margin-right: auto;margin-bottom:50px;width:100%;max-width:200px;\"><div class=\"fusion-separator-border sep-single sep-solid\" style=\"--awb-height:20px;--awb-amount:20px;border-color:#e0dede;border-top-width:1px;\"><\/div><\/div><div class=\"fusion-sep-clear\"><\/div><div class=\"fusion-clearfix\"><\/div><\/div><\/div><div class=\"fusion-layout-column fusion_builder_column fusion-builder-column-1 fusion_builder_column_1_2 1_2 fusion-one-half fusion-column-first\" style=\"--awb-bg-size:cover;width:50%;width:calc(50% - ( ( 4% ) * 0.5 ) );margin-right: 4%;\"><div class=\"fusion-column-wrapper fusion-flex-column-wrapper-legacy\"><div class=\"fusion-text fusion-text-2\"><h3><strong>Vendajes funcionales <\/strong><\/h3>\n<\/div><div class=\"fusion-sep-clear\"><\/div><div class=\"fusion-separator fusion-full-width-sep\" style=\"margin-left: auto;margin-right: auto;margin-top:40px;width:100%;\"><\/div><div class=\"fusion-sep-clear\"><\/div><div class=\"fusion-image-element in-legacy-container\" style=\"--awb-caption-title-font-family:var(--h2_typography-font-family);--awb-caption-title-font-weight:var(--h2_typography-font-weight);--awb-caption-title-font-style:var(--h2_typography-font-style);--awb-caption-title-size:var(--h2_typography-font-size);--awb-caption-title-transform:var(--h2_typography-text-transform);--awb-caption-title-line-height:var(--h2_typography-line-height);--awb-caption-title-letter-spacing:var(--h2_typography-letter-spacing);\"><span class=\" fusion-imageframe imageframe-none imageframe-1 hover-type-none\"><img decoding=\"async\" width=\"699\" height=\"467\" title=\"embenat-funcional\" src=\"https:\/\/centrecasals.com\/wp-content\/uploads\/2018\/03\/embenat-funcional-1.jpg\" alt class=\"img-responsive wp-image-1605\" srcset=\"https:\/\/centrecasals.com\/wp-content\/uploads\/2018\/03\/embenat-funcional-1-200x134.jpg 200w, https:\/\/centrecasals.com\/wp-content\/uploads\/2018\/03\/embenat-funcional-1-400x267.jpg 400w, https:\/\/centrecasals.com\/wp-content\/uploads\/2018\/03\/embenat-funcional-1-600x401.jpg 600w, https:\/\/centrecasals.com\/wp-content\/uploads\/2018\/03\/embenat-funcional-1.jpg 699w\" sizes=\"(max-width: 800px) 100vw, 699px\" \/><\/span><\/div><div class=\"fusion-sep-clear\"><\/div><div class=\"fusion-separator fusion-full-width-sep\" style=\"margin-left: auto;margin-right: auto;margin-top:40px;width:100%;\"><\/div><div class=\"fusion-sep-clear\"><\/div><div class=\"fusion-text fusion-text-3\"><p>Se define el vendaje funcional como una ortesis, mayoritariamente adhesiva, cuyas funciones son:<\/p>\n<\/div><ul style=\"--awb-size:13px;--awb-line-height:22.1px;--awb-icon-width:22.1px;--awb-icon-height:22.1px;--awb-icon-margin:9.1px;--awb-content-margin:31.2px;\" class=\"fusion-checklist fusion-checklist-1 fusion-checklist-default type-icons\"><li class=\"fusion-li-item\" style=\"\"><span class=\"icon-wrapper circle-no\"><i class=\"fusion-li-icon fa fa-check\" aria-hidden=\"true\"><\/i><\/span><div class=\"fusion-li-item-content\">\n<p><span id=\"result_box\" class=\"\" lang=\"es\">Mantener los elementos lesionados en <span class=\"\">acortamiento<\/span><\/span><\/p>\n<\/div><\/li><li class=\"fusion-li-item\" style=\"\"><span class=\"icon-wrapper circle-no\"><i class=\"fusion-li-icon fa fa-check\" aria-hidden=\"true\"><\/i><\/span><div class=\"fusion-li-item-content\">\n<p><span id=\"result_box\" class=\"\" lang=\"es\">Favorecer la <span class=\"\">cicatrizaci\u00f3n<\/span> <span class=\"\">y evitar<\/span> <span class=\"\">atrofia<\/span><\/span><\/p>\n<\/div><\/li><li class=\"fusion-li-item\" style=\"\"><span class=\"icon-wrapper circle-no\"><i class=\"fusion-li-icon fa fa-check\" aria-hidden=\"true\"><\/i><\/span><div class=\"fusion-li-item-content\">\n<p>Evitar que pueda reproducirse de nuevo el mecanismo lesional<\/p>\n<\/div><\/li><li class=\"fusion-li-item\" style=\"\"><span class=\"icon-wrapper circle-no\"><i class=\"fusion-li-icon fa fa-check\" aria-hidden=\"true\"><\/i><\/span><div class=\"fusion-li-item-content\">\n<p>Reducir la posible aparici\u00f3n de edemas l\u00edquidos muy frecuente en este tipo delesiones<\/p>\n<\/div><\/li><li class=\"fusion-li-item\" style=\"\"><span class=\"icon-wrapper circle-no\"><i class=\"fusion-li-icon fa fa-check\" aria-hidden=\"true\"><\/i><\/span><div class=\"fusion-li-item-content\">\n<p>Dar forma del mu\u00f1\u00f3n y evitar posiciones articulares no deseadas trasamputaciones.<\/p>\n<\/div><\/li><\/ul><div class=\"fusion-sep-clear\"><\/div><div class=\"fusion-separator fusion-full-width-sep\" style=\"margin-left: auto;margin-right: auto;margin-top:20px;margin-bottom:20px;width:100%;\"><\/div><div class=\"fusion-sep-clear\"><\/div><div class=\"fusion-text fusion-text-4\"><p>Generalmente el vendaje funcional es terap\u00e9utico y evita la mayor\u00eda de los problemas derivados de la inmovilizaci\u00f3n en traumatolog\u00eda deportiva, pero tambi\u00e9n se benefician de estas t\u00e9cnicas la reeducaci\u00f3n en ortopedia y reumatolog\u00eda.<\/p>\n<\/div><div class=\"fusion-text fusion-text-5\"><p><strong>Existen varios tipos de vendajes funcionales:<\/strong><\/p>\n<ol>\n<li>Vendaje funcional terap\u00e9utico: Tras producirse la lesi\u00f3n.<\/li>\n<li>Vendaje funcional preventivo: Su objetivo es prevenir la lesi\u00f3n y se caracteriza por permitir mayor movilidad, ser realizado en construcci\u00f3n sim\u00e9trica, estar realizado por tiras adhesivas inextensibles y por quitarse tras la realizaci\u00f3n de la actividad que pueda producir la lesi\u00f3n.<\/li>\n<li>Vendaje funcional de reiniciaci\u00f3n de la actividad.<\/li>\n<\/ol>\n<blockquote>\n<p><strong>Indicaciones<\/strong><br \/>\nEn traumatolog\u00eda deportiva es donde este tipo de vendajes tienen mayor campo de acci\u00f3n, dado que eliminan los problemas que entra\u00f1a la inmovilizaci\u00f3n estricta, ya que sigue siendo posible el entrenamiento muscular con dichos vendajes. As\u00ed con car\u00e1cter preventive o de reinicio a la actividad encontramos vendajes para proteger los ligamentos laterales de la rodilla; para descargar la musculatura del hombro (dibujo inferior), o para tratar una tendin\u00edtis aqu\u00edlea.<\/p>\n<p>En el campo terap\u00e9utico est\u00e1 indicado :<\/p>\n<ul>\n<li>el vendaje funcional constituir\u00e1 un plano ligamentoso suplementario artificial.<\/li>\n<li>el vendaje consistir\u00e1 en un sistema de sustituci\u00f3n de la acci\u00f3n muscular permitiendo el movimiento antagonista m\u00ednimo<\/li>\n<li>Patolog\u00eda muscular: est\u00e1 indicado en distensiones, roturas de fibras\u00a0musculares y elongaciones (como por ejemplo la lumbalgia)<\/li>\n<\/ul>\n<\/blockquote>\n<\/div><div class=\"fusion-clearfix\"><\/div><\/div><\/div><div class=\"fusion-layout-column fusion_builder_column fusion-builder-column-2 fusion_builder_column_1_2 1_2 fusion-one-half fusion-column-last\" style=\"--awb-padding-top:0px;--awb-padding-bottom:0px;--awb-bg-size:cover;width:50%;width:calc(50% - ( ( 4% ) * 0.5 ) );\"><div class=\"fusion-column-wrapper fusion-flex-column-wrapper-legacy\"><div class=\"fusion-text fusion-text-6\"><h3><strong>Vendaje Neuromuscular o Kinesiotapping<\/strong><\/h3>\n<div><\/div>\n<\/div><div class=\"fusion-sep-clear\"><\/div><div class=\"fusion-separator fusion-full-width-sep\" style=\"margin-left: auto;margin-right: auto;margin-top:40px;width:100%;\"><\/div><div class=\"fusion-sep-clear\"><\/div><div class=\"fusion-image-element in-legacy-container\" style=\"--awb-caption-title-font-family:var(--h2_typography-font-family);--awb-caption-title-font-weight:var(--h2_typography-font-weight);--awb-caption-title-font-style:var(--h2_typography-font-style);--awb-caption-title-size:var(--h2_typography-font-size);--awb-caption-title-transform:var(--h2_typography-text-transform);--awb-caption-title-line-height:var(--h2_typography-line-height);--awb-caption-title-letter-spacing:var(--h2_typography-letter-spacing);\"><span class=\" fusion-imageframe imageframe-none imageframe-2 hover-type-none\"><img decoding=\"async\" width=\"700\" height=\"467\" title=\"embenatge_neuromuscular\" src=\"https:\/\/centrecasals.com\/wp-content\/uploads\/2018\/03\/embenatge_neuromuscular.jpg\" alt class=\"img-responsive wp-image-1604\" srcset=\"https:\/\/centrecasals.com\/wp-content\/uploads\/2018\/03\/embenatge_neuromuscular-200x133.jpg 200w, https:\/\/centrecasals.com\/wp-content\/uploads\/2018\/03\/embenatge_neuromuscular-400x267.jpg 400w, https:\/\/centrecasals.com\/wp-content\/uploads\/2018\/03\/embenatge_neuromuscular-600x400.jpg 600w, https:\/\/centrecasals.com\/wp-content\/uploads\/2018\/03\/embenatge_neuromuscular.jpg 700w\" sizes=\"(max-width: 800px) 100vw, 700px\" \/><\/span><\/div><div class=\"fusion-sep-clear\"><\/div><div class=\"fusion-separator fusion-full-width-sep\" style=\"margin-left: auto;margin-right: auto;margin-top:40px;width:100%;\"><\/div><div class=\"fusion-sep-clear\"><\/div><div class=\"fusion-text fusion-text-7\"><p>El vendaje Neuromuscular\u00a0o\u00a0Kinesiotapping\u00a0es un m\u00e9todo desarrollado por el japon\u00e9s\u00a0Kenzo\u00a0Case\u00a0en los inicios de los a\u00f1os setenta,\u00a0bas\u00e1ndose en el concepto de la importancia de mantener el movimiento adecuado en cada articulaci\u00f3n.<\/p>\n<p>Son las tiras adhesivas de colores que se adhieren al cuerpo con finalidad terap\u00e9utica. Cada vez vemos m\u00e1s deportistas con estos esparadrapos pegados en diferentes partes del cuerpo con el objetivo de curar, prevenir, aliviar o recuperar-se de alg\u00fan tipo de lesi\u00f3n.<\/p>\n<p>Kenzo desarroll\u00f3 un vendaje el\u00e1stico que pod\u00eda ayudar en la funci\u00f3n muscular, sin limitar los movimientos corporales, manteniendo la adecuada circulaci\u00f3n arterial, venosa, linf\u00e1tica y el adecuado input aferente mecano receptivo\u00a0y propioceptivo de la estructura lesionada, consiguiendo activar y favorecer el proceso de recuperaci\u00f3n.<\/p>\n<\/div><div class=\"fusion-clearfix\"><\/div><\/div><\/div><div class=\"fusion-layout-column fusion_builder_column fusion-builder-column-3 fusion_builder_column_1_1 1_1 fusion-one-full fusion-column-first fusion-column-last\" style=\"--awb-bg-size:cover;\"><div class=\"fusion-column-wrapper fusion-flex-column-wrapper-legacy\"><div class=\"fusion-clearfix\"><\/div><\/div><\/div><\/div><\/div>\n","protected":false},"excerpt":{"rendered":"","protected":false},"author":2,"featured_media":0,"parent":1170,"menu_order":0,"comment_status":"closed","ping_status":"closed","template":"100-width.php","meta":{"footnotes":""},"aioseo_notices":[],"jetpack_sharing_enabled":true,"_links":{"self":[{"href":"https:\/\/centrecasals.com\/es\/wp-json\/wp\/v2\/pages\/1191"}],"collection":[{"href":"https:\/\/centrecasals.com\/es\/wp-json\/wp\/v2\/pages"}],"about":[{"href":"https:\/\/centrecasals.com\/es\/wp-json\/wp\/v2\/types\/page"}],"author":[{"embeddable":true,"href":"https:\/\/centrecasals.com\/es\/wp-json\/wp\/v2\/users\/2"}],"replies":[{"embeddable":true,"href":"https:\/\/centrecasals.com\/es\/wp-json\/wp\/v2\/comments?post=1191"}],"version-history":[{"count":6,"href":"https:\/\/centrecasals.com\/es\/wp-json\/wp\/v2\/pages\/1191\/revisions"}],"predecessor-version":[{"id":1519,"href":"https:\/\/centrecasals.com\/es\/wp-json\/wp\/v2\/pages\/1191\/revisions\/1519"}],"up":[{"embeddable":true,"href":"https:\/\/centrecasals.com\/es\/wp-json\/wp\/v2\/pages\/1170"}],"wp:attachment":[{"href":"https:\/\/centrecasals.com\/es\/wp-json\/wp\/v2\/media?parent=1191"}],"curies":[{"name":"wp","href":"https:\/\/api.w.org\/{rel}","templated":true}]}}