{"id":1197,"date":"2018-07-02T11:25:41","date_gmt":"2018-07-02T11:25:41","guid":{"rendered":"http:\/\/www.lababala.com\/?page_id=1197"},"modified":"2018-07-09T09:32:41","modified_gmt":"2018-07-09T09:32:41","slug":"laserterapia","status":"publish","type":"page","link":"https:\/\/centrecasals.com\/es\/fisioterapia\/laserterapia\/","title":{"rendered":"Laserterapia"},"content":{"rendered":"<div class=\"fusion-fullwidth fullwidth-box fusion-builder-row-1 nonhundred-percent-fullwidth non-hundred-percent-height-scrolling\" style=\"--awb-border-radius-top-left:0px;--awb-border-radius-top-right:0px;--awb-border-radius-bottom-right:0px;--awb-border-radius-bottom-left:0px;--awb-margin-top:50px;--awb-margin-bottom:100px;--awb-flex-wrap:wrap;\" ><div class=\"fusion-builder-row fusion-row\"><div class=\"fusion-layout-column fusion_builder_column fusion-builder-column-0 fusion_builder_column_1_1 1_1 fusion-one-full fusion-column-first fusion-column-last\" style=\"--awb-bg-size:cover;\"><div class=\"fusion-column-wrapper fusion-flex-column-wrapper-legacy\"><div class=\"fusion-text fusion-text-1\"><h2 style=\"text-align: center;\">LASERTERAPIA<\/h2>\n<\/div><div class=\"fusion-sep-clear\"><\/div><div class=\"fusion-separator\" style=\"margin-left: auto;margin-right: auto;margin-bottom:50px;width:100%;max-width:200px;\"><div class=\"fusion-separator-border sep-single sep-solid\" style=\"--awb-height:20px;--awb-amount:20px;border-color:#e0dede;border-top-width:1px;\"><\/div><\/div><div class=\"fusion-sep-clear\"><\/div><div class=\"fusion-clearfix\"><\/div><\/div><\/div><div class=\"fusion-layout-column fusion_builder_column fusion-builder-column-1 fusion_builder_column_1_2 1_2 fusion-one-half fusion-column-first\" style=\"--awb-bg-size:cover;width:50%;width:calc(50% - ( ( 4% ) * 0.5 ) );margin-right: 4%;\"><div class=\"fusion-column-wrapper fusion-flex-column-wrapper-legacy\"><div class=\"fusion-text fusion-text-2\"><p>La palabra LASER deriva de su acr\u00f3nico ingles <em>Light Amplification by Stimulated Emisi\u00f3n of Radiation<\/em>; es decir amplificaci\u00f3n de luz por emisi\u00f3n estimulada de radiaci\u00f3n.<\/p>\n<p>&nbsp;<\/p>\n<p><strong>Mecanismos de acci\u00f3n<\/strong><\/p>\n<p>Los l\u00e1seres de baja y media potencia (que son los utilizados en fisioterapia) act\u00faan como reguladores y normalizadotes de la funci\u00f3n celular, desencadenando el dispositivo que la pone en funcionamiento. Es investigaci\u00f3n animal se ha demostrado como la irradiaci\u00f3n con l\u00e1ser sobre tejidos normales no produc\u00eda cambios celulares significativos.; en cambio s\u00ed se detectaban cuando se hab\u00edan provocado previamente alteraciones celulares: inflamaciones, neuralgias, etc.<\/p>\n<p>El l\u00e1ser emite fotones que producen reacciones fotot\u00e9rmicas y fotoqu\u00edmicas como sucede con la luz normal, pero debido a su monocromaticidad, coherencia y elevada intensidad, la absorci\u00f3n de energ\u00eda por parte del organismo es mayor, aumentando de esa manera sus efectos biol\u00f3gicos.<\/p>\n<p>Los efectos f\u00edsicos del laser son el calor, la deshidrataci\u00f3n, la coagulaci\u00f3n de proteinas, termolisis, evaporaci\u00f3n y efecto mec\u00e1nico por ondas de choque.<\/p>\n<\/div><div class=\"fusion-clearfix\"><\/div><\/div><\/div><div class=\"fusion-layout-column fusion_builder_column fusion-builder-column-2 fusion_builder_column_1_2 1_2 fusion-one-half fusion-column-last\" style=\"--awb-padding-top:0px;--awb-padding-bottom:0px;--awb-bg-size:cover;width:50%;width:calc(50% - ( ( 4% ) * 0.5 ) );\"><div class=\"fusion-column-wrapper fusion-flex-column-wrapper-legacy\"><div class=\"fusion-image-element in-legacy-container\" style=\"--awb-caption-title-font-family:var(--h2_typography-font-family);--awb-caption-title-font-weight:var(--h2_typography-font-weight);--awb-caption-title-font-style:var(--h2_typography-font-style);--awb-caption-title-size:var(--h2_typography-font-size);--awb-caption-title-transform:var(--h2_typography-text-transform);--awb-caption-title-line-height:var(--h2_typography-line-height);--awb-caption-title-letter-spacing:var(--h2_typography-letter-spacing);\"><span class=\" fusion-imageframe imageframe-none imageframe-1 hover-type-none\"><img decoding=\"async\" width=\"700\" height=\"466\" title=\"laserterapia\" src=\"https:\/\/centrecasals.com\/wp-content\/uploads\/2018\/03\/laserterapia.jpg\" alt class=\"img-responsive wp-image-1663\" srcset=\"https:\/\/centrecasals.com\/wp-content\/uploads\/2018\/03\/laserterapia-200x133.jpg 200w, https:\/\/centrecasals.com\/wp-content\/uploads\/2018\/03\/laserterapia-400x266.jpg 400w, https:\/\/centrecasals.com\/wp-content\/uploads\/2018\/03\/laserterapia-600x399.jpg 600w, https:\/\/centrecasals.com\/wp-content\/uploads\/2018\/03\/laserterapia.jpg 700w\" sizes=\"(max-width: 800px) 100vw, 700px\" \/><\/span><\/div><div class=\"fusion-clearfix\"><\/div><\/div><\/div><div class=\"fusion-layout-column fusion_builder_column fusion-builder-column-3 fusion_builder_column_1_1 1_1 fusion-one-full fusion-column-first fusion-column-last\" style=\"--awb-bg-size:cover;\"><div class=\"fusion-column-wrapper fusion-flex-column-wrapper-legacy\"><div class=\"fusion-text fusion-text-3\"><p><strong>Efectos terap\u00e9uticos<\/strong><\/p>\n<p><strong>\u00a0<\/strong><\/p>\n<\/div><ul style=\"--awb-size:13px;--awb-line-height:22.1px;--awb-icon-width:22.1px;--awb-icon-height:22.1px;--awb-icon-margin:9.1px;--awb-content-margin:31.2px;\" class=\"fusion-checklist fusion-checklist-1 fusion-checklist-default type-icons\"><li class=\"fusion-li-item\" style=\"\"><span class=\"icon-wrapper circle-no\"><i class=\"fusion-li-icon fa fa-check\" aria-hidden=\"true\"><\/i><\/span><div class=\"fusion-li-item-content\">\n<p><strong>Antiinflamatorio:<\/strong> Normalizador de los par\u00e1metros bioqu\u00edmicos y hematol\u00f3gicos (aumento de la s\u00edntesis de ATP, acci\u00f3n sobre la microcirculaci\u00f3n y sobre las histaminas).<\/p>\n<\/div><\/li><li class=\"fusion-li-item\" style=\"\"><span class=\"icon-wrapper circle-no\"><i class=\"fusion-li-icon fa fa-check\" aria-hidden=\"true\"><\/i><\/span><div class=\"fusion-li-item-content\">\n<p><strong>Analgesia:<\/strong> Por bloqueo nervisos ya que normaliza el potencial de la membrana celular<\/p>\n<\/div><\/li><li class=\"fusion-li-item\" style=\"\"><span class=\"icon-wrapper circle-no\"><i class=\"fusion-li-icon fa fa-check\" aria-hidden=\"true\"><\/i><\/span><div class=\"fusion-li-item-content\">\n<p><strong>Bioestimulante y tr\u00f3fico:<\/strong> Aumento en la producci\u00f3n de diferentes de proteinas, y activaci\u00f3n de los procesos de reparaci\u00f3n celulares, neoformaci\u00f3n de vasos sangu\u00edneos y regeneraci\u00f3n de las fibras nerviosas (crecimiento axonal)<\/p>\n<\/div><\/li><\/ul><div class=\"fusion-sep-clear\"><\/div><div class=\"fusion-separator fusion-full-width-sep\" style=\"margin-left: auto;margin-right: auto;margin-top:20px;margin-bottom:20px;width:100%;\"><\/div><div class=\"fusion-sep-clear\"><\/div><div class=\"fusion-text fusion-text-4\"><p>Como t\u00e9cnicas de aplicaci\u00f3n encontramos dos principalmente:<\/p>\n<\/div><ul style=\"--awb-size:13px;--awb-line-height:22.1px;--awb-icon-width:22.1px;--awb-icon-height:22.1px;--awb-icon-margin:9.1px;--awb-content-margin:31.2px;\" class=\"fusion-checklist fusion-checklist-2 fusion-checklist-default type-icons\"><li class=\"fusion-li-item\" style=\"\"><span class=\"icon-wrapper circle-no\"><i class=\"fusion-li-icon awb-icon-check\" aria-hidden=\"true\"><\/i><\/span><div class=\"fusion-li-item-content\">\n<p><strong>Laserpuntura:<\/strong> Se trata de la aplicaci\u00f3n del l\u00e1ser como sustitutivo de la aguja de acupuntura. El tratamiento se realiza siguiendo los mismos principios de la acupuntura de la medicina tradicional china, con las ventajas a\u00f1adidas de mayor rapidez en la aplicaci\u00f3n y evitamos el contacto f\u00edsico.<\/p>\n<\/div><\/li><li class=\"fusion-li-item\" style=\"\"><span class=\"icon-wrapper circle-no\"><i class=\"fusion-li-icon awb-icon-check\" aria-hidden=\"true\"><\/i><\/span><div class=\"fusion-li-item-content\">\n<p><strong>Laserterapia:<\/strong> aplicaci\u00f3n del l\u00e1ser como fuente de transmisi\u00f3n de energ\u00eda al organismo. En este \u00faltimo caso, atendiendo la zona a tratar tenemos otros dos tipos de aplicaciones diferentes<\/p>\n<ul class=\"arrowlist\">\n<li>Local o de superficies peque\u00f1as, se puede tratar desde un punto o una peque\u00f1a zona hasta varios puntos siguiendo los esquemas de la patolog\u00eda a tratar. Se realizan tratamientos en 10-15 sesiones alternas o no, en las que se irradia cada uno de los puntos entre 1 y 10 minutos. Conocer si el aparato permite la posibilidad de realizar emisiones pulsadas. Como norma general, frecuencias bajas para tratamientos superficiales y altas para tratamientos profundos.<\/li>\n<li>General o de grandes superficies: se delimitan zonas que se tratan por separado o, lo que es m\u00e1s habitual, se utilizan l\u00e1seres con posibilidad de barrido.<\/li>\n<\/ul>\n<\/div><\/li><\/ul><div class=\"fusion-sep-clear\"><\/div><div class=\"fusion-separator fusion-full-width-sep\" style=\"margin-left: auto;margin-right: auto;margin-top:20px;margin-bottom:20px;width:100%;\"><\/div><div class=\"fusion-sep-clear\"><\/div><div class=\"fusion-text fusion-text-5\"><div>\n<p>Una aplicaci\u00f3n \u201ctradicional\u201d del l\u00e1ser es la cicatrizaci\u00f3n de \u00falceras por presi\u00f3n, en este tipo de heridas extensas se irradian los bordes de la misma, siguiendo todo el contorno de la misma; esto es m\u00e1s eficaz que un barrido general de la \u00falcera, ya que la \u201ccuraci\u00f3n\u201d se va a producir siempre desde el borde externo sano, hacia la profundidad de la herida.<\/p>\n<\/div>\n<p>&nbsp;<\/p>\n<blockquote>\n<p><strong>Indicaciones<\/strong><\/p>\n<p>Est\u00e1 indicado la laserterapia en lesiones abiertas (incisiones, quemaduras),\u00falceras por presi\u00f3n, \u00falceras diab\u00e9ticas, artritis y artrosis, s\u00edndrome miofascial y en algunos dolores cr\u00f3nicos y agudos.<\/p>\n<\/blockquote>\n<\/div><div class=\"fusion-clearfix\"><\/div><\/div><\/div><\/div><\/div>\n","protected":false},"excerpt":{"rendered":"","protected":false},"author":2,"featured_media":0,"parent":1170,"menu_order":0,"comment_status":"closed","ping_status":"closed","template":"100-width.php","meta":{"footnotes":""},"aioseo_notices":[],"jetpack_sharing_enabled":true,"_links":{"self":[{"href":"https:\/\/centrecasals.com\/es\/wp-json\/wp\/v2\/pages\/1197"}],"collection":[{"href":"https:\/\/centrecasals.com\/es\/wp-json\/wp\/v2\/pages"}],"about":[{"href":"https:\/\/centrecasals.com\/es\/wp-json\/wp\/v2\/types\/page"}],"author":[{"embeddable":true,"href":"https:\/\/centrecasals.com\/es\/wp-json\/wp\/v2\/users\/2"}],"replies":[{"embeddable":true,"href":"https:\/\/centrecasals.com\/es\/wp-json\/wp\/v2\/comments?post=1197"}],"version-history":[{"count":3,"href":"https:\/\/centrecasals.com\/es\/wp-json\/wp\/v2\/pages\/1197\/revisions"}],"predecessor-version":[{"id":1486,"href":"https:\/\/centrecasals.com\/es\/wp-json\/wp\/v2\/pages\/1197\/revisions\/1486"}],"up":[{"embeddable":true,"href":"https:\/\/centrecasals.com\/es\/wp-json\/wp\/v2\/pages\/1170"}],"wp:attachment":[{"href":"https:\/\/centrecasals.com\/es\/wp-json\/wp\/v2\/media?parent=1197"}],"curies":[{"name":"wp","href":"https:\/\/api.w.org\/{rel}","templated":true}]}}