{"id":1201,"date":"2018-07-02T11:33:04","date_gmt":"2018-07-02T11:33:04","guid":{"rendered":"http:\/\/www.lababala.com\/?page_id=1201"},"modified":"2018-07-09T09:33:09","modified_gmt":"2018-07-09T09:33:09","slug":"magnetoterapia","status":"publish","type":"page","link":"https:\/\/centrecasals.com\/es\/fisioterapia\/magnetoterapia\/","title":{"rendered":"Magnetoterapia"},"content":{"rendered":"<div class=\"fusion-fullwidth fullwidth-box fusion-builder-row-1 nonhundred-percent-fullwidth non-hundred-percent-height-scrolling\" style=\"--awb-border-radius-top-left:0px;--awb-border-radius-top-right:0px;--awb-border-radius-bottom-right:0px;--awb-border-radius-bottom-left:0px;--awb-margin-top:50px;--awb-margin-bottom:100px;--awb-flex-wrap:wrap;\" ><div class=\"fusion-builder-row fusion-row\"><div class=\"fusion-layout-column fusion_builder_column fusion-builder-column-0 fusion_builder_column_1_1 1_1 fusion-one-full fusion-column-first fusion-column-last\" style=\"--awb-bg-size:cover;\"><div class=\"fusion-column-wrapper fusion-flex-column-wrapper-legacy\"><div class=\"fusion-text fusion-text-1\"><h2 style=\"text-align: center;\">MAGNETOTERAPIA<\/h2>\n<\/div><div class=\"fusion-sep-clear\"><\/div><div class=\"fusion-separator\" style=\"margin-left: auto;margin-right: auto;margin-bottom:50px;width:100%;max-width:200px;\"><div class=\"fusion-separator-border sep-single sep-solid\" style=\"--awb-height:20px;--awb-amount:20px;border-color:#e0dede;border-top-width:1px;\"><\/div><\/div><div class=\"fusion-sep-clear\"><\/div><div class=\"fusion-clearfix\"><\/div><\/div><\/div><div class=\"fusion-layout-column fusion_builder_column fusion-builder-column-1 fusion_builder_column_1_2 1_2 fusion-one-half fusion-column-first\" style=\"--awb-bg-size:cover;width:50%;width:calc(50% - ( ( 4% ) * 0.5 ) );margin-right: 4%;\"><div class=\"fusion-column-wrapper fusion-flex-column-wrapper-legacy\"><div class=\"fusion-text fusion-text-2\"><p class=\"itemTitle\">Es la t\u00e9cnica terap\u00e9utica que consiste en aplicar campos magn\u00e9ticos artificiales en aquellas zonas del cuerpo que tienen una disfunci\u00f3n, controlando la frecuencia o intensidad de estos.<\/p>\n<\/div><ul style=\"--awb-size:13px;--awb-line-height:22.1px;--awb-icon-width:22.1px;--awb-icon-height:22.1px;--awb-icon-margin:9.1px;--awb-content-margin:31.2px;\" class=\"fusion-checklist fusion-checklist-1 fusion-checklist-default type-icons\"><li class=\"fusion-li-item\" style=\"\"><span class=\"icon-wrapper circle-no\"><i class=\"fusion-li-icon fa fa-check\" aria-hidden=\"true\"><\/i><\/span><div class=\"fusion-li-item-content\">\n<p>A nivel celular: produce una disminuci\u00f3n del edema y la inflamaci\u00f3n y, acelera el proceso de recuperaci\u00f3n de tejidos como el tendinoso o el \u00f3seo.<\/p>\n<\/div><\/li><li class=\"fusion-li-item\" style=\"\"><span class=\"icon-wrapper circle-no\"><i class=\"fusion-li-icon fa fa-check\" aria-hidden=\"true\"><\/i><\/span><div class=\"fusion-li-item-content\">\n<p>A nivel muscular: a la musculatura lisa provoca un efecto antiespasm\u00f3dico y a la musculatura estriada un efecto descontracturante y relajante. Por lo tanto, una relajaci\u00f3n general de la musculatura.<\/p>\n<\/div><\/li><li class=\"fusion-li-item\" style=\"\"><span class=\"icon-wrapper circle-no\"><i class=\"fusion-li-icon fa fa-check\" aria-hidden=\"true\"><\/i><\/span><div class=\"fusion-li-item-content\">\n<p>A nivel del sistema nervioso central: produce una regulaci\u00f3n endocrina, activa el sistema inmunitario (esto hace que aumente la resistencia a procesos infecciosos) y, provoca un efecto de relajaci\u00f3n y sedaci\u00f3n general (as\u00ed normaliza los procesos de <a href=\"https:\/\/centrecasals.com\/es\/component\/glossary\/Glosario-1\/E\/Estr%C3%A9s-21\/\">estr\u00e9s<\/a>, <a href=\"https:\/\/centrecasals.com\/es\/component\/glossary\/Glosario-1\/I\/Insomnio-25\/\">insomnio<\/a>&#8230;).<\/p>\n<\/div><\/li><li class=\"fusion-li-item\" style=\"\"><span class=\"icon-wrapper circle-no\"><i class=\"fusion-li-icon fa fa-check\" aria-hidden=\"true\"><\/i><\/span><div class=\"fusion-li-item-content\">\n<p>A nivel del sistema circulatorio: se produce una vasodilataci\u00f3n (por el efecto antiespasm\u00f3dico de la musculatura lisa), una reducci\u00f3n de la viscosidad de la sangre que trae a un efecto hipotensor (antitromb\u00f2tico).<\/p>\n<\/div><\/li><li class=\"fusion-li-item\" style=\"\"><span class=\"icon-wrapper circle-no\"><i class=\"fusion-li-icon fa fa-check\" aria-hidden=\"true\"><\/i><\/span><div class=\"fusion-li-item-content\">\n<p>Activa la circulaci\u00f3n linf\u00e1tica y aumenta la presi\u00f3n parcial de ox\u00edgeno hasta un 1000%, esto condiciona un efecto tr\u00f3fico en \u00f3rganos con escasa vascularizaci\u00f3n.<\/p>\n<\/div><\/li><li class=\"fusion-li-item\" style=\"\"><span class=\"icon-wrapper circle-no\"><i class=\"fusion-li-icon fa fa-check\" aria-hidden=\"true\"><\/i><\/span><div class=\"fusion-li-item-content\">\n<p>Estimula el metabolismo del Calcio y la fijaci\u00f3n de este, de gran inter\u00e9s en procesos de osteoporosis. Sobre el col\u00e1geno y tejido \u00f3seo, se estimula su producci\u00f3n en procesos de cicatrizaci\u00f3n y envejecimiento de la piel; estimulaci\u00f3n r\u00e1pida en la formaci\u00f3n del callo \u00f3seo, por lo tanto de gran inter\u00e9s en el tratamiento de las fracturas.<\/p>\n<\/div><\/li><\/ul><div class=\"fusion-clearfix\"><\/div><\/div><\/div><div class=\"fusion-layout-column fusion_builder_column fusion-builder-column-2 fusion_builder_column_1_2 1_2 fusion-one-half fusion-column-last\" style=\"--awb-bg-size:cover;width:50%;width:calc(50% - ( ( 4% ) * 0.5 ) );\"><div class=\"fusion-column-wrapper fusion-flex-column-wrapper-legacy\"><div class=\"fusion-image-element in-legacy-container\" style=\"--awb-caption-title-font-family:var(--h2_typography-font-family);--awb-caption-title-font-weight:var(--h2_typography-font-weight);--awb-caption-title-font-style:var(--h2_typography-font-style);--awb-caption-title-size:var(--h2_typography-font-size);--awb-caption-title-transform:var(--h2_typography-text-transform);--awb-caption-title-line-height:var(--h2_typography-line-height);--awb-caption-title-letter-spacing:var(--h2_typography-letter-spacing);\"><span class=\" fusion-imageframe imageframe-none imageframe-1 hover-type-none\"><img decoding=\"async\" width=\"700\" height=\"421\" title=\"magnetoterapia\" src=\"https:\/\/centrecasals.com\/wp-content\/uploads\/2018\/03\/magnetoterapia.jpg\" alt class=\"img-responsive wp-image-1664\" srcset=\"https:\/\/centrecasals.com\/wp-content\/uploads\/2018\/03\/magnetoterapia-200x120.jpg 200w, https:\/\/centrecasals.com\/wp-content\/uploads\/2018\/03\/magnetoterapia-400x241.jpg 400w, https:\/\/centrecasals.com\/wp-content\/uploads\/2018\/03\/magnetoterapia-600x361.jpg 600w, https:\/\/centrecasals.com\/wp-content\/uploads\/2018\/03\/magnetoterapia.jpg 700w\" sizes=\"(max-width: 800px) 100vw, 700px\" \/><\/span><\/div><div class=\"fusion-clearfix\"><\/div><\/div><\/div><div class=\"fusion-layout-column fusion_builder_column fusion-builder-column-3 fusion_builder_column_1_1 1_1 fusion-one-full fusion-column-first fusion-column-last\" style=\"--awb-bg-size:cover;\"><div class=\"fusion-column-wrapper fusion-flex-column-wrapper-legacy\"><div class=\"fusion-text fusion-text-3\"><p><strong>Indicaciones de la <\/strong><strong>magnetoterapia<\/strong><strong>:<\/strong><\/p>\n<p>El a\u00f1o 1958 el investigador Koichi Nakagawa descubri\u00f3 el s\u00edndrome de carencia del campo magn\u00e9tico terrstre: rigidez de hombros, espalda y cuello, dolores anteriores del t\u00f3rax, dolores de cabeza, pesadez de ninguno, insomnio, y cansancio general. Demostr\u00f3 que el campo de actuaci\u00f3n de las corrientes magn\u00e9ticas es muy amplio:<\/p>\n<\/div><ul style=\"--awb-size:13px;--awb-line-height:22.1px;--awb-icon-width:22.1px;--awb-icon-height:22.1px;--awb-icon-margin:9.1px;--awb-content-margin:31.2px;\" class=\"fusion-checklist fusion-checklist-2 fusion-checklist-default type-icons\"><li class=\"fusion-li-item\" style=\"\"><span class=\"icon-wrapper circle-no\"><i class=\"fusion-li-icon fa fa-check\" aria-hidden=\"true\"><\/i><\/span><div class=\"fusion-li-item-content\">\n<p><strong>Traumatolog\u00eda y ortopedia:<\/strong> osteoporosis, miositis y tenomiositis, s\u00edndromes discales, ciatalgios, <a href=\"https:\/\/centrecasals.com\/es\/component\/glossary\/Glossari-2\/A\/artrosis-57\/\">artrosis<\/a>, afecciones de la columna vertebral, fracturas (se acelera el proceso de consolidaci\u00f3n hasta el 40% del tiempo normal de cicatrizaci\u00f3n), retrasos de consolidaci\u00f3n y pseudoartrosi.<\/p>\n<\/div><\/li><li class=\"fusion-li-item\" style=\"\"><span class=\"icon-wrapper circle-no\"><i class=\"fusion-li-icon fa fa-check\" aria-hidden=\"true\"><\/i><\/span><div class=\"fusion-li-item-content\">\n<p><strong>Medicina deportiva:<\/strong> contusiones, tendinitis, luxaciones, contracturas musculares,.<\/p>\n<\/div><\/li><li class=\"fusion-li-item\" style=\"\"><span class=\"icon-wrapper circle-no\"><i class=\"fusion-li-icon fa fa-check\" aria-hidden=\"true\"><\/i><\/span><div class=\"fusion-li-item-content\">\n<p><strong>Neurolog\u00eda:<\/strong> neuralgias, migra\u00f1as, lumbociatalgia y cervicobraquialgia.<\/p>\n<\/div><\/li><li class=\"fusion-li-item\" style=\"\"><span class=\"icon-wrapper circle-no\"><i class=\"fusion-li-icon fa fa-check\" aria-hidden=\"true\"><\/i><\/span><div class=\"fusion-li-item-content\">\n<p><strong>Otorrinolaringolog\u00eda:<\/strong> sinusitis, s\u00edndromes vertiginosos.<\/p>\n<\/div><\/li><li class=\"fusion-li-item\" style=\"\"><span class=\"icon-wrapper circle-no\"><i class=\"fusion-li-icon fa fa-check\" aria-hidden=\"true\"><\/i><\/span><div class=\"fusion-li-item-content\">\n<p><strong>Cirug\u00eda:<\/strong> acelera los procesos de cicatrizaci\u00f3n de heridas.<\/p>\n<\/div><\/li><li class=\"fusion-li-item\" style=\"\"><span class=\"icon-wrapper circle-no\"><i class=\"fusion-li-icon fa fa-check\" aria-hidden=\"true\"><\/i><\/span><div class=\"fusion-li-item-content\">\n<p><strong>Dermatolog\u00eda y patolog\u00eda vascular:<\/strong> enfermedades cut\u00e1neas como el acn\u00e9 o la psoriasis, \u00falceras varizosas, quemaduras.<\/p>\n<p><strong>\u00a0<\/strong><\/p>\n<\/div><\/li><li class=\"fusion-li-item\" style=\"\"><span class=\"icon-wrapper circle-no\"><i class=\"fusion-li-icon fa fa-check\" aria-hidden=\"true\"><\/i><\/span><div class=\"fusion-li-item-content\">\n<p><strong>Medicina interna:<\/strong> bronquitis, asma bronquial; gastritis, \u00falcera g\u00e1strica; pr\u00f3stata.<\/p>\n<\/div><\/li><li class=\"fusion-li-item\" style=\"\"><span class=\"icon-wrapper circle-no\"><i class=\"fusion-li-icon fa fa-check\" aria-hidden=\"true\"><\/i><\/span><div class=\"fusion-li-item-content\">\n<p><strong>Psiquiatr\u00eda:<\/strong> depresi\u00f3n, la aplicaci\u00f3n de magnetoterapia a la parte frontal izquierda del cerebro, lo estimula para su mejor funcionamiento, poco activa en personas deprimidas.<\/p>\n<\/div><\/li><\/ul><div class=\"fusion-sep-clear\"><\/div><div class=\"fusion-separator fusion-full-width-sep\" style=\"margin-left: auto;margin-right: auto;margin-top:20px;margin-bottom:20px;width:100%;\"><\/div><div class=\"fusion-sep-clear\"><\/div><div class=\"fusion-text fusion-text-4\"><blockquote>\n<p><strong>Indicaciones:<\/strong><br \/>\nlumbago y cervic\u00e0lgia, cefalea de tensi\u00f3n, picores de diversa etiolog\u00eda, dolor neuropatico, miembro fantasma y mu\u00f1on doloroso, puntos gatillo, tendinitis aguda, varios tipos de dolor cr\u00f3nico no maligno o musculo esquel\u00e9tico.<\/p>\n<\/blockquote>\n<\/div><div class=\"fusion-clearfix\"><\/div><\/div><\/div><\/div><\/div>\n","protected":false},"excerpt":{"rendered":"","protected":false},"author":2,"featured_media":0,"parent":1170,"menu_order":0,"comment_status":"closed","ping_status":"closed","template":"100-width.php","meta":{"footnotes":""},"aioseo_notices":[],"jetpack_sharing_enabled":true,"_links":{"self":[{"href":"https:\/\/centrecasals.com\/es\/wp-json\/wp\/v2\/pages\/1201"}],"collection":[{"href":"https:\/\/centrecasals.com\/es\/wp-json\/wp\/v2\/pages"}],"about":[{"href":"https:\/\/centrecasals.com\/es\/wp-json\/wp\/v2\/types\/page"}],"author":[{"embeddable":true,"href":"https:\/\/centrecasals.com\/es\/wp-json\/wp\/v2\/users\/2"}],"replies":[{"embeddable":true,"href":"https:\/\/centrecasals.com\/es\/wp-json\/wp\/v2\/comments?post=1201"}],"version-history":[{"count":7,"href":"https:\/\/centrecasals.com\/es\/wp-json\/wp\/v2\/pages\/1201\/revisions"}],"predecessor-version":[{"id":1487,"href":"https:\/\/centrecasals.com\/es\/wp-json\/wp\/v2\/pages\/1201\/revisions\/1487"}],"up":[{"embeddable":true,"href":"https:\/\/centrecasals.com\/es\/wp-json\/wp\/v2\/pages\/1170"}],"wp:attachment":[{"href":"https:\/\/centrecasals.com\/es\/wp-json\/wp\/v2\/media?parent=1201"}],"curies":[{"name":"wp","href":"https:\/\/api.w.org\/{rel}","templated":true}]}}