{"id":1208,"date":"2018-07-02T13:37:41","date_gmt":"2018-07-02T13:37:41","guid":{"rendered":"http:\/\/www.lababala.com\/?page_id=1208"},"modified":"2018-07-09T09:30:23","modified_gmt":"2018-07-09T09:30:23","slug":"infrarrojos","status":"publish","type":"page","link":"https:\/\/centrecasals.com\/es\/fisioterapia\/infrarrojos\/","title":{"rendered":"Infrarrojos"},"content":{"rendered":"<div class=\"fusion-fullwidth fullwidth-box fusion-builder-row-1 nonhundred-percent-fullwidth non-hundred-percent-height-scrolling\" style=\"--awb-border-radius-top-left:0px;--awb-border-radius-top-right:0px;--awb-border-radius-bottom-right:0px;--awb-border-radius-bottom-left:0px;--awb-margin-top:50px;--awb-margin-bottom:100px;--awb-flex-wrap:wrap;\" ><div class=\"fusion-builder-row fusion-row\"><div class=\"fusion-layout-column fusion_builder_column fusion-builder-column-0 fusion_builder_column_1_1 1_1 fusion-one-full fusion-column-first fusion-column-last\" style=\"--awb-bg-size:cover;\"><div class=\"fusion-column-wrapper fusion-flex-column-wrapper-legacy\"><div class=\"fusion-text fusion-text-1\"><h2 class=\"itemTitle\" style=\"text-align: center;\">INFRARROJOS<\/h2>\n<\/div><div class=\"fusion-sep-clear\"><\/div><div class=\"fusion-separator\" style=\"margin-left: auto;margin-right: auto;margin-bottom:50px;width:100%;max-width:200px;\"><div class=\"fusion-separator-border sep-single sep-solid\" style=\"--awb-height:20px;--awb-amount:20px;border-color:#e0dede;border-top-width:1px;\"><\/div><\/div><div class=\"fusion-sep-clear\"><\/div><div class=\"fusion-clearfix\"><\/div><\/div><\/div><div class=\"fusion-layout-column fusion_builder_column fusion-builder-column-1 fusion_builder_column_1_2 1_2 fusion-one-half fusion-column-first\" style=\"--awb-bg-size:cover;width:50%;width:calc(50% - ( ( 4% ) * 0.5 ) );margin-right: 4%;\"><div class=\"fusion-column-wrapper fusion-flex-column-wrapper-legacy\"><div class=\"fusion-text fusion-text-2\"><p>La radiaci\u00f3n infrarroja es un agente de calentamiento superficial englobado para unos dentro de la fototerapia (junto con la radiaci\u00f3n ultravioleta) y para otros junto a la diatermia.<\/p>\n<p>&nbsp;<\/p>\n<p>Es una radiaci\u00f3n electromagn\u00e9tica por lo que no necesita de un medio f\u00edsico para su transmisi\u00f3n, y sus longitudes de onda son mayores que las radiaciones del espectro visible, suelen estar comprendidas entre 7000 y 120.000 amstrong.<\/p>\n<p>Su producci\u00f3n puede ser natural (radiaci\u00f3n solar) o artificial: todo cuerpo al ser calentado ya se convierte en un emisor de infrarrojos.<\/p>\n<\/div><div class=\"fusion-text fusion-text-3\"><div>\n<p><strong>Efectos terap\u00e9uticos<\/strong><\/p>\n<\/div>\n<div><\/div>\n<div><\/div>\n<div><\/div>\n<\/div><div class=\"fusion-sep-clear\"><\/div><div class=\"fusion-separator fusion-full-width-sep\" style=\"margin-left: auto;margin-right: auto;margin-top:10px;margin-bottom:10px;width:100%;\"><\/div><div class=\"fusion-sep-clear\"><\/div><div class=\"fusion-text fusion-text-4\"><div>\n<p>Como se trata de un agente de calentamiento superficial, su penetraci\u00f3n es muy baja: entre 3 mil\u00edmetros y 1 cent\u00edmetro, por ello su acci\u00f3n fisiol\u00f3gica sera sobre la piel y sobre los tejidos superficiales gracias a su efecto termoter\u00e1pico:<\/p>\n<\/div>\n<\/div><ul style=\"--awb-size:13px;--awb-line-height:22.1px;--awb-icon-width:22.1px;--awb-icon-height:22.1px;--awb-icon-margin:9.1px;--awb-content-margin:31.2px;\" class=\"fusion-checklist fusion-checklist-1 fusion-checklist-default type-icons\"><li class=\"fusion-li-item\" style=\"\"><span class=\"icon-wrapper circle-no\"><i class=\"fusion-li-icon fa fa-check\" aria-hidden=\"true\"><\/i><\/span><div class=\"fusion-li-item-content\">\n<p><strong>Hiperemia local sangu\u00ednea y linf\u00e1tica:<\/strong> que disminuye la tensi\u00f3n arterial, aumenta la sudoraci\u00f3n y hace perder sales. Tambi\u00e9n favorece la nutrici\u00f3n, la regeneraci\u00f3n superficial de los tejidos y la eliminaci\u00f3n de c\u00e9lulas muertas.<\/p>\n<\/div><\/li><li class=\"fusion-li-item\" style=\"\"><span class=\"icon-wrapper circle-no\"><i class=\"fusion-li-icon fa fa-check\" aria-hidden=\"true\"><\/i><\/span><div class=\"fusion-li-item-content\">\n<p>Efecto sedante sobre las terminaciones nerviosas superficiales.<\/p>\n<\/div><\/li><\/ul><div class=\"fusion-text fusion-text-5\"><blockquote>\n<p><strong>Indicaciones:<\/strong><\/p>\n<p><strong>&#8211; Afecciones traum\u00e1ticas subagudas y cr\u00f3nicas:<\/strong> Contracturas, espasmo, sinovitis, bursitis, esguinces.<\/p>\n<p><strong>&#8211; Procesos reum\u00e1ticos:<\/strong> artrosis con dolor y artritis en fase no activa.<\/p>\n<p>&#8211; <strong>Afecciones nerviosas:<\/strong> neuralgias y neuritis<\/p>\n<p><strong>&#8211; Otorrinolaringolog\u00eda:<\/strong> rinitis, otitis, sinusitis<\/p>\n<p><strong>&#8211; Afecciones circulatorias superficiales:<\/strong> tromboflebitis, endoarteritis, Raynaud.<\/p>\n<p><strong>&#8211; Dermatolog\u00eda:<\/strong> foliculitis, abscesos, heridas, \u00falceras<\/p>\n<p>&#8211; Como tratamiento previo a otras aplicaciones terap\u00e9uticas<\/p>\n<\/blockquote>\n<\/div><div class=\"fusion-clearfix\"><\/div><\/div><\/div><div class=\"fusion-layout-column fusion_builder_column fusion-builder-column-2 fusion_builder_column_1_2 1_2 fusion-one-half fusion-column-last\" style=\"--awb-padding-top:0px;--awb-padding-bottom:0px;--awb-bg-size:cover;width:50%;width:calc(50% - ( ( 4% ) * 0.5 ) );\"><div class=\"fusion-column-wrapper fusion-flex-column-wrapper-legacy\"><div class=\"fusion-image-element in-legacy-container\" style=\"--awb-caption-title-font-family:var(--h2_typography-font-family);--awb-caption-title-font-weight:var(--h2_typography-font-weight);--awb-caption-title-font-style:var(--h2_typography-font-style);--awb-caption-title-size:var(--h2_typography-font-size);--awb-caption-title-transform:var(--h2_typography-text-transform);--awb-caption-title-line-height:var(--h2_typography-line-height);--awb-caption-title-letter-spacing:var(--h2_typography-letter-spacing);\"><span class=\" fusion-imageframe imageframe-none imageframe-1 hover-type-none\"><img decoding=\"async\" width=\"700\" height=\"990\" title=\"infraroig\" src=\"https:\/\/centrecasals.com\/wp-content\/uploads\/2018\/03\/infraroig.jpg\" alt class=\"img-responsive wp-image-1606\" srcset=\"https:\/\/centrecasals.com\/wp-content\/uploads\/2018\/03\/infraroig-200x283.jpg 200w, https:\/\/centrecasals.com\/wp-content\/uploads\/2018\/03\/infraroig-400x566.jpg 400w, https:\/\/centrecasals.com\/wp-content\/uploads\/2018\/03\/infraroig-600x849.jpg 600w, https:\/\/centrecasals.com\/wp-content\/uploads\/2018\/03\/infraroig.jpg 700w\" sizes=\"(max-width: 800px) 100vw, 700px\" \/><\/span><\/div><div class=\"fusion-clearfix\"><\/div><\/div><\/div><\/div><\/div>\n","protected":false},"excerpt":{"rendered":"","protected":false},"author":2,"featured_media":0,"parent":1170,"menu_order":0,"comment_status":"closed","ping_status":"closed","template":"100-width.php","meta":{"footnotes":""},"aioseo_notices":[],"jetpack_sharing_enabled":true,"_links":{"self":[{"href":"https:\/\/centrecasals.com\/es\/wp-json\/wp\/v2\/pages\/1208"}],"collection":[{"href":"https:\/\/centrecasals.com\/es\/wp-json\/wp\/v2\/pages"}],"about":[{"href":"https:\/\/centrecasals.com\/es\/wp-json\/wp\/v2\/types\/page"}],"author":[{"embeddable":true,"href":"https:\/\/centrecasals.com\/es\/wp-json\/wp\/v2\/users\/2"}],"replies":[{"embeddable":true,"href":"https:\/\/centrecasals.com\/es\/wp-json\/wp\/v2\/comments?post=1208"}],"version-history":[{"count":7,"href":"https:\/\/centrecasals.com\/es\/wp-json\/wp\/v2\/pages\/1208\/revisions"}],"predecessor-version":[{"id":1484,"href":"https:\/\/centrecasals.com\/es\/wp-json\/wp\/v2\/pages\/1208\/revisions\/1484"}],"up":[{"embeddable":true,"href":"https:\/\/centrecasals.com\/es\/wp-json\/wp\/v2\/pages\/1170"}],"wp:attachment":[{"href":"https:\/\/centrecasals.com\/es\/wp-json\/wp\/v2\/media?parent=1208"}],"curies":[{"name":"wp","href":"https:\/\/api.w.org\/{rel}","templated":true}]}}