{"id":1218,"date":"2018-07-02T13:49:53","date_gmt":"2018-07-02T13:49:53","guid":{"rendered":"http:\/\/www.lababala.com\/?page_id=1218"},"modified":"2018-07-08T14:24:03","modified_gmt":"2018-07-08T14:24:03","slug":"electroterapia","status":"publish","type":"page","link":"https:\/\/centrecasals.com\/es\/fisioterapia\/electroterapia\/","title":{"rendered":"Electroterapia"},"content":{"rendered":"<div class=\"fusion-fullwidth fullwidth-box fusion-builder-row-1 nonhundred-percent-fullwidth non-hundred-percent-height-scrolling\" style=\"--awb-border-radius-top-left:0px;--awb-border-radius-top-right:0px;--awb-border-radius-bottom-right:0px;--awb-border-radius-bottom-left:0px;--awb-margin-top:50px;--awb-margin-bottom:100px;--awb-flex-wrap:wrap;\" ><div class=\"fusion-builder-row fusion-row\"><div class=\"fusion-layout-column fusion_builder_column fusion-builder-column-0 fusion_builder_column_1_1 1_1 fusion-one-full fusion-column-first fusion-column-last\" style=\"--awb-bg-size:cover;\"><div class=\"fusion-column-wrapper fusion-flex-column-wrapper-legacy\"><div class=\"fusion-text fusion-text-1\"><h2 style=\"text-align: center;\">ELECTROTERAPIA<\/h2>\n<\/div><div class=\"fusion-sep-clear\"><\/div><div class=\"fusion-separator\" style=\"margin-left: auto;margin-right: auto;margin-bottom:50px;width:100%;max-width:200px;\"><div class=\"fusion-separator-border sep-single sep-solid\" style=\"--awb-height:20px;--awb-amount:20px;border-color:#e0dede;border-top-width:1px;\"><\/div><\/div><div class=\"fusion-sep-clear\"><\/div><div class=\"fusion-clearfix\"><\/div><\/div><\/div><div class=\"fusion-layout-column fusion_builder_column fusion-builder-column-1 fusion_builder_column_1_2 1_2 fusion-one-half fusion-column-first\" style=\"--awb-bg-size:cover;width:50%;width:calc(50% - ( ( 4% ) * 0.5 ) );margin-right: 4%;\"><div class=\"fusion-column-wrapper fusion-flex-column-wrapper-legacy\"><div class=\"fusion-text fusion-text-2\"><p>Hoy la electroterapia analg\u00e9sica es una alternativa v\u00e1lida que puede competir con los f\u00e1rmacos analg\u00e9sicos para el tratamiento del dolor, pero sin efectos secundarios.<\/p>\n<\/div><div class=\"fusion-sep-clear\"><\/div><div class=\"fusion-separator fusion-full-width-sep\" style=\"margin-left: auto;margin-right: auto;margin-bottom:20px;width:100%;\"><\/div><div class=\"fusion-sep-clear\"><\/div><div class=\"fusion-text fusion-text-3\"><div>Se define la electroterapia como el estudio de las aplicaciones terap\u00e9uticas de la electricidad; en su diccionario de la RAE se define como el tratamiento de determinadas enfermedades mediante la electricidad. Proviene del griego electro (electricidad) y terapia (cura), y es la rama de la medicina que utiliza el paso de la corriente el\u00e9ctrica a trav\u00e9s de parte o todo el organismo con fines curativos.<\/div>\n<\/div><div class=\"fusion-sep-clear\"><\/div><div class=\"fusion-separator fusion-full-width-sep\" style=\"margin-left: auto;margin-right: auto;margin-bottom:20px;width:100%;\"><\/div><div class=\"fusion-sep-clear\"><\/div><div class=\"fusion-text fusion-text-4\"><p>Cuando se aplica una corriente el\u00e9ctrica al organismo humano se producen los siguientes efectos espec\u00edficos:<\/p>\n<\/div><ul style=\"--awb-size:13px;--awb-line-height:22.1px;--awb-icon-width:22.1px;--awb-icon-height:22.1px;--awb-icon-margin:9.1px;--awb-content-margin:31.2px;\" class=\"fusion-checklist fusion-checklist-1 fusion-checklist-default type-icons\"><li class=\"fusion-li-item\" style=\"\"><span class=\"icon-wrapper circle-no\"><i class=\"fusion-li-icon fa fa-check\" aria-hidden=\"true\"><\/i><\/span><div class=\"fusion-li-item-content\">\n<p><strong>Efectos primarios o fisico-qu\u00edmicos:<\/strong> Son dos principalmente, el efecto t\u00e9rmico, determinado por la anteriormente vista Ley de Joule; y el efecto qu\u00edmico: se produce una liberaci\u00f3n de iones que se desplazan dando lugar a alteraciones en la permeabilidad de la membrana, variando la composici\u00f3n qu\u00edmica de la estructura \u00edntima de los tejidos.<\/p>\n<\/div><\/li><li class=\"fusion-li-item\" style=\"\"><span class=\"icon-wrapper circle-no\"><i class=\"fusion-li-icon fa fa-check\" aria-hidden=\"true\"><\/i><\/span><div class=\"fusion-li-item-content\">\n<p><strong>Efectos secundarios o fisiol\u00f3gicos:<\/strong> vasodilataci\u00f3n, analgesia y acci\u00f3n excitomotriz. Indicaciones y contraindicaciones: Es muy dif\u00edcil determinar las indicaciones generales de la electroterapia dado que existen multitud de aplicaciones diferentes: corrientes galv\u00e1nicas, ininterrumpidas, cuadrangulares, ultrasonidos, infrarrojos, etc; cada una de estas t\u00e9cnicas tiene unas indicaciones y contraindicaciones espec\u00edficas.<\/p>\n<\/div><\/li><\/ul><div class=\"fusion-clearfix\"><\/div><\/div><\/div><div class=\"fusion-layout-column fusion_builder_column fusion-builder-column-2 fusion_builder_column_1_2 1_2 fusion-one-half fusion-column-last\" style=\"--awb-padding-top:0px;--awb-padding-bottom:0px;--awb-bg-size:cover;width:50%;width:calc(50% - ( ( 4% ) * 0.5 ) );\"><div class=\"fusion-column-wrapper fusion-flex-column-wrapper-legacy\"><div class=\"fusion-image-element in-legacy-container\" style=\"--awb-caption-title-font-family:var(--h2_typography-font-family);--awb-caption-title-font-weight:var(--h2_typography-font-weight);--awb-caption-title-font-style:var(--h2_typography-font-style);--awb-caption-title-size:var(--h2_typography-font-size);--awb-caption-title-transform:var(--h2_typography-text-transform);--awb-caption-title-line-height:var(--h2_typography-line-height);--awb-caption-title-letter-spacing:var(--h2_typography-letter-spacing);\"><span class=\" fusion-imageframe imageframe-none imageframe-1 hover-type-none\"><img decoding=\"async\" width=\"700\" height=\"467\" title=\"electroterapia\" src=\"https:\/\/centrecasals.com\/wp-content\/uploads\/2018\/03\/electroterapia.jpg\" alt class=\"img-responsive wp-image-1607\" srcset=\"https:\/\/centrecasals.com\/wp-content\/uploads\/2018\/03\/electroterapia-200x133.jpg 200w, https:\/\/centrecasals.com\/wp-content\/uploads\/2018\/03\/electroterapia-400x267.jpg 400w, https:\/\/centrecasals.com\/wp-content\/uploads\/2018\/03\/electroterapia-600x400.jpg 600w, https:\/\/centrecasals.com\/wp-content\/uploads\/2018\/03\/electroterapia.jpg 700w\" sizes=\"(max-width: 800px) 100vw, 700px\" \/><\/span><\/div><div class=\"fusion-clearfix\"><\/div><\/div><\/div><div class=\"fusion-layout-column fusion_builder_column fusion-builder-column-3 fusion_builder_column_1_1 1_1 fusion-one-full fusion-column-first fusion-column-last\" style=\"--awb-bg-size:cover;--awb-margin-top:50px;\"><div class=\"fusion-column-wrapper fusion-flex-column-wrapper-legacy\"><div class=\"fusion-text fusion-text-5\"><p><strong>Como norma general encontraremos dos grandes tipos de efectos:<\/strong> el vasomotor y el efecto analg\u00e9sico. El efecto vasomotor y tr\u00f3fico sirve para aumentar el riego sangu\u00edneo y mejorar el retorno venoso; mientras que el el efecto analg\u00e9sico puede evitar dolores de origen neurol\u00f3gico, muscular y\/o articular.<\/p>\n<\/div><div class=\"fusion-sep-clear\"><\/div><div class=\"fusion-separator fusion-full-width-sep\" style=\"margin-left: auto;margin-right: auto;margin-bottom:20px;width:100%;\"><\/div><div class=\"fusion-sep-clear\"><\/div><div class=\"fusion-text fusion-text-6\"><blockquote>\n<p><strong>Indicaciones espec\u00edficas de cada tipo de electroterapia:<\/strong><\/p>\n<p><strong>&#8211;<\/strong> <strong>Corrientes diadin\u00e1micas:<\/strong> atrofias e hipoton\u00edas musculares; produce efecto analg\u00e9sico en neuritis y neuralgias, mialgias, hematomas musculares y contusiones y traumatismos articulares.<\/p>\n<p><strong>&#8211; TENS:<\/strong> radiculopat\u00edas, polineuropat\u00edas sensitivas, neuritis, artrosis, artritis, s\u00edndrome miofascial, cirug\u00eda abdominal, tor\u00e1cica y ortop\u00e9dica e incluso, dolor dentario o dolores del parto.<\/p>\n<p><strong>&#8211; Onda corta y Microonda:<\/strong> Procesos musculares y articulares, procesos respiratorios como la sinusitis.<\/p>\n<p><strong>&#8211; Ultrasonidos:<\/strong> lesiones traum\u00e1ticas de partes blandas, hemartros, retracciones y fibrosis m\u00fasculo-tendinosas, epicondilitis, bursitis, capsulitas de hombro, tendinitis, fibrositis y puntos gatillo.<\/p>\n<\/blockquote>\n<\/div><div class=\"fusion-clearfix\"><\/div><\/div><\/div><\/div><\/div>\n","protected":false},"excerpt":{"rendered":"","protected":false},"author":2,"featured_media":0,"parent":1170,"menu_order":0,"comment_status":"closed","ping_status":"closed","template":"100-width.php","meta":{"footnotes":""},"aioseo_notices":[],"jetpack_sharing_enabled":true,"_links":{"self":[{"href":"https:\/\/centrecasals.com\/es\/wp-json\/wp\/v2\/pages\/1218"}],"collection":[{"href":"https:\/\/centrecasals.com\/es\/wp-json\/wp\/v2\/pages"}],"about":[{"href":"https:\/\/centrecasals.com\/es\/wp-json\/wp\/v2\/types\/page"}],"author":[{"embeddable":true,"href":"https:\/\/centrecasals.com\/es\/wp-json\/wp\/v2\/users\/2"}],"replies":[{"embeddable":true,"href":"https:\/\/centrecasals.com\/es\/wp-json\/wp\/v2\/comments?post=1218"}],"version-history":[{"count":6,"href":"https:\/\/centrecasals.com\/es\/wp-json\/wp\/v2\/pages\/1218\/revisions"}],"predecessor-version":[{"id":1483,"href":"https:\/\/centrecasals.com\/es\/wp-json\/wp\/v2\/pages\/1218\/revisions\/1483"}],"up":[{"embeddable":true,"href":"https:\/\/centrecasals.com\/es\/wp-json\/wp\/v2\/pages\/1170"}],"wp:attachment":[{"href":"https:\/\/centrecasals.com\/es\/wp-json\/wp\/v2\/media?parent=1218"}],"curies":[{"name":"wp","href":"https:\/\/api.w.org\/{rel}","templated":true}]}}