{"id":1226,"date":"2018-07-02T14:05:58","date_gmt":"2018-07-02T14:05:58","guid":{"rendered":"http:\/\/www.lababala.com\/?page_id=1226"},"modified":"2018-07-09T09:35:57","modified_gmt":"2018-07-09T09:35:57","slug":"ultrasonidos","status":"publish","type":"page","link":"https:\/\/centrecasals.com\/es\/fisioterapia\/ultrasonidos\/","title":{"rendered":"Ultrasonidos"},"content":{"rendered":"<div class=\"fusion-fullwidth fullwidth-box fusion-builder-row-1 nonhundred-percent-fullwidth non-hundred-percent-height-scrolling\" style=\"--awb-border-radius-top-left:0px;--awb-border-radius-top-right:0px;--awb-border-radius-bottom-right:0px;--awb-border-radius-bottom-left:0px;--awb-margin-top:50px;--awb-margin-bottom:100px;--awb-flex-wrap:wrap;\" ><div class=\"fusion-builder-row fusion-row\"><div class=\"fusion-layout-column fusion_builder_column fusion-builder-column-0 fusion_builder_column_1_1 1_1 fusion-one-full fusion-column-first fusion-column-last\" style=\"--awb-bg-size:cover;\"><div class=\"fusion-column-wrapper fusion-flex-column-wrapper-legacy\"><div class=\"fusion-text fusion-text-1\"><h2 style=\"text-align: center;\">ULTRASONIDOS<\/h2>\n<\/div><div class=\"fusion-sep-clear\"><\/div><div class=\"fusion-separator\" style=\"margin-left: auto;margin-right: auto;margin-bottom:50px;width:100%;max-width:200px;\"><div class=\"fusion-separator-border sep-single sep-solid\" style=\"--awb-height:20px;--awb-amount:20px;border-color:#e0dede;border-top-width:1px;\"><\/div><\/div><div class=\"fusion-sep-clear\"><\/div><div class=\"fusion-clearfix\"><\/div><\/div><\/div><div class=\"fusion-layout-column fusion_builder_column fusion-builder-column-1 fusion_builder_column_1_2 1_2 fusion-one-half fusion-column-first\" style=\"--awb-bg-size:cover;width:50%;width:calc(50% - ( ( 4% ) * 0.5 ) );margin-right: 4%;\"><div class=\"fusion-column-wrapper fusion-flex-column-wrapper-legacy\"><div class=\"fusion-text fusion-text-2\"><p>Es un medio terap\u00e9utico que utiliza una onda vibratoria de elevada frecuencia o una vibraci\u00f3n mec\u00e0nica de baja frecuencia. Es una vibraci\u00f3n ac\u00fastica en frecuencias ultras\u00f3nicas, no audibles.<\/p>\n<\/div><div class=\"fusion-sep-clear\"><\/div><div class=\"fusion-separator fusion-full-width-sep\" style=\"margin-left: auto;margin-right: auto;margin-bottom:20px;width:100%;\"><\/div><div class=\"fusion-sep-clear\"><\/div><div class=\"fusion-text fusion-text-3\"><blockquote>\n<p><strong>Indicaciones:<\/strong><\/p>\n<p>Cicatrices y fibrosis, Herpes Zoster, Arteritis obliterante, Esclerodermias, \u00dalceras por presi\u00f3n, Tromboflebitis, Queloides, Raynaud, Ci\u00e1tica, Gangliones, Par\u00e1lisis facial Lumbalgias, Contractura muscular, Distensiones, Periartritis, Tendinopat\u00edas, Sinovitis, Bursitis, T\u00fanel carpiano, Asma bronquial, Enfisema pulmonar, Adherencias, Neuralgias, Analgesia en general<\/p>\n<\/blockquote>\n<\/div><div class=\"fusion-sep-clear\"><\/div><div class=\"fusion-separator fusion-full-width-sep\" style=\"margin-left: auto;margin-right: auto;margin-bottom:20px;width:100%;\"><\/div><div class=\"fusion-sep-clear\"><\/div><div class=\"fusion-text fusion-text-4\"><p><strong>Efectos terap\u00e9uticos del ultrasonido sobre tejido \u00f3seo:<\/strong><\/p>\n<p>El periostio est\u00e1 muy bien inervado por lo que el dolor por sobrecalentamiento nos alerta sobre una posible sobredosificaci\u00f3n. Los tejidos situados por delante se benefician de la reflexi\u00f3n e interferencia. Los situados detr\u00e1s no reciben energ\u00eda.<\/p>\n<ul>\n<li><strong>M\u00fasculos:<\/strong> se calientan poco por su baja absorci\u00f3n y gran vascularizaci\u00f3n<\/li>\n<li><strong>Tendones y ligamentos:<\/strong> Se calientan bien por las reflexiones del haz.<\/li>\n<\/ul>\n<\/div><div class=\"fusion-clearfix\"><\/div><\/div><\/div><div class=\"fusion-layout-column fusion_builder_column fusion-builder-column-2 fusion_builder_column_1_2 1_2 fusion-one-half fusion-column-last\" style=\"--awb-bg-size:cover;width:50%;width:calc(50% - ( ( 4% ) * 0.5 ) );\"><div class=\"fusion-column-wrapper fusion-flex-column-wrapper-legacy\"><div class=\"fusion-image-element in-legacy-container\" style=\"--awb-caption-title-font-family:var(--h2_typography-font-family);--awb-caption-title-font-weight:var(--h2_typography-font-weight);--awb-caption-title-font-style:var(--h2_typography-font-style);--awb-caption-title-size:var(--h2_typography-font-size);--awb-caption-title-transform:var(--h2_typography-text-transform);--awb-caption-title-line-height:var(--h2_typography-line-height);--awb-caption-title-letter-spacing:var(--h2_typography-letter-spacing);\"><span class=\" fusion-imageframe imageframe-none imageframe-1 hover-type-none\"><img decoding=\"async\" width=\"700\" height=\"467\" title=\"ultrasons\" src=\"https:\/\/centrecasals.com\/wp-content\/uploads\/2018\/03\/ultrasons.jpg\" alt class=\"img-responsive wp-image-1687\" srcset=\"https:\/\/centrecasals.com\/wp-content\/uploads\/2018\/03\/ultrasons-200x133.jpg 200w, https:\/\/centrecasals.com\/wp-content\/uploads\/2018\/03\/ultrasons-400x267.jpg 400w, https:\/\/centrecasals.com\/wp-content\/uploads\/2018\/03\/ultrasons-600x400.jpg 600w, https:\/\/centrecasals.com\/wp-content\/uploads\/2018\/03\/ultrasons.jpg 700w\" sizes=\"(max-width: 800px) 100vw, 700px\" \/><\/span><\/div><div class=\"fusion-clearfix\"><\/div><\/div><\/div><div class=\"fusion-layout-column fusion_builder_column fusion-builder-column-3 fusion_builder_column_1_1 1_1 fusion-one-full fusion-column-first fusion-column-last\" style=\"--awb-bg-size:cover;--awb-margin-top:50px;\"><div class=\"fusion-column-wrapper fusion-flex-column-wrapper-legacy\"><div class=\"fusion-text fusion-text-5\"><p>Los beneficios que obtenemos en estos tejidos son:<\/p>\n<\/div><ul style=\"--awb-size:13px;--awb-line-height:22.1px;--awb-icon-width:22.1px;--awb-icon-height:22.1px;--awb-icon-margin:9.1px;--awb-content-margin:31.2px;\" class=\"fusion-checklist fusion-checklist-1 fusion-checklist-default type-icons\"><li class=\"fusion-li-item\" style=\"\"><span class=\"icon-wrapper circle-no\"><i class=\"fusion-li-icon fa fa-check\" aria-hidden=\"true\"><\/i><\/span><div class=\"fusion-li-item-content\">\n<p><strong>Diatermia:<\/strong> Como dijimos anteriormente es mejor incluso que la que obtenemos con otros mecanismos como onda corta o microonda.<\/p>\n<\/div><\/li><li class=\"fusion-li-item\" style=\"\"><span class=\"icon-wrapper circle-no\"><i class=\"fusion-li-icon fa fa-check\" aria-hidden=\"true\"><\/i><\/span><div class=\"fusion-li-item-content\">\n<p><strong>Efecto de micromasaje:<\/strong> aumenta la extensibilidad de los tendones, la movilizaci\u00f3n de adherencias y mejora el tejido cicatricial.<\/p>\n<\/div><\/li><li class=\"fusion-li-item\" style=\"\"><span class=\"icon-wrapper circle-no\"><i class=\"fusion-li-icon fa fa-check\" aria-hidden=\"true\"><\/i><\/span><div class=\"fusion-li-item-content\">\n<p><strong>Efecto analg\u00e9sico:<\/strong> disminuci\u00f3n de la transmisi\u00f3n del impulso nervioso y de la excitabilidad de la c\u00e9lula nerviosa.<\/p>\n<\/div><\/li><li class=\"fusion-li-item\" style=\"\"><span class=\"icon-wrapper circle-no\"><i class=\"fusion-li-icon fa fa-check\" aria-hidden=\"true\"><\/i><\/span><div class=\"fusion-li-item-content\">\n<p>Mejora el edema por aumento de la reabsorci\u00f3n<\/p>\n<\/div><\/li><\/ul><div class=\"fusion-clearfix\"><\/div><\/div><\/div><\/div><\/div>\n","protected":false},"excerpt":{"rendered":"","protected":false},"author":2,"featured_media":0,"parent":1170,"menu_order":0,"comment_status":"closed","ping_status":"closed","template":"100-width.php","meta":{"footnotes":""},"aioseo_notices":[],"jetpack_sharing_enabled":true,"_links":{"self":[{"href":"https:\/\/centrecasals.com\/es\/wp-json\/wp\/v2\/pages\/1226"}],"collection":[{"href":"https:\/\/centrecasals.com\/es\/wp-json\/wp\/v2\/pages"}],"about":[{"href":"https:\/\/centrecasals.com\/es\/wp-json\/wp\/v2\/types\/page"}],"author":[{"embeddable":true,"href":"https:\/\/centrecasals.com\/es\/wp-json\/wp\/v2\/users\/2"}],"replies":[{"embeddable":true,"href":"https:\/\/centrecasals.com\/es\/wp-json\/wp\/v2\/comments?post=1226"}],"version-history":[{"count":4,"href":"https:\/\/centrecasals.com\/es\/wp-json\/wp\/v2\/pages\/1226\/revisions"}],"predecessor-version":[{"id":1492,"href":"https:\/\/centrecasals.com\/es\/wp-json\/wp\/v2\/pages\/1226\/revisions\/1492"}],"up":[{"embeddable":true,"href":"https:\/\/centrecasals.com\/es\/wp-json\/wp\/v2\/pages\/1170"}],"wp:attachment":[{"href":"https:\/\/centrecasals.com\/es\/wp-json\/wp\/v2\/media?parent=1226"}],"curies":[{"name":"wp","href":"https:\/\/api.w.org\/{rel}","templated":true}]}}