{"id":1257,"date":"2018-07-02T15:01:00","date_gmt":"2018-07-02T15:01:00","guid":{"rendered":"http:\/\/www.lababala.com\/?page_id=1257"},"modified":"2018-07-09T09:41:03","modified_gmt":"2018-07-09T09:41:03","slug":"auriculoterapia","status":"publish","type":"page","link":"https:\/\/centrecasals.com\/es\/medicina-tradicional-xina\/auriculoterapia\/","title":{"rendered":"Auriculoterapia"},"content":{"rendered":"<p><div class=\"fusion-fullwidth fullwidth-box fusion-builder-row-1 nonhundred-percent-fullwidth non-hundred-percent-height-scrolling\" style=\"--awb-border-radius-top-left:0px;--awb-border-radius-top-right:0px;--awb-border-radius-bottom-right:0px;--awb-border-radius-bottom-left:0px;--awb-margin-top:50px;--awb-margin-bottom:0px;--awb-flex-wrap:wrap;\" ><div class=\"fusion-builder-row fusion-row\"><div class=\"fusion-layout-column fusion_builder_column fusion-builder-column-0 fusion_builder_column_1_1 1_1 fusion-one-full fusion-column-first fusion-column-last\" style=\"--awb-bg-size:cover;\"><div class=\"fusion-column-wrapper fusion-flex-column-wrapper-legacy\"><div class=\"fusion-text fusion-text-1\"><h2 class=\"itemTitle\" style=\"text-align: center;\">AURICULOTERAPIA<\/h2>\n<\/div><div class=\"fusion-sep-clear\"><\/div><div class=\"fusion-separator\" style=\"margin-left: auto;margin-right: auto;margin-bottom:50px;width:100%;max-width:200px;\"><div class=\"fusion-separator-border sep-single sep-solid\" style=\"--awb-height:20px;--awb-amount:20px;border-color:#e0dede;border-top-width:1px;\"><\/div><\/div><div class=\"fusion-sep-clear\"><\/div><div class=\"fusion-clearfix\"><\/div><\/div><\/div><div class=\"fusion-layout-column fusion_builder_column fusion-builder-column-1 fusion_builder_column_1_2 1_2 fusion-one-half fusion-column-first\" style=\"--awb-bg-size:cover;width:50%;width:calc(50% - ( ( 4% ) * 0.5 ) );margin-right: 4%;\"><div class=\"fusion-column-wrapper fusion-flex-column-wrapper-legacy\"><div class=\"fusion-text fusion-text-2\"><p>La auriculopuntura es una variante de la acupuntura, en la cual se punzan ciertos puntos en la oreja para la prevenci\u00f3n y tratamiento de enfermedades. Existen registros de este m\u00e9todo en el libro Neijing (500-300 a\u00f1os a.n.e) y en otros documentos m\u00e9dicos de las dinast\u00edas subsiguientes.<\/p>\n<p>La medicina tradicional china considera que la oreja no es un \u00f3rgano aislado, sino un \u00f3rgano en \u00edntima relaci\u00f3n con los canales y con los \u00f3rganos y es una parte del cuerpo que constituye un todo org\u00e1nico. El Neijing dice que la energ\u00eda y la sangre de los doce canales y sus 365 colaterales ascienden a la cara y al cerebro, y sus ramas llegan a la oreja manteniendo as\u00ed la funci\u00f3n auditiva normal. Esto generaliz\u00f3 la relaci\u00f3n entre la oreja y los canales y los colaterales.<\/p>\n<p>En el Neijing se dice que la energ\u00eda del ri\u00f1\u00f3n est\u00e1 en relaci\u00f3n con el o\u00eddo. S\u00f3lo cuando la energ\u00eda del ri\u00f1\u00f3n es suficiente la funci\u00f3n auditiva es normal. Si la esencia del ri\u00f1\u00f3n y la m\u00e9dula del cerebro son deficientes se originan mareos y ruidos en los o\u00eddos. De ah\u00ed su relaci\u00f3n con los \u00f3rganos internos. En las condiciones normales, la funci\u00f3n fisiol\u00f3gica de varias partes del cuerpo se mantiene en una posici\u00f3n de equilibrio relativo. Cuando se pierde el equilibrio y ocurre la obstrucci\u00f3n de canales, presentan algunas reacciones en la zona correspondiente de las orejas. Cl\u00ednicamente, cuando alguna parte del cuerpo sufre un trastorno, se puede curar con auriculopuntura en ciertos puntos correspondientes para promover la circulaci\u00f3n de la energ\u00eda y la sangre, de los canales y colaterales y regular la funci\u00f3n de los \u00f3rganos internos.<\/p>\n<\/div><div class=\"fusion-clearfix\"><\/div><\/div><\/div><div class=\"fusion-layout-column fusion_builder_column fusion-builder-column-2 fusion_builder_column_1_2 1_2 fusion-one-half fusion-column-last\" style=\"--awb-bg-size:cover;width:50%;width:calc(50% - ( ( 4% ) * 0.5 ) );\"><div class=\"fusion-column-wrapper fusion-flex-column-wrapper-legacy\"><div class=\"fusion-image-element in-legacy-container\" style=\"--awb-caption-title-font-family:var(--h2_typography-font-family);--awb-caption-title-font-weight:var(--h2_typography-font-weight);--awb-caption-title-font-style:var(--h2_typography-font-style);--awb-caption-title-size:var(--h2_typography-font-size);--awb-caption-title-transform:var(--h2_typography-text-transform);--awb-caption-title-line-height:var(--h2_typography-line-height);--awb-caption-title-letter-spacing:var(--h2_typography-letter-spacing);\"><span class=\" fusion-imageframe imageframe-none imageframe-1 hover-type-none\"><img decoding=\"async\" width=\"700\" height=\"607\" title=\"auriculoterapia\" src=\"https:\/\/centrecasals.com\/wp-content\/uploads\/2018\/02\/auriculoterapia.jpg\" alt class=\"img-responsive wp-image-1690\" srcset=\"https:\/\/centrecasals.com\/wp-content\/uploads\/2018\/02\/auriculoterapia-200x173.jpg 200w, https:\/\/centrecasals.com\/wp-content\/uploads\/2018\/02\/auriculoterapia-400x347.jpg 400w, https:\/\/centrecasals.com\/wp-content\/uploads\/2018\/02\/auriculoterapia-600x520.jpg 600w, https:\/\/centrecasals.com\/wp-content\/uploads\/2018\/02\/auriculoterapia.jpg 700w\" sizes=\"(max-width: 800px) 100vw, 700px\" \/><\/span><\/div><div class=\"fusion-clearfix\"><\/div><\/div><\/div><div class=\"fusion-layout-column fusion_builder_column fusion-builder-column-3 fusion_builder_column_1_1 1_1 fusion-one-full fusion-column-first fusion-column-last\" style=\"--awb-bg-size:cover;\"><div class=\"fusion-column-wrapper fusion-flex-column-wrapper-legacy\"><div class=\"fusion-text fusion-text-3\"><p>El tratamiento con la Auriculoterapia se lleva a cabo de la siguiente manera:\u00a0 Despu\u00e9s de hacer un diagn\u00f3stico preciso, se seleccionan los puntos a tratar. La selecci\u00f3n de estos puntos se hace en base a dos enfoques:<\/p>\n<\/div><ul style=\"--awb-size:13px;--awb-line-height:22.1px;--awb-icon-width:22.1px;--awb-icon-height:22.1px;--awb-icon-margin:9.1px;--awb-content-margin:31.2px;\" class=\"fusion-checklist fusion-checklist-1 fusion-checklist-default type-icons\"><li class=\"fusion-li-item\" style=\"\"><span class=\"icon-wrapper circle-no\"><i class=\"fusion-li-icon fa fa-check\" aria-hidden=\"true\"><\/i><\/span><div class=\"fusion-li-item-content\">\n<p>Primero, a partir de un diagn\u00f3stico sindrom\u00e1tico establecido a trav\u00e9s de los procedimientos de diagn\u00f3stico convencionales de la Medicina Tradicional China, se seleccionan los puntos a tratar y s\u00f3lo se procede a su localizaci\u00f3n sobre el \u00e1rea correspondiente. En este primer caso los puntos se detectan fundamentalmente por su localizaci\u00f3n anat\u00f3mica.<\/p>\n<\/div><\/li><li class=\"fusion-li-item\" style=\"\"><span class=\"icon-wrapper circle-no\"><i class=\"fusion-li-icon fa fa-check\" aria-hidden=\"true\"><\/i><\/span><div class=\"fusion-li-item-content\">\n<p>El segundo procedimiento parte de la exploraci\u00f3n y examen de la oreja, de donde se deducen autom\u00e1ticamente los puntos a tratar. En el segundo caso la detecci\u00f3n de puntos \u201cpatol\u00f3gicos\u201d se hace en funci\u00f3n del diagn\u00f3stico de la oreja, el cual se establece por:<\/p>\n<ol>\n<li>La observaci\u00f3n directa de cambios de coloraci\u00f3n de la piel, enrojecimiento, descamaci\u00f3n u otras alteraciones en la regi\u00f3n o punto correspondiente<\/li>\n<li>el aumento de la sensibilidad a la presi\u00f3n con relaci\u00f3n a otras \u00e1reas<\/li>\n<li>cambios el\u00e9ctricos que presentan los puntos, en especial cuando hay alguna patolog\u00eda relacionada con el \u00f3rganos o regi\u00f3n que\u00a0 representan.<\/li>\n<\/ol>\n<\/div><\/li><\/ul><div class=\"fusion-clearfix\"><\/div><\/div><\/div><\/div><\/div><div class=\"fusion-fullwidth fullwidth-box fusion-builder-row-2 nonhundred-percent-fullwidth non-hundred-percent-height-scrolling\" style=\"--awb-border-radius-top-left:0px;--awb-border-radius-top-right:0px;--awb-border-radius-bottom-right:0px;--awb-border-radius-bottom-left:0px;--awb-margin-bottom:100px;--awb-flex-wrap:wrap;\" ><div class=\"fusion-builder-row fusion-row\"><div class=\"fusion-layout-column fusion_builder_column fusion-builder-column-4 fusion_builder_column_1_1 1_1 fusion-one-full fusion-column-first fusion-column-last\" style=\"--awb-bg-size:cover;\"><div class=\"fusion-column-wrapper fusion-flex-column-wrapper-legacy\"><div class=\"fusion-text fusion-text-4\"><p>Por ejemplo, cuando hay alguna enfermedad del coraz\u00f3n, el punto de coraz\u00f3n en la oreja se vuelve m\u00e1s sensible a la presi\u00f3n, con frecuencia cambia la coloraci\u00f3n de la piel en relaci\u00f3n a la naturaleza de la enfermedad, y conduce mejor la corriente el\u00e9ctrica. El tratamiento en los puntos seleccionados se realiza fundamentalmente con tres t\u00e9cnicas:<\/p>\n<ol>\n<li>\n<blockquote>\n<p>Estimulaci\u00f3n con agujas filiformes convenciones (pueden ser tambi\u00e9n especialmente dise\u00f1adas para la oreja, de un tama\u00f1o y grosor m\u00e1s conveniente) reteniendo las agujas desde 5 minutos hasta 1 hora.<\/p>\n<\/blockquote>\n<\/li>\n<li>\n<blockquote>\n<p>Estimulaci\u00f3n permanente con agujas de retenci\u00f3n dise\u00f1adas especialmente para permanecer intrad\u00e9rmicas por tiempo prolongado, el cual puede variar desde varios d\u00edas hasta varias semanas con revisiones y limpieza peri\u00f3dicas.<\/p>\n<\/blockquote>\n<\/li>\n<li>\n<blockquote>\n<p>Estimulaci\u00f3n con \u201cbolitas\u201d de retenci\u00f3n que pueden ser semillas de una planta china, balines de diferentes materiales tales como oro, plata, acero inoxidable, pl\u00e1stico, magnetos, etc. Al igual que las agujas de retenci\u00f3n, estas \u201cbolitas\u201d se pueden mantener en la regi\u00f3n por espacio de varias semanas.<\/p>\n<\/blockquote>\n<\/li>\n<\/ol>\n<p>La Auriculoterapia es un\u00a0 tratamiento \u00fatil. Generalmente se utiliza como procedimiento complementario o auxiliar de la Acupuntura corporal quiz\u00e1 en un 20 a 30 % de los pacientes); son raras las ocasiones en que se usa como procedimiento \u00fanico, lo cual pudiera ser el caso en ni\u00f1os, en pacientes que tienen que viajar, etc.<\/p>\n<\/div><div class=\"fusion-clearfix\"><\/div><\/div><\/div><\/div><\/div><\/p>\n","protected":false},"excerpt":{"rendered":"","protected":false},"author":2,"featured_media":0,"parent":1248,"menu_order":0,"comment_status":"closed","ping_status":"closed","template":"100-width.php","meta":{"footnotes":""},"aioseo_notices":[],"jetpack_sharing_enabled":true,"_links":{"self":[{"href":"https:\/\/centrecasals.com\/es\/wp-json\/wp\/v2\/pages\/1257"}],"collection":[{"href":"https:\/\/centrecasals.com\/es\/wp-json\/wp\/v2\/pages"}],"about":[{"href":"https:\/\/centrecasals.com\/es\/wp-json\/wp\/v2\/types\/page"}],"author":[{"embeddable":true,"href":"https:\/\/centrecasals.com\/es\/wp-json\/wp\/v2\/users\/2"}],"replies":[{"embeddable":true,"href":"https:\/\/centrecasals.com\/es\/wp-json\/wp\/v2\/comments?post=1257"}],"version-history":[{"count":3,"href":"https:\/\/centrecasals.com\/es\/wp-json\/wp\/v2\/pages\/1257\/revisions"}],"predecessor-version":[{"id":1495,"href":"https:\/\/centrecasals.com\/es\/wp-json\/wp\/v2\/pages\/1257\/revisions\/1495"}],"up":[{"embeddable":true,"href":"https:\/\/centrecasals.com\/es\/wp-json\/wp\/v2\/pages\/1248"}],"wp:attachment":[{"href":"https:\/\/centrecasals.com\/es\/wp-json\/wp\/v2\/media?parent=1257"}],"curies":[{"name":"wp","href":"https:\/\/api.w.org\/{rel}","templated":true}]}}