{"id":1262,"date":"2018-07-02T15:10:49","date_gmt":"2018-07-02T15:10:49","guid":{"rendered":"http:\/\/www.lababala.com\/?page_id=1262"},"modified":"2018-07-09T09:41:37","modified_gmt":"2018-07-09T09:41:37","slug":"electroacupuntura-y-electroliposis","status":"publish","type":"page","link":"https:\/\/centrecasals.com\/es\/medicina-tradicional-xina\/electroacupuntura-y-electroliposis\/","title":{"rendered":"Electroacupuntura y Electroliposis"},"content":{"rendered":"<p><div class=\"fusion-fullwidth fullwidth-box fusion-builder-row-1 nonhundred-percent-fullwidth non-hundred-percent-height-scrolling\" style=\"--awb-border-radius-top-left:0px;--awb-border-radius-top-right:0px;--awb-border-radius-bottom-right:0px;--awb-border-radius-bottom-left:0px;--awb-margin-top:50px;--awb-margin-bottom:100px;--awb-flex-wrap:wrap;\" ><div class=\"fusion-builder-row fusion-row\"><div class=\"fusion-layout-column fusion_builder_column fusion-builder-column-0 fusion_builder_column_1_1 1_1 fusion-one-full fusion-column-first fusion-column-last\" style=\"--awb-bg-size:cover;\"><div class=\"fusion-column-wrapper fusion-flex-column-wrapper-legacy\"><div class=\"fusion-text fusion-text-1\"><h2 style=\"text-align: center;\">ELECTROACUPUNTURA<\/h2>\n<\/div><div class=\"fusion-sep-clear\"><\/div><div class=\"fusion-separator\" style=\"margin-left: auto;margin-right: auto;margin-bottom:50px;width:100%;max-width:200px;\"><div class=\"fusion-separator-border sep-single sep-solid\" style=\"--awb-height:20px;--awb-amount:20px;border-color:#e0dede;border-top-width:1px;\"><\/div><\/div><div class=\"fusion-sep-clear\"><\/div><div class=\"fusion-clearfix\"><\/div><\/div><\/div><div class=\"fusion-layout-column fusion_builder_column fusion-builder-column-1 fusion_builder_column_1_2 1_2 fusion-one-half fusion-column-first\" style=\"--awb-bg-size:cover;width:50%;width:calc(50% - ( ( 4% ) * 0.5 ) );margin-right: 4%;\"><div class=\"fusion-column-wrapper fusion-flex-column-wrapper-legacy\"><div class=\"fusion-text fusion-text-2\"><p>La electroacupuntura es una t\u00e9cnica usada en la medicina china tradicional, variante de la acupuntura, denominada tambi\u00e9n electropuntura, que combina el uso de las agujas y la estimulaci\u00f3n el\u00e9ctrica, enviando una peque\u00f1a corriente el\u00e9ctrica a trav\u00e9s de la aguja, despu\u00e9s de su inserci\u00f3n en el punto acupuntural.<\/p>\n<p>El instrumento usado en la electroacupuntura se compone de dos partes: la aguja filiforme y el estimulador de corriente. Hay diferentes tipos de estimuladores, seg\u00fan la corriente sea alterna o continua; seg\u00fan la naturaleza se clasifica en alta o baja frecuencia, intermitente, etc.<\/p>\n<p>Se utiliza fundamentalmente como analg\u00e9sico para todo tipo de dolores, aplic\u00e1ndose tambi\u00e9n para paliar los dolores durante el parto, as\u00ed como anest\u00e9sico para algunas operaciones, incluso en las ces\u00e1reas, evitando por un lado los efectos secundarios que provocan las anestesias y propiciando la r\u00e1pida reanimaci\u00f3n del paciente.<\/p>\n<p>La anestesia acupuntural ha sido considerada por la Organizaci\u00f3n Mundial de la Salud (OMS) como uno de los cinco grandes logros conseguidos por la Medicina china tradicional a trav\u00e9s de sus m\u00faltiples investigaciones cient\u00edficas.<\/p>\n<\/div><div class=\"fusion-clearfix\"><\/div><\/div><\/div><div class=\"fusion-layout-column fusion_builder_column fusion-builder-column-2 fusion_builder_column_1_2 1_2 fusion-one-half fusion-column-last\" style=\"--awb-bg-size:cover;width:50%;width:calc(50% - ( ( 4% ) * 0.5 ) );\"><div class=\"fusion-column-wrapper fusion-flex-column-wrapper-legacy\"><div class=\"fusion-image-element in-legacy-container\" style=\"--awb-caption-title-font-family:var(--h2_typography-font-family);--awb-caption-title-font-weight:var(--h2_typography-font-weight);--awb-caption-title-font-style:var(--h2_typography-font-style);--awb-caption-title-size:var(--h2_typography-font-size);--awb-caption-title-transform:var(--h2_typography-text-transform);--awb-caption-title-line-height:var(--h2_typography-line-height);--awb-caption-title-letter-spacing:var(--h2_typography-letter-spacing);\"><span class=\" fusion-imageframe imageframe-none imageframe-1 hover-type-none\"><img decoding=\"async\" width=\"700\" height=\"467\" title=\"electroacupuntura_electroliposis\" src=\"https:\/\/centrecasals.com\/wp-content\/uploads\/2018\/02\/electroacupuntura_electroliposis.jpg\" alt class=\"img-responsive wp-image-1691\" srcset=\"https:\/\/centrecasals.com\/wp-content\/uploads\/2018\/02\/electroacupuntura_electroliposis-200x133.jpg 200w, https:\/\/centrecasals.com\/wp-content\/uploads\/2018\/02\/electroacupuntura_electroliposis-400x267.jpg 400w, https:\/\/centrecasals.com\/wp-content\/uploads\/2018\/02\/electroacupuntura_electroliposis-600x400.jpg 600w, https:\/\/centrecasals.com\/wp-content\/uploads\/2018\/02\/electroacupuntura_electroliposis.jpg 700w\" sizes=\"(max-width: 800px) 100vw, 700px\" \/><\/span><\/div><div class=\"fusion-clearfix\"><\/div><\/div><\/div><\/div><\/div><div class=\"fusion-fullwidth fullwidth-box fusion-builder-row-2 nonhundred-percent-fullwidth non-hundred-percent-height-scrolling\" style=\"--awb-border-radius-top-left:0px;--awb-border-radius-top-right:0px;--awb-border-radius-bottom-right:0px;--awb-border-radius-bottom-left:0px;--awb-margin-top:50px;--awb-margin-bottom:100px;--awb-flex-wrap:wrap;\" ><div class=\"fusion-builder-row fusion-row\"><div class=\"fusion-layout-column fusion_builder_column fusion-builder-column-3 fusion_builder_column_1_1 1_1 fusion-one-full fusion-column-first fusion-column-last\" style=\"--awb-bg-size:cover;\"><div class=\"fusion-column-wrapper fusion-flex-column-wrapper-legacy\"><div class=\"fusion-text fusion-text-3\"><h2 style=\"text-align: center;\">ELECTROLIPOSIS<\/h2>\n<\/div><div class=\"fusion-sep-clear\"><\/div><div class=\"fusion-separator\" style=\"margin-left: auto;margin-right: auto;margin-bottom:50px;width:100%;max-width:200px;\"><div class=\"fusion-separator-border sep-single sep-solid\" style=\"--awb-height:20px;--awb-amount:20px;border-color:#e0dede;border-top-width:1px;\"><\/div><\/div><div class=\"fusion-sep-clear\"><\/div><div class=\"fusion-clearfix\"><\/div><\/div><\/div><div class=\"fusion-layout-column fusion_builder_column fusion-builder-column-4 fusion_builder_column_1_2 1_2 fusion-one-half fusion-column-first\" style=\"--awb-bg-size:cover;width:50%;width:calc(50% - ( ( 4% ) * 0.5 ) );margin-right: 4%;\"><div class=\"fusion-column-wrapper fusion-flex-column-wrapper-legacy\"><div class=\"fusion-text fusion-text-4\"><p>Esta t\u00e9cnica destruye la celulitis localizada, las grasas que no se eliminan con dietas y ejercicios y obtiene una apreciable reducci\u00f3n de volumen. La electolip\u00f3lisis consiste en la aplicaci\u00f3n de una micro-corriente. Este m\u00e9todo ofrece muy buenos resultados para acabar con la celulitis discreta- cartucheras, muslos, caderas y vientre- y para obtener una considerable reducci\u00f3n del volumen corporal.<\/p>\n<\/div><div class=\"fusion-sep-clear\"><\/div><div class=\"fusion-separator fusion-full-width-sep\" style=\"margin-left: auto;margin-right: auto;margin-bottom:10px;width:100%;\"><\/div><div class=\"fusion-sep-clear\"><\/div><div class=\"fusion-text fusion-text-5\"><p><strong>M\u00e9todo<\/strong><\/p>\n<\/div><div class=\"fusion-text fusion-text-6\"><p>La corriente que se aplica en el cuerpo es denominada microcorriente-corriendo variable de baja frecuencia e intensidad-y una m\u00ednima duraci\u00f3n de polsos-nanosegundos. La electrolip\u00f3lisis tambi\u00e9n recibe el nombre de celuloliposis.la electrolip\u00f3lisis consiste en la aplicaci\u00f3n de agujas muy finas, parecidas a las utilizadas en acupuntura, que se insertan en el tejido graso hipertrofiado.<\/p>\n<p>A trav\u00e9s de estas agujas se hace pasar una corriente de baja intensidad y baja frecuencia que genera unas contracciones en las fibrillas del tejido conjuntivo subcut\u00e1neo. Estas contracciones hacen que las c\u00e9lulas grasas o adipocitos se vuelvan m\u00e1s permeables y eliminen las grasas que contienen en su interior. M\u00e1s tarde esta grasa ser\u00e1 eliminada a trav\u00e9s de la orina por el que es de suma importancia que el paciente ingiera agua durante el tratamiento para ayudar a la eliminaci\u00f3n de estos dep\u00f3sitos grasos.<\/p>\n<p>La electrolip\u00f3lisis aumenta considerablemente la actividad y la renovaci\u00f3n celular, mejora la circulaci\u00f3n local y favorece la producci\u00f3n de ciertas hormonas que est\u00e1n relacionadas con la eliminaci\u00f3n de toxinas y elementos de desecho. Con este tratamiento adem\u00e1s los tejidos se tonifican y se nutren mejorando su elasticidad y textura. Este sistema tiene que ser realizado por un m\u00e9dico est\u00e9tico.la intensidad de la corriente depender\u00e1 de la propia sensibilidad del paciente. Casi siempre se inicia el tratamiento con una intensidad mediana-baja para irla incrementando a medida que se sucedan las sesiones con el fin de que el cuerpo se vaya acostumbrando. Cada sesi\u00f3n tiene una duraci\u00f3n de 30 a 45 minutos.Por ejemplo en el caso electrolip\u00f3lisis se suele utilizar para la zona de las cartucheras cuatro pares de agujas de 10 a 12 cm implantadas en la hipodermis a una profundidad de uno a 5 cm.<\/p>\n<\/div><div class=\"fusion-clearfix\"><\/div><\/div><\/div><div class=\"fusion-layout-column fusion_builder_column fusion-builder-column-5 fusion_builder_column_1_2 1_2 fusion-one-half fusion-column-last\" style=\"--awb-bg-size:cover;width:50%;width:calc(50% - ( ( 4% ) * 0.5 ) );\"><div class=\"fusion-column-wrapper fusion-flex-column-wrapper-legacy\"><div class=\"fusion-text fusion-text-7\"><p><strong>Resultados<\/strong><\/p>\n<\/div><div class=\"fusion-text fusion-text-8\"><p>Por t\u00e9rmino medio se precisan alrededor de 6 o 10 sesiones con una frecuencia semanal. El resultado se empieza a observar a partir de la cuarta sesi\u00f3n. Es necesario durante y al finalizar el tratamiento unos h\u00e1bitos alimenticios sanos y la pr\u00e1ctica de alg\u00fan deporte al menos dos veces a la semana.<\/p>\n<p>Los resultados dependen en gran medida de la antig\u00fcedad de la celulitis y de la calidad de los tejidos. En cuanto al volumen, la media es una p\u00e9rdida de 2 cm a 5cm en el contorno de las caderas y de 3 a 4 cm en los muslos. En lo relativo al peso, lo normal es perder una media de 4 a 5 kilos.<\/p>\n<p>Una vez finalizadas las sesiones el tratamiento sigue haciendo efecto pues parecen que las c\u00e9lulas recordaran el proceso al que han sido sometidos. Este punto es importante pues el paciente sometido a electrolip\u00f3lisis no engorda tras finalizarlo sino que consigue que el organismo se equilibre en su conjunto.<\/p>\n<\/div><div class=\"fusion-sep-clear\"><\/div><div class=\"fusion-separator fusion-full-width-sep\" style=\"margin-left: auto;margin-right: auto;margin-bottom:10px;width:100%;\"><\/div><div class=\"fusion-sep-clear\"><\/div><div class=\"fusion-text fusion-text-9\"><p><strong>Indicaciones<\/strong><\/p>\n<\/div><ul style=\"--awb-size:13px;--awb-line-height:22.1px;--awb-icon-width:22.1px;--awb-icon-height:22.1px;--awb-icon-margin:9.1px;--awb-content-margin:31.2px;\" class=\"fusion-checklist fusion-checklist-1 fusion-checklist-default type-icons\"><li class=\"fusion-li-item\" style=\"\"><span class=\"icon-wrapper circle-no\"><i class=\"fusion-li-icon fa fa-check\" aria-hidden=\"true\"><\/i><\/span><div class=\"fusion-li-item-content\">\n<p>Destrucci\u00f3n de la grasa localizada. (Efecto quema grasa en personas con sobrepeso.<\/p>\n<\/div><\/li><li class=\"fusion-li-item\" style=\"\"><span class=\"icon-wrapper circle-no\"><i class=\"fusion-li-icon fa fa-check\" aria-hidden=\"true\"><\/i><\/span><div class=\"fusion-li-item-content\">\n<p>Tonificaci\u00f3n de las estructuras cut\u00e1neas. (Efecto electro-mec\u00e1nico).<\/p>\n<\/div><\/li><li class=\"fusion-li-item\" style=\"\"><span class=\"icon-wrapper circle-no\"><i class=\"fusion-li-icon fa fa-check\" aria-hidden=\"true\"><\/i><\/span><div class=\"fusion-li-item-content\">\n<p>Correcci\u00f3n del volumen corporal. (Efecto Joule).<\/p>\n<\/div><\/li><li class=\"fusion-li-item\" style=\"\"><span class=\"icon-wrapper circle-no\"><i class=\"fusion-li-icon fa fa-check\" aria-hidden=\"true\"><\/i><\/span><div class=\"fusion-li-item-content\">\n<p>Mejora de los procesos circulatorios y de eliminaci\u00f3n de toxinas.<\/p>\n<\/div><\/li><\/ul><div class=\"fusion-clearfix\"><\/div><\/div><\/div><\/div><\/div><\/p>\n","protected":false},"excerpt":{"rendered":"","protected":false},"author":2,"featured_media":0,"parent":1248,"menu_order":0,"comment_status":"closed","ping_status":"closed","template":"100-width.php","meta":{"footnotes":""},"aioseo_notices":[],"jetpack_sharing_enabled":true,"_links":{"self":[{"href":"https:\/\/centrecasals.com\/es\/wp-json\/wp\/v2\/pages\/1262"}],"collection":[{"href":"https:\/\/centrecasals.com\/es\/wp-json\/wp\/v2\/pages"}],"about":[{"href":"https:\/\/centrecasals.com\/es\/wp-json\/wp\/v2\/types\/page"}],"author":[{"embeddable":true,"href":"https:\/\/centrecasals.com\/es\/wp-json\/wp\/v2\/users\/2"}],"replies":[{"embeddable":true,"href":"https:\/\/centrecasals.com\/es\/wp-json\/wp\/v2\/comments?post=1262"}],"version-history":[{"count":3,"href":"https:\/\/centrecasals.com\/es\/wp-json\/wp\/v2\/pages\/1262\/revisions"}],"predecessor-version":[{"id":1496,"href":"https:\/\/centrecasals.com\/es\/wp-json\/wp\/v2\/pages\/1262\/revisions\/1496"}],"up":[{"embeddable":true,"href":"https:\/\/centrecasals.com\/es\/wp-json\/wp\/v2\/pages\/1248"}],"wp:attachment":[{"href":"https:\/\/centrecasals.com\/es\/wp-json\/wp\/v2\/media?parent=1262"}],"curies":[{"name":"wp","href":"https:\/\/api.w.org\/{rel}","templated":true}]}}