{"id":1274,"date":"2018-07-02T15:16:23","date_gmt":"2018-07-02T15:16:23","guid":{"rendered":"http:\/\/www.lababala.com\/?page_id=1274"},"modified":"2018-07-09T09:43:25","modified_gmt":"2018-07-09T09:43:25","slug":"ventosas","status":"publish","type":"page","link":"https:\/\/centrecasals.com\/es\/medicina-tradicional-xina\/ventosas\/","title":{"rendered":"Ventosas"},"content":{"rendered":"<div class=\"fusion-fullwidth fullwidth-box fusion-builder-row-1 nonhundred-percent-fullwidth non-hundred-percent-height-scrolling\" style=\"--awb-border-radius-top-left:0px;--awb-border-radius-top-right:0px;--awb-border-radius-bottom-right:0px;--awb-border-radius-bottom-left:0px;--awb-margin-top:50px;--awb-margin-bottom:100px;--awb-flex-wrap:wrap;\" ><div class=\"fusion-builder-row fusion-row\"><div class=\"fusion-layout-column fusion_builder_column fusion-builder-column-0 fusion_builder_column_1_1 1_1 fusion-one-full fusion-column-first fusion-column-last\" style=\"--awb-bg-size:cover;\"><div class=\"fusion-column-wrapper fusion-flex-column-wrapper-legacy\"><div class=\"fusion-text fusion-text-1\"><h2 style=\"text-align: center;\">VENTOSAS<\/h2>\n<\/div><div class=\"fusion-sep-clear\"><\/div><div class=\"fusion-separator\" style=\"margin-left: auto;margin-right: auto;margin-bottom:50px;width:100%;max-width:200px;\"><div class=\"fusion-separator-border sep-single sep-solid\" style=\"--awb-height:20px;--awb-amount:20px;border-color:#e0dede;border-top-width:1px;\"><\/div><\/div><div class=\"fusion-sep-clear\"><\/div><div class=\"fusion-clearfix\"><\/div><\/div><\/div><div class=\"fusion-layout-column fusion_builder_column fusion-builder-column-1 fusion_builder_column_1_2 1_2 fusion-one-half fusion-column-first\" style=\"--awb-bg-size:cover;width:50%;width:calc(50% - ( ( 4% ) * 0.5 ) );margin-right: 4%;\"><div class=\"fusion-column-wrapper fusion-flex-column-wrapper-legacy\"><div class=\"fusion-text fusion-text-2\"><p><strong>Ventosa<\/strong>, en latin <em>cuc\u00farbita<\/em>, es un antiguo instrumento de cirug\u00eda de forma redondeada de vidrio o de metal, que se aplica en los diversos puntos de la superficie del cuerpo para atraer a ellos un aflujo de los l\u00edquidos mediante el vac\u00edo que se forma por un medio cualquiera.<\/p>\n<blockquote>\n<p><strong>Indicaciones<\/strong>:<br \/>\nSedaci\u00f3n, Fomenta la circulaci\u00f3n sangu\u00ednea, Ayuda en la perdida de peso, Antiestres, Estimula la zona, \u00f3rgano y activa los puntos y meridianos, Anemia, Leucopenia, Trombocitopenia, Desintoxicaci\u00f3n.<\/p>\n<\/blockquote>\n<\/div><div class=\"fusion-clearfix\"><\/div><\/div><\/div><div class=\"fusion-layout-column fusion_builder_column fusion-builder-column-2 fusion_builder_column_1_2 1_2 fusion-one-half fusion-column-last\" style=\"--awb-bg-image:url(&#039;http:\/\/www.lababala.com\/wp-content\/uploads\/2018\/02\/VENTOSES.jpg&#039;);--awb-bg-size:cover;width:50%;width:calc(50% - ( ( 4% ) * 0.5 ) );\"><div class=\"fusion-column-wrapper fusion-flex-column-wrapper-legacy fusion-column-has-bg-image\" data-bg-url=\"http:\/\/www.lababala.com\/wp-content\/uploads\/2018\/02\/VENTOSES.jpg\"><div class=\"fusion-image-element in-legacy-container\" style=\"--awb-caption-title-font-family:var(--h2_typography-font-family);--awb-caption-title-font-weight:var(--h2_typography-font-weight);--awb-caption-title-font-style:var(--h2_typography-font-style);--awb-caption-title-size:var(--h2_typography-font-size);--awb-caption-title-transform:var(--h2_typography-text-transform);--awb-caption-title-line-height:var(--h2_typography-line-height);--awb-caption-title-letter-spacing:var(--h2_typography-letter-spacing);\"><span class=\" fusion-imageframe imageframe-none imageframe-1 hover-type-none\"><img decoding=\"async\" width=\"700\" height=\"467\" title=\"ventoses\" src=\"https:\/\/centrecasals.com\/wp-content\/uploads\/2018\/02\/ventoses.jpg\" alt class=\"img-responsive wp-image-1615\" srcset=\"https:\/\/centrecasals.com\/wp-content\/uploads\/2018\/02\/ventoses-200x133.jpg 200w, https:\/\/centrecasals.com\/wp-content\/uploads\/2018\/02\/ventoses-400x267.jpg 400w, https:\/\/centrecasals.com\/wp-content\/uploads\/2018\/02\/ventoses-600x400.jpg 600w, https:\/\/centrecasals.com\/wp-content\/uploads\/2018\/02\/ventoses.jpg 700w\" sizes=\"(max-width: 800px) 100vw, 700px\" \/><\/span><\/div><div class=\"fusion-clearfix\"><\/div><\/div><\/div><\/div><\/div>\n","protected":false},"excerpt":{"rendered":"","protected":false},"author":2,"featured_media":0,"parent":1248,"menu_order":0,"comment_status":"closed","ping_status":"closed","template":"100-width.php","meta":{"footnotes":""},"aioseo_notices":[],"jetpack_sharing_enabled":true,"_links":{"self":[{"href":"https:\/\/centrecasals.com\/es\/wp-json\/wp\/v2\/pages\/1274"}],"collection":[{"href":"https:\/\/centrecasals.com\/es\/wp-json\/wp\/v2\/pages"}],"about":[{"href":"https:\/\/centrecasals.com\/es\/wp-json\/wp\/v2\/types\/page"}],"author":[{"embeddable":true,"href":"https:\/\/centrecasals.com\/es\/wp-json\/wp\/v2\/users\/2"}],"replies":[{"embeddable":true,"href":"https:\/\/centrecasals.com\/es\/wp-json\/wp\/v2\/comments?post=1274"}],"version-history":[{"count":3,"href":"https:\/\/centrecasals.com\/es\/wp-json\/wp\/v2\/pages\/1274\/revisions"}],"predecessor-version":[{"id":1499,"href":"https:\/\/centrecasals.com\/es\/wp-json\/wp\/v2\/pages\/1274\/revisions\/1499"}],"up":[{"embeddable":true,"href":"https:\/\/centrecasals.com\/es\/wp-json\/wp\/v2\/pages\/1248"}],"wp:attachment":[{"href":"https:\/\/centrecasals.com\/es\/wp-json\/wp\/v2\/media?parent=1274"}],"curies":[{"name":"wp","href":"https:\/\/api.w.org\/{rel}","templated":true}]}}