{"id":1284,"date":"2018-07-02T15:31:07","date_gmt":"2018-07-02T15:31:07","guid":{"rendered":"http:\/\/www.lababala.com\/?page_id=1284"},"modified":"2025-06-06T14:02:23","modified_gmt":"2025-06-06T12:02:23","slug":"terapias-naturales","status":"publish","type":"page","link":"https:\/\/centrecasals.com\/es\/terapias-naturales\/","title":{"rendered":"Terapias Naturales"},"content":{"rendered":"<p><div class=\"fusion-fullwidth fullwidth-box fusion-builder-row-1 fusion-parallax-none nonhundred-percent-fullwidth non-hundred-percent-height-scrolling\" style=\"--awb-border-radius-top-left:0px;--awb-border-radius-top-right:0px;--awb-border-radius-bottom-right:0px;--awb-border-radius-bottom-left:0px;--awb-padding-top:200px;--awb-padding-bottom:200px;--awb-margin-top:0px;--awb-background-image:url(&quot;https:\/\/centrecasals.com\/wp-content\/uploads\/2018\/03\/terapiesnaturals.jpg&quot;);--awb-background-size:cover;--awb-flex-wrap:wrap;\" ><div class=\"fusion-builder-row fusion-row\"><div class=\"fusion-layout-column fusion_builder_column fusion-builder-column-0 fusion_builder_column_1_1 1_1 fusion-one-full fusion-column-first fusion-column-last fusion-column-no-min-height\" style=\"--awb-bg-size:cover;\"><div class=\"fusion-column-wrapper fusion-flex-column-wrapper-legacy\"><div class=\"fusion-column-content-centered\"><div class=\"fusion-column-content\"><div class=\"fusion-text fusion-text-1\"><h1 style=\"text-align: center;\"><span style=\"color: #ffffff;\">TERAPIAS NATURALES<\/span><\/h1>\n<\/div><div class=\"fusion-sep-clear\"><\/div><div class=\"fusion-separator\" style=\"margin-left: auto;margin-right: auto;width:100%;max-width:200px;\"><div class=\"fusion-separator-border sep-single sep-solid\" style=\"--awb-height:20px;--awb-amount:20px;--awb-sep-color:#ffffff;border-color:#ffffff;border-top-width:1px;\"><\/div><\/div><div class=\"fusion-sep-clear\"><\/div><\/div><\/div><div class=\"fusion-clearfix\"><\/div><\/div><\/div><\/div><\/div><div class=\"fusion-fullwidth fullwidth-box fusion-builder-row-2 nonhundred-percent-fullwidth non-hundred-percent-height-scrolling\" style=\"--awb-border-radius-top-left:0px;--awb-border-radius-top-right:0px;--awb-border-radius-bottom-right:0px;--awb-border-radius-bottom-left:0px;--awb-flex-wrap:wrap;\" ><div class=\"fusion-builder-row fusion-row\"><div class=\"fusion-layout-column fusion_builder_column fusion-builder-column-1 fusion_builder_column_1_1 1_1 fusion-one-full fusion-column-first fusion-column-last\" style=\"--awb-bg-size:cover;\"><div class=\"fusion-column-wrapper fusion-flex-column-wrapper-legacy\"><div class=\"fusion-sep-clear\"><\/div><div class=\"fusion-separator fusion-full-width-sep\" style=\"margin-left: auto;margin-right: auto;margin-top:50px;margin-bottom:50px;width:100%;\"><\/div><div class=\"fusion-sep-clear\"><\/div><div class=\"fusion-clearfix\"><\/div><\/div><\/div><\/div><\/div><div class=\"fusion-fullwidth fullwidth-box fusion-builder-row-3 nonhundred-percent-fullwidth non-hundred-percent-height-scrolling fusion-equal-height-columns\" style=\"--awb-border-radius-top-left:0px;--awb-border-radius-top-right:0px;--awb-border-radius-bottom-right:0px;--awb-border-radius-bottom-left:0px;--awb-flex-wrap:wrap;\" ><div class=\"fusion-builder-row fusion-row\"><div class=\"fusion-layout-column fusion_builder_column fusion-builder-column-2 fusion_builder_column_1_2 1_2 fusion-one-half fusion-column-first fusion-column-no-min-height\" style=\"--awb-padding-right:50px;--awb-bg-size:cover;width:50%;width:calc(50% - ( ( 4% ) * 0.5 ) );margin-right: 4%;\"><div class=\"fusion-column-wrapper fusion-flex-column-wrapper-legacy\"><div class=\"fusion-text fusion-text-2\"><div style=\"text-align: left;\">\n<p>La Medicina Naturista es un sistema o criterio m\u00e9dico preventivo y terap\u00e9utico, basado en la comprensi\u00f3n y utilizaci\u00f3n de los principios autoreguladores del organismo, que contempla a la persona globalmente o integrado en su entorno.<\/p>\n<p>Detr\u00e1s de la Medicina Naturista hay una filosof\u00eda que sirve de constante punto de referencia:<\/p>\n<p>&nbsp;<\/p>\n<div><\/div>\n<\/div>\n<\/div><div class=\"fusion-sep-clear\"><\/div><div class=\"fusion-separator fusion-full-width-sep\" style=\"margin-left: auto;margin-right: auto;margin-top:20px;width:100%;\"><\/div><div class=\"fusion-sep-clear\"><\/div><div class=\"fusion-text fusion-text-3\"><h2><em><span style=\"color: #92c2d9;\">\u00abCurar aplicando est\u00edmulos naturales que act\u00faan en el mismo sentido que lo har\u00eda la naturaleza del individuo contemplando a la persona globalmente, y en relaci\u00f3n con su entorno\u00bb<\/span><\/em><\/h2>\n<\/div><div class=\"fusion-clearfix\"><\/div><\/div><\/div><div class=\"fusion-layout-column fusion_builder_column fusion-builder-column-3 fusion_builder_column_1_2 1_2 fusion-one-half fusion-column-last fusion-column-no-min-height\" style=\"--awb-padding-right:50px;--awb-bg-size:cover;width:50%;width:calc(50% - ( ( 4% ) * 0.5 ) );\"><div class=\"fusion-column-wrapper fusion-flex-column-wrapper-legacy\"><div class=\"fusion-text fusion-text-4\"><p>Esta filosof\u00eda o manera de entender la vida se define como Naturismo.<\/p>\n<p>La Medicina Naturista se fundamenta en la idea de la existencia de una fuerza interna que tiende a mantenernos en salud y que denominamos \u00abvis natura medicatrix\u00bb o principios autoreguladores del organismo.<\/p>\n<p>Como recursos para ayudar esta fuerza y siguiendo el principio hipocr\u00e1tico de \u00abprimero no perjudicar\u00bb, son utilizados preferentemente todos aquellos medios presentes a la natura: agua (hidroter\u00e0pia ), alimentos (dietas depurativas), plantas medicinales (fitoterapia), &#8230;<\/p>\n<h2 style=\"text-align: left;\"><em><span style=\"color: #92c2d9;\">\u00a0<\/span><\/em><\/h2>\n<\/div><div class=\"fusion-clearfix\"><\/div><\/div><\/div><\/div><\/div><div class=\"fusion-fullwidth fullwidth-box fusion-builder-row-4 nonhundred-percent-fullwidth non-hundred-percent-height-scrolling\" style=\"--awb-border-radius-top-left:0px;--awb-border-radius-top-right:0px;--awb-border-radius-bottom-right:0px;--awb-border-radius-bottom-left:0px;--awb-margin-top:50px;--awb-margin-bottom:50px;--awb-flex-wrap:wrap;\" ><div class=\"fusion-builder-row fusion-row\"><div class=\"fusion-layout-column fusion_builder_column fusion-builder-column-4 fusion_builder_column_1_1 1_1 fusion-one-full fusion-column-first fusion-column-last\" style=\"--awb-bg-size:cover;--awb-margin-bottom:0px;\"><div class=\"fusion-column-wrapper fusion-flex-column-wrapper-legacy\"><div class=\"fusion-text fusion-text-5\"><h2 style=\"text-align: center;\">T\u00e9cnicas terap\u00e9uticas<\/h2>\n<\/div><div class=\"fusion-sep-clear\"><\/div><div class=\"fusion-separator\" style=\"margin-left: auto;margin-right: auto;margin-top:0px;margin-bottom:100px;width:100%;max-width:280px;\"><div class=\"fusion-separator-border sep-single sep-solid\" style=\"--awb-height:20px;--awb-amount:20px;--awb-sep-color:#d1d1d1;border-color:#d1d1d1;border-top-width:2px;\"><\/div><\/div><div class=\"fusion-sep-clear\"><\/div><div class=\"fusion-content-boxes content-boxes columns row fusion-columns-3 fusion-columns-total-3 fusion-content-boxes-1 content-boxes-icon-on-top content-left\" style=\"--awb-hover-accent-color:#67b7e1;--awb-circle-hover-accent-color:#67b7e1;\" data-animationOffset=\"top-into-view\"><div style=\"--awb-backgroundcolor:rgba(255,255,255,0);\" class=\"fusion-column content-box-column content-box-column content-box-column-1 col-lg-4 col-md-4 col-sm-4 fusion-content-box-hover content-box-column-first-in-row\"><div class=\"col content-box-wrapper content-wrapper link-area-link-icon link-type-text icon-hover-animation-fade\" data-animationOffset=\"top-into-view\"><div class=\"heading heading-with-icon icon-left\"><a class=\"heading-link\" href=\"https:\/\/centrecasals.com\/terapias-naturales\/homeopatia\/?lang=es\" target=\"_self\"><div aria-hidden=\"true\" class=\"image\"><img decoding=\"async\" src=\"https:\/\/centrecasals.com\/wp-content\/uploads\/2017\/12\/homeopatia_rodona.png\" width=\"85\" height=\"85\" alt=\"\" \/><\/div><h2 class=\"content-box-heading\" style=\"--h2_typography-font-size:18px;line-height:23px;\">HOMEOPATIA<\/h2><\/a><\/div><div class=\"fusion-clearfix\"><\/div><div class=\"content-container\">\n<p>La Homeopat\u00eda, siempre que se pueda, pretende ser una medicina personotr\u00f3pica, es decir, corresponder a la realidad tan compleja de la persona.<\/p>\n<\/div><div class=\"fusion-clearfix\"><\/div><a class=\" fusion-read-more\" href=\"https:\/\/centrecasals.com\/terapias-naturales\/homeopatia\/?lang=es\" target=\"_self\">M\u00e1s informaci\u00f3n<\/a><div class=\"fusion-clearfix\"><\/div><\/div><\/div><div style=\"--awb-backgroundcolor:rgba(255,255,255,0);\" class=\"fusion-column content-box-column content-box-column content-box-column-2 col-lg-4 col-md-4 col-sm-4 fusion-content-box-hover \"><div class=\"col content-box-wrapper content-wrapper link-area-link-icon link-type-text icon-hover-animation-fade\" data-animationOffset=\"top-into-view\"><div class=\"heading heading-with-icon icon-left\"><a class=\"heading-link\" href=\"https:\/\/centrecasals.com\/terapias-naturales\/flores-de-bach\/?lang=es\" target=\"_self\"><div aria-hidden=\"true\" class=\"image\"><img decoding=\"async\" src=\"https:\/\/centrecasals.com\/wp-content\/uploads\/2017\/12\/flors_bach_rodona.png\" width=\"85\" height=\"85\" alt=\"\" \/><\/div><h2 class=\"content-box-heading\" style=\"--h2_typography-font-size:18px;line-height:23px;\">FLORES DE BACH<\/h2><\/a><\/div><div class=\"fusion-clearfix\"><\/div><div class=\"content-container\">\n<p>El Dr. Edward Bach fu\u00e9 m\u00e9dico y home\u00f3pata, que dedic\u00f3 su vida a los m\u00e9todos m\u00e1s puros de curaci\u00f3n. Cre\u00eda, como muchos m\u00e9dicos de hoy, que la actitud mental juega un papel vital en el mantenimiento de la salud y en la recuperaci\u00f3n de la enfermedad.<\/p>\n<\/div><div class=\"fusion-clearfix\"><\/div><a class=\" fusion-read-more\" href=\"https:\/\/centrecasals.com\/terapias-naturales\/flores-de-bach\/?lang=es\" target=\"_self\">M\u00e1s informaci\u00f3n<\/a><div class=\"fusion-clearfix\"><\/div><\/div><\/div><div style=\"--awb-backgroundcolor:rgba(255,255,255,0);\" class=\"fusion-column content-box-column content-box-column content-box-column-3 col-lg-4 col-md-4 col-sm-4 fusion-content-box-hover content-box-column-last content-box-column-last-in-row\"><div class=\"col content-box-wrapper content-wrapper link-area-link-icon link-type-text icon-hover-animation-fade\" data-animationOffset=\"top-into-view\"><div class=\"heading heading-with-icon icon-left\"><a class=\"heading-link\" href=\"https:\/\/centrecasals.com\/medicina-tradicional-xina\/acupuntura\/?lang=es\" target=\"_self\"><div aria-hidden=\"true\" class=\"image\"><img decoding=\"async\" src=\"https:\/\/centrecasals.com\/wp-content\/uploads\/2018\/03\/acupuntura_rodona.png\" width=\"85\" height=\"85\" alt=\"\" \/><\/div><h2 class=\"content-box-heading\" style=\"--h2_typography-font-size:18px;line-height:23px;\">ACUPUNTURA<\/h2><\/a><\/div><div class=\"fusion-clearfix\"><\/div><div class=\"content-container\">\n<p>Los canales o meridianos principales constituyen el p\u00edvot de la Acupuntura. Cada uno de ellos presenta un recorrido propio, un horario energ\u00e9tico determinado y corresponde a un \u00f3rgano, a una entra\u00f1a o a una funci\u00f3n.<\/p>\n<\/div><div class=\"fusion-clearfix\"><\/div><a class=\" fusion-read-more\" href=\"https:\/\/centrecasals.com\/medicina-tradicional-xina\/acupuntura\/?lang=es\" target=\"_self\">M\u00e1s informaci\u00f3n<\/a><div class=\"fusion-clearfix\"><\/div><\/div><\/div><div class=\"fusion-clearfix\"><\/div><\/div><div class=\"fusion-clearfix\"><\/div><\/div><\/div><div class=\"fusion-layout-column fusion_builder_column fusion-builder-column-5 fusion_builder_column_1_1 1_1 fusion-one-full fusion-column-first fusion-column-last\" style=\"--awb-bg-size:cover;\"><div class=\"fusion-column-wrapper fusion-flex-column-wrapper-legacy\"><div class=\"fusion-content-boxes content-boxes columns row fusion-columns-3 fusion-columns-total-3 fusion-content-boxes-2 content-boxes-icon-on-top content-left\" style=\"--awb-hover-accent-color:#67b7e1;--awb-circle-hover-accent-color:#67b7e1;\" data-animationOffset=\"top-into-view\"><div style=\"--awb-backgroundcolor:rgba(255,255,255,0);\" class=\"fusion-column content-box-column content-box-column content-box-column-1 col-lg-4 col-md-4 col-sm-4 fusion-content-box-hover content-box-column-first-in-row\"><div class=\"col content-box-wrapper content-wrapper link-area-link-icon icon-hover-animation-fade\" data-animationOffset=\"top-into-view\"><div class=\"heading heading-with-icon icon-left\"><div aria-hidden=\"true\" class=\"image\"><img decoding=\"async\" src=\"https:\/\/centrecasals.com\/wp-content\/uploads\/2017\/12\/NOIMAGE_rodona.png\" width=\"85\" height=\"85\" alt=\"\" \/><\/div><h2 class=\"content-box-heading\" style=\"--h2_typography-font-size:18px;line-height:23px;\">FITOTERAPIA<\/h2><\/div><div class=\"fusion-clearfix\"><\/div><div class=\"content-container\">\n<p><span id=\"result_box\" class=\"\" lang=\"es\">La Fitoterapia es <span class=\"\">la ciencia<\/span> que estudia la utilizaci\u00f3n de las plantas medicinales y sus <span class=\"\">derivados con finalidad<\/span> terap\u00e9utica, ya sea para prevenir, para aliviar o para curar <span class=\"\">las enfermedades<\/span>. <span class=\"\">El tratamiento con<\/span> plantas medicinales es un recurso <span class=\"\">que puede ayudar<\/span> al organismo en sus funciones de depuraci\u00f3n, sudoraci\u00f3n, eliminaci\u00f3n de l\u00edquidos, <span class=\"\">digesti\u00f3n<\/span>, &#8230; Muchas veces se utiliza tambien de forma sintom\u00e1tica para aliviar dolores <span class=\"\">u otros s\u00edntomas<\/span>.<\/span><\/p>\n<\/div><\/div><\/div><div style=\"--awb-backgroundcolor:rgba(255,255,255,0);\" class=\"fusion-column content-box-column content-box-column content-box-column-2 col-lg-4 col-md-4 col-sm-4 fusion-content-box-hover \"><div class=\"col content-box-wrapper content-wrapper link-area-link-icon link-type-text icon-hover-animation-fade\" data-animationOffset=\"top-into-view\"><div class=\"heading heading-with-icon icon-left\"><a class=\"heading-link\" href=\"https:\/\/centrecasals.com\/dietetica-y-nutricion\/?lang=es\" target=\"_self\"><div aria-hidden=\"true\" class=\"image\"><img decoding=\"async\" src=\"https:\/\/centrecasals.com\/wp-content\/uploads\/2018\/03\/dietetica_rodona.png\" width=\"85\" height=\"85\" alt=\"\" \/><\/div><h2 class=\"content-box-heading\" style=\"--h2_typography-font-size:18px;line-height:23px;\">NUTRICI\u00d3N<\/h2><\/a><\/div><div class=\"fusion-clearfix\"><\/div><div class=\"content-container\">\n<p><span id=\"result_box\" class=\"\" lang=\"es\">La Diet\u00e9tica o Dietoterapia ense\u00f1a al paciente a comer correctamente, y utiliza el conocimiento de las propiedades y virtudes terap\u00e9uticas de cada alimento para ayudar en <span class=\"\">la curaci\u00f3n.<\/span><\/span><\/p>\n<\/div><div class=\"fusion-clearfix\"><\/div><a class=\" fusion-read-more\" href=\"https:\/\/centrecasals.com\/dietetica-y-nutricion\/?lang=es\" target=\"_self\">M\u00e1s informaci\u00f3n<\/a><div class=\"fusion-clearfix\"><\/div><\/div><\/div><div style=\"--awb-backgroundcolor:rgba(255,255,255,0);\" class=\"fusion-column content-box-column content-box-column content-box-column-3 col-lg-4 col-md-4 col-sm-4 fusion-content-box-hover content-box-column-last content-box-column-last-in-row\"><div class=\"col content-box-wrapper content-wrapper link-area-link-icon icon-hover-animation-fade\" data-animationOffset=\"top-into-view\"><div class=\"heading heading-with-icon icon-left\"><div aria-hidden=\"true\" class=\"image\"><img decoding=\"async\" src=\"https:\/\/centrecasals.com\/wp-content\/uploads\/2017\/12\/NOIMAGE_rodona.png\" width=\"85\" height=\"85\" alt=\"\" \/><\/div><h2 class=\"content-box-heading\" style=\"--h2_typography-font-size:18px;line-height:23px;\">CURACI\u00d3N CON ARCILLA<\/h2><\/div><div class=\"fusion-clearfix\"><\/div><div class=\"content-container\">\n<p><span id=\"result_box\" class=\"\" lang=\"es\">En el Centro Casals aplicamos arcillas a las diferentes patolog\u00edas para aprovechar su efecto <span class=\"\">antiinflamatorio<\/span><\/span><\/p>\n<\/div><\/div><\/div><div class=\"fusion-clearfix\"><\/div><\/div><div class=\"fusion-clearfix\"><\/div><\/div><\/div><div class=\"fusion-layout-column fusion_builder_column fusion-builder-column-6 fusion_builder_column_1_1 1_1 fusion-one-full fusion-column-first fusion-column-last\" style=\"--awb-bg-size:cover;\"><div class=\"fusion-column-wrapper fusion-flex-column-wrapper-legacy\"><div class=\"fusion-content-boxes content-boxes columns row fusion-columns-3 fusion-columns-total-1 fusion-content-boxes-3 content-boxes-icon-on-top content-left\" style=\"--awb-hover-accent-color:#67b7e1;--awb-circle-hover-accent-color:#67b7e1;\" data-animationOffset=\"top-into-view\"><div style=\"--awb-backgroundcolor:rgba(255,255,255,0);\" class=\"fusion-column content-box-column content-box-column content-box-column-1 col-lg-4 col-md-4 col-sm-4 fusion-content-box-hover content-box-column-first-in-row content-box-column-last\"><div class=\"col content-box-wrapper content-wrapper link-area-link-icon link-type-text icon-hover-animation-fade\" data-animationOffset=\"top-into-view\"><div class=\"heading heading-with-icon icon-left\"><a class=\"heading-link\" href=\"https:\/\/centrecasals.com\/fisioterapia\/terapia-manual\/?lang=es\" target=\"_self\"><div aria-hidden=\"true\" class=\"image\"><img decoding=\"async\" src=\"https:\/\/centrecasals.com\/wp-content\/uploads\/2017\/12\/terapia-manual_rodona.png\" width=\"85\" height=\"85\" alt=\"\" \/><\/div><h2 class=\"content-box-heading\" style=\"--h2_typography-font-size:18px;line-height:23px;\">TER\u00c1PIAS MANUALES<\/h2><\/a><\/div><div class=\"fusion-clearfix\"><\/div><div class=\"content-container\">\n<p><span id=\"result_box\" class=\"\" lang=\"es\">La Terapia Manual en Fisioterapia es el tratamiento manual que facilita e impulsa el re-establecimiento <span class=\"\">de la salud<\/span> <span class=\"\">y la funci\u00f3n<\/span> <span class=\"\">corporal<\/span>, tomando en cuenta la interrelaci\u00f3n entre estructura <span class=\"\">y funci\u00f3n.<\/span><\/span><\/p>\n<\/div><div class=\"fusion-clearfix\"><\/div><a class=\" fusion-read-more\" href=\"https:\/\/centrecasals.com\/fisioterapia\/terapia-manual\/?lang=es\" target=\"_self\">M\u00e1s informaci\u00f3n<\/a><div class=\"fusion-clearfix\"><\/div><\/div><\/div><div class=\"fusion-clearfix\"><\/div><\/div><div class=\"fusion-clearfix\"><\/div><\/div><\/div><\/div><\/div><\/p>\n","protected":false},"excerpt":{"rendered":"","protected":false},"author":2,"featured_media":0,"parent":0,"menu_order":0,"comment_status":"closed","ping_status":"closed","template":"100-width.php","meta":{"footnotes":""},"aioseo_notices":[],"jetpack_sharing_enabled":true,"_links":{"self":[{"href":"https:\/\/centrecasals.com\/es\/wp-json\/wp\/v2\/pages\/1284"}],"collection":[{"href":"https:\/\/centrecasals.com\/es\/wp-json\/wp\/v2\/pages"}],"about":[{"href":"https:\/\/centrecasals.com\/es\/wp-json\/wp\/v2\/types\/page"}],"author":[{"embeddable":true,"href":"https:\/\/centrecasals.com\/es\/wp-json\/wp\/v2\/users\/2"}],"replies":[{"embeddable":true,"href":"https:\/\/centrecasals.com\/es\/wp-json\/wp\/v2\/comments?post=1284"}],"version-history":[{"count":10,"href":"https:\/\/centrecasals.com\/es\/wp-json\/wp\/v2\/pages\/1284\/revisions"}],"predecessor-version":[{"id":5322,"href":"https:\/\/centrecasals.com\/es\/wp-json\/wp\/v2\/pages\/1284\/revisions\/5322"}],"wp:attachment":[{"href":"https:\/\/centrecasals.com\/es\/wp-json\/wp\/v2\/media?parent=1284"}],"curies":[{"name":"wp","href":"https:\/\/api.w.org\/{rel}","templated":true}]}}