{"id":1290,"date":"2018-07-03T09:48:29","date_gmt":"2018-07-03T09:48:29","guid":{"rendered":"http:\/\/www.lababala.com\/?page_id=1290"},"modified":"2018-07-09T10:06:32","modified_gmt":"2018-07-09T10:06:32","slug":"flores-de-bach","status":"publish","type":"page","link":"https:\/\/centrecasals.com\/es\/terapias-naturales\/flores-de-bach\/","title":{"rendered":"Flores de Bach"},"content":{"rendered":"<div class=\"fusion-fullwidth fullwidth-box fusion-builder-row-1 nonhundred-percent-fullwidth non-hundred-percent-height-scrolling\" style=\"--awb-border-radius-top-left:0px;--awb-border-radius-top-right:0px;--awb-border-radius-bottom-right:0px;--awb-border-radius-bottom-left:0px;--awb-margin-top:50px;--awb-margin-bottom:100px;--awb-flex-wrap:wrap;\" ><div class=\"fusion-builder-row fusion-row\"><div class=\"fusion-layout-column fusion_builder_column fusion-builder-column-0 fusion_builder_column_1_1 1_1 fusion-one-full fusion-column-first fusion-column-last\" style=\"--awb-bg-size:cover;\"><div class=\"fusion-column-wrapper fusion-flex-column-wrapper-legacy\"><div class=\"fusion-text fusion-text-1\"><h2 style=\"text-align: center;\">FLORES DE BACH<\/h2>\n<\/div><div class=\"fusion-sep-clear\"><\/div><div class=\"fusion-separator\" style=\"margin-left: auto;margin-right: auto;margin-bottom:50px;width:100%;max-width:200px;\"><div class=\"fusion-separator-border sep-single sep-solid\" style=\"--awb-height:20px;--awb-amount:20px;border-color:#e0dede;border-top-width:1px;\"><\/div><\/div><div class=\"fusion-sep-clear\"><\/div><div class=\"fusion-clearfix\"><\/div><\/div><\/div><div class=\"fusion-layout-column fusion_builder_column fusion-builder-column-1 fusion_builder_column_1_2 1_2 fusion-one-half fusion-column-first\" style=\"--awb-bg-size:cover;width:50%;width:calc(50% - ( ( 4% ) * 0.5 ) );margin-right: 4%;\"><div class=\"fusion-column-wrapper fusion-flex-column-wrapper-legacy\"><div class=\"fusion-text fusion-text-2\"><p>El Dr. Edward Bach fu\u00e9 m\u00e9dico y home\u00f3pata, que dedic\u00f3 su vida a los m\u00e9todos m\u00e1s puros de curaci\u00f3n. Cre\u00eda, como muchos m\u00e9dicos de hoy, que la actitud mental juega un papel vital en el mantenimiento de la salud y en la recuperaci\u00f3n de la enfermedad. Cuando muri\u00f3 en 1936 hab\u00eda desarrollado un sistema completo de 38 esencias florales, cada una preparada con las flores de plantas silvestres, \u00e1rboles o arbustos. Funcionan tratando al individuo y no la enfermedad o sus s\u00edntomas.<\/p>\n<p>Actualmente estos remedios suaves y seguros son utilizados en todo el mundo por el p\u00fablico en general, y por m\u00e9dicos, y profesionales del sector de la medicina complementaria.<\/p>\n<\/div><div class=\"fusion-sep-clear\"><\/div><div class=\"fusion-separator fusion-full-width-sep\" style=\"margin-left: auto;margin-right: auto;margin-top:20px;margin-bottom:20px;width:100%;\"><\/div><div class=\"fusion-sep-clear\"><\/div><div class=\"fusion-text fusion-text-3\"><div>\n<div>\n<p><strong>Ventajas de las Flores de Bach:<\/strong><\/p>\n<\/div>\n<\/div>\n<\/div><div class=\"fusion-sep-clear\"><\/div><div class=\"fusion-separator fusion-full-width-sep\" style=\"margin-left: auto;margin-right: auto;margin-top:20px;margin-bottom:20px;width:100%;\"><\/div><div class=\"fusion-sep-clear\"><\/div><ul style=\"--awb-size:13px;--awb-line-height:22.1px;--awb-icon-width:22.1px;--awb-icon-height:22.1px;--awb-icon-margin:9.1px;--awb-content-margin:31.2px;\" class=\"fusion-checklist fusion-checklist-1 fusion-checklist-default type-icons\"><li class=\"fusion-li-item\" style=\"\"><span class=\"icon-wrapper circle-no\"><i class=\"fusion-li-icon fa fa-check\" aria-hidden=\"true\"><\/i><\/span><div class=\"fusion-li-item-content\">\n<p>Pueden tomarse solas o conjuntamente con otros tratamientos<\/p>\n<\/div><\/li><li class=\"fusion-li-item\" style=\"\"><span class=\"icon-wrapper circle-no\"><i class=\"fusion-li-icon fa fa-check\" aria-hidden=\"true\"><\/i><\/span><div class=\"fusion-li-item-content\">\n<p>No tienen efectos secundarios<\/p>\n<\/div><\/li><li class=\"fusion-li-item\" style=\"\"><span class=\"icon-wrapper circle-no\"><i class=\"fusion-li-icon fa fa-check\" aria-hidden=\"true\"><\/i><\/span><div class=\"fusion-li-item-content\">\n<p>Son suaves en acci\u00f3n y se pueden tomar con seguridad por personas de todas las edades, desde los reci\u00e9n nacidos hasta los ancianos.<\/p>\n<\/div><\/li><li class=\"fusion-li-item\" style=\"\"><span class=\"icon-wrapper circle-no\"><i class=\"fusion-li-icon fa fa-check\" aria-hidden=\"true\"><\/i><\/span><div class=\"fusion-li-item-content\">\n<p>Tambi\u00e9n son beneficiosas para los animales y las plantas.<\/p>\n<\/div><\/li><\/ul><div class=\"fusion-clearfix\"><\/div><\/div><\/div><div class=\"fusion-layout-column fusion_builder_column fusion-builder-column-2 fusion_builder_column_1_2 1_2 fusion-one-half fusion-column-last\" style=\"--awb-bg-size:cover;width:50%;width:calc(50% - ( ( 4% ) * 0.5 ) );\"><div class=\"fusion-column-wrapper fusion-flex-column-wrapper-legacy\"><div class=\"fusion-image-element in-legacy-container\" style=\"--awb-caption-title-font-family:var(--h2_typography-font-family);--awb-caption-title-font-weight:var(--h2_typography-font-weight);--awb-caption-title-font-style:var(--h2_typography-font-style);--awb-caption-title-size:var(--h2_typography-font-size);--awb-caption-title-transform:var(--h2_typography-text-transform);--awb-caption-title-line-height:var(--h2_typography-line-height);--awb-caption-title-letter-spacing:var(--h2_typography-letter-spacing);\"><span class=\" fusion-imageframe imageframe-none imageframe-1 hover-type-none\"><img decoding=\"async\" width=\"700\" height=\"467\" title=\"flors_bach\" src=\"https:\/\/centrecasals.com\/wp-content\/uploads\/2018\/03\/flors_bach.jpg\" alt class=\"img-responsive wp-image-1616\" srcset=\"https:\/\/centrecasals.com\/wp-content\/uploads\/2018\/03\/flors_bach-200x133.jpg 200w, https:\/\/centrecasals.com\/wp-content\/uploads\/2018\/03\/flors_bach-400x267.jpg 400w, https:\/\/centrecasals.com\/wp-content\/uploads\/2018\/03\/flors_bach-600x400.jpg 600w, https:\/\/centrecasals.com\/wp-content\/uploads\/2018\/03\/flors_bach.jpg 700w\" sizes=\"(max-width: 800px) 100vw, 700px\" \/><\/span><\/div><div class=\"fusion-clearfix\"><\/div><\/div><\/div><div class=\"fusion-layout-column fusion_builder_column fusion-builder-column-3 fusion_builder_column_1_1 1_1 fusion-one-full fusion-column-first fusion-column-last\" style=\"--awb-bg-size:cover;--awb-margin-top:50px;\"><div class=\"fusion-column-wrapper fusion-flex-column-wrapper-legacy\"><div class=\"fusion-text fusion-text-4\"><div>\n<p><strong>\u00bfQu\u00e9 s\u00f3n las Flores de Bach?<\/strong><\/p>\n<p>El Dr. Bach descubri\u00f3 las 38 flores, cada una para un estado mental y emocional espec\u00edfico, adem\u00e1s de una combinaci\u00f3n de cinco de las flores, dise\u00f1ada para situaciones dif\u00edciles y apremiantes, que \u00e9l llam\u00f3 el Remedio Rescate.<\/p>\n<div><\/div>\n<div><\/div>\n<div><\/div>\n<\/div>\n<\/div><div class=\"fusion-sep-clear\"><\/div><div class=\"fusion-separator fusion-full-width-sep\" style=\"margin-left: auto;margin-right: auto;margin-top:20px;margin-bottom:20px;width:100%;\"><\/div><div class=\"fusion-sep-clear\"><\/div><div class=\"fusion-text fusion-text-5\"><p><strong>\u00bfC\u00f3mo funcionan?<\/strong><\/p>\n<p>Las Flores de Bach act\u00faan tratando al individuo, no a la enfermedad ni los s\u00edntomas de la enfermedad. Trabajan espec\u00edficamente sobre la condici\u00f3n emocional de la persona. As\u00ed, dos personas con el mismo problema, como por ejemplo la artrosis, pueden beneficiarse de dos flores totalmente diferentes. Una puede estar resignada a su enfermedad, mientras que la otra puede impacientarse con ella, por lo tanto, flores diferentes ser\u00e1n las adecuadas en cada caso.<\/p>\n<p>El efecto de tomar las flores no es suprimir actitudes negativas, sin\u00f3 transformarlas en positivas, estimulando el propio potencial de cada uno para la autocuraci\u00f3n y liberando la parte f\u00edsica para que pueda combatir plenamente la enfermedad y el estr\u00e9s.<\/p>\n<p>Las personas no tienen que estar f\u00edsicamente enfermas para beneficiarse de las flores. Muchos de nosotros atravesamos momentos de dificultad y fatiga cuando nos invade la negatividad. En esos momentos las flores son de un valor inestimable para restaurar el equilibrio antes de que aparezcan los s\u00edntomas.<\/p>\n<\/div><div class=\"fusion-sep-clear\"><\/div><div class=\"fusion-separator fusion-full-width-sep\" style=\"margin-left: auto;margin-right: auto;margin-top:20px;margin-bottom:20px;width:100%;\"><\/div><div class=\"fusion-sep-clear\"><\/div><div class=\"fusion-text fusion-text-6\"><div><strong>Las flores en 7 grupos:<\/strong><\/div>\n<p>Representando los conflictos fundamentales que nos impiden ser fieles a nosotros mismos.<\/p>\n<p>&nbsp;<\/p>\n<\/div><div class=\"fusion-sep-clear\"><\/div><div class=\"fusion-separator fusion-full-width-sep\" style=\"margin-left: auto;margin-right: auto;margin-top:20px;margin-bottom:20px;width:100%;\"><\/div><div class=\"fusion-sep-clear\"><\/div><ul style=\"--awb-size:13px;--awb-line-height:22.1px;--awb-icon-width:22.1px;--awb-icon-height:22.1px;--awb-icon-margin:9.1px;--awb-content-margin:31.2px;\" class=\"fusion-checklist fusion-checklist-2 fusion-checklist-default type-icons\"><li class=\"fusion-li-item\" style=\"\"><span class=\"icon-wrapper circle-no\"><i class=\"fusion-li-icon fa fa-check\" aria-hidden=\"true\"><\/i><\/span><div class=\"fusion-li-item-content\">\n<p>Miedo<\/p>\n<\/div><\/li><li class=\"fusion-li-item\" style=\"\"><span class=\"icon-wrapper circle-no\"><i class=\"fusion-li-icon fa fa-check\" aria-hidden=\"true\"><\/i><\/span><div class=\"fusion-li-item-content\">\n<p>Incertidumbre<\/p>\n<\/div><\/li><li class=\"fusion-li-item\" style=\"\"><span class=\"icon-wrapper circle-no\"><i class=\"fusion-li-icon fa fa-check\" aria-hidden=\"true\"><\/i><\/span><div class=\"fusion-li-item-content\">\n<p>Insuficiente inter\u00e9s en las circunstancias actuales<\/p>\n<\/div><\/li><li class=\"fusion-li-item\" style=\"\"><span class=\"icon-wrapper circle-no\"><i class=\"fusion-li-icon fa fa-check\" aria-hidden=\"true\"><\/i><\/span><div class=\"fusion-li-item-content\">\n<p>Soledad<\/p>\n<\/div><\/li><li class=\"fusion-li-item\" style=\"\"><span class=\"icon-wrapper circle-no\"><i class=\"fusion-li-icon fa fa-check\" aria-hidden=\"true\"><\/i><\/span><div class=\"fusion-li-item-content\">\n<p>Hipersensibilidad a las influencias e ideas ajenas<\/p>\n<\/div><\/li><li class=\"fusion-li-item\" style=\"\"><span class=\"icon-wrapper circle-no\"><i class=\"fusion-li-icon fa fa-check\" aria-hidden=\"true\"><\/i><\/span><div class=\"fusion-li-item-content\">\n<p>Desaliento o desesperaci\u00f3n<\/p>\n<\/div><\/li><li class=\"fusion-li-item\" style=\"\"><span class=\"icon-wrapper circle-no\"><i class=\"fusion-li-icon fa fa-check\" aria-hidden=\"true\"><\/i><\/span><div class=\"fusion-li-item-content\">\n<p>Preocupaci\u00f3n excesiva por el bienestar de los dem\u00e1s<\/p>\n<\/div><\/li><\/ul><div class=\"fusion-sep-clear\"><\/div><div class=\"fusion-separator fusion-full-width-sep\" style=\"margin-left: auto;margin-right: auto;margin-top:20px;margin-bottom:20px;width:100%;\"><\/div><div class=\"fusion-sep-clear\"><\/div><div class=\"fusion-text fusion-text-7\"><p>Dentro de cada grupo, cada flor cubre un aspecto espec\u00edfico de la dificultad en cuesti\u00f3n. Por ejemplo, el miedo puede tomar la forma de \u00a0terror (requiriendo la flor Rock Rose), miedos cotidianos a cosas conocidas (Mimulus), miedo a perder la raz\u00f3n (Cherry Plum), miedos repentinos de origen desconocido (Aspen), o ansiedad por los dem\u00e1s (Red Chestnut).<\/p>\n<p>&nbsp;<\/p>\n<blockquote>\n<div><span style=\"color: #92c2d9;\"><strong>Indicaciones:<\/strong><\/span><\/div>\n<p>El prop\u00f3sito de las flores es apoyar la lucha del paciente contra su enfermedad corrigiendo los factores emocionales como la depresi\u00f3n, la ansiedad, el trauma, la preocupaci\u00f3n, la aprensi\u00f3n, la desesperaci\u00f3n, la irritabilidad etc&#8230; que impiden la curaci\u00f3n f\u00edsica..<\/p>\n<p>De modo preventivo se puede utilizar en momentos de ansiedad y estr\u00e9s y para el cansancio en general.<\/p>\n<p>Los estados mentales o emocionales que impiden la recuperaci\u00f3n de la salud y generalemente son las causas de la enfermedad.<\/p>\n<\/blockquote>\n<\/div><div class=\"fusion-clearfix\"><\/div><\/div><\/div><\/div><\/div>\n","protected":false},"excerpt":{"rendered":"","protected":false},"author":2,"featured_media":0,"parent":1284,"menu_order":0,"comment_status":"closed","ping_status":"closed","template":"100-width.php","meta":{"footnotes":""},"aioseo_notices":[],"jetpack_sharing_enabled":true,"_links":{"self":[{"href":"https:\/\/centrecasals.com\/es\/wp-json\/wp\/v2\/pages\/1290"}],"collection":[{"href":"https:\/\/centrecasals.com\/es\/wp-json\/wp\/v2\/pages"}],"about":[{"href":"https:\/\/centrecasals.com\/es\/wp-json\/wp\/v2\/types\/page"}],"author":[{"embeddable":true,"href":"https:\/\/centrecasals.com\/es\/wp-json\/wp\/v2\/users\/2"}],"replies":[{"embeddable":true,"href":"https:\/\/centrecasals.com\/es\/wp-json\/wp\/v2\/comments?post=1290"}],"version-history":[{"count":3,"href":"https:\/\/centrecasals.com\/es\/wp-json\/wp\/v2\/pages\/1290\/revisions"}],"predecessor-version":[{"id":1508,"href":"https:\/\/centrecasals.com\/es\/wp-json\/wp\/v2\/pages\/1290\/revisions\/1508"}],"up":[{"embeddable":true,"href":"https:\/\/centrecasals.com\/es\/wp-json\/wp\/v2\/pages\/1284"}],"wp:attachment":[{"href":"https:\/\/centrecasals.com\/es\/wp-json\/wp\/v2\/media?parent=1290"}],"curies":[{"name":"wp","href":"https:\/\/api.w.org\/{rel}","templated":true}]}}