{"id":1297,"date":"2018-07-03T09:56:59","date_gmt":"2018-07-03T09:56:59","guid":{"rendered":"http:\/\/www.lababala.com\/?page_id=1297"},"modified":"2025-06-06T14:06:36","modified_gmt":"2025-06-06T12:06:36","slug":"biomedicina-integrativa","status":"publish","type":"page","link":"https:\/\/centrecasals.com\/es\/biomedicina-integrativa\/","title":{"rendered":"Biomedicina integrativa"},"content":{"rendered":"<p><div class=\"fusion-fullwidth fullwidth-box fusion-builder-row-1 fusion-parallax-none nonhundred-percent-fullwidth non-hundred-percent-height-scrolling\" style=\"--awb-border-radius-top-left:0px;--awb-border-radius-top-right:0px;--awb-border-radius-bottom-right:0px;--awb-border-radius-bottom-left:0px;--awb-padding-top:200px;--awb-padding-bottom:200px;--awb-margin-top:0px;--awb-background-image:url(&quot;https:\/\/centrecasals.com\/wp-content\/uploads\/2017\/12\/biomedicina_slider.jpg&quot;);--awb-background-size:cover;--awb-flex-wrap:wrap;\" ><div class=\"fusion-builder-row fusion-row\"><div class=\"fusion-layout-column fusion_builder_column fusion-builder-column-0 fusion_builder_column_1_1 1_1 fusion-one-full fusion-column-first fusion-column-last fusion-column-no-min-height\" style=\"--awb-bg-size:cover;\"><div class=\"fusion-column-wrapper fusion-flex-column-wrapper-legacy\"><div class=\"fusion-column-content-centered\"><div class=\"fusion-column-content\"><div class=\"fusion-text fusion-text-1\"><h1 style=\"text-align: center;\"><span style=\"color: #ffffff;\">BIOMEDICINA INTEGRATIVA<\/span><\/h1>\n<\/div><div class=\"fusion-sep-clear\"><\/div><div class=\"fusion-separator\" style=\"margin-left: auto;margin-right: auto;width:100%;max-width:200px;\"><div class=\"fusion-separator-border sep-single sep-solid\" style=\"--awb-height:20px;--awb-amount:20px;--awb-sep-color:#ffffff;border-color:#ffffff;border-top-width:1px;\"><\/div><\/div><div class=\"fusion-sep-clear\"><\/div><\/div><\/div><div class=\"fusion-clearfix\"><\/div><\/div><\/div><\/div><\/div><div class=\"fusion-fullwidth fullwidth-box fusion-builder-row-2 nonhundred-percent-fullwidth non-hundred-percent-height-scrolling\" style=\"--awb-border-radius-top-left:0px;--awb-border-radius-top-right:0px;--awb-border-radius-bottom-right:0px;--awb-border-radius-bottom-left:0px;--awb-flex-wrap:wrap;\" ><div class=\"fusion-builder-row fusion-row\"><div class=\"fusion-layout-column fusion_builder_column fusion-builder-column-1 fusion_builder_column_1_1 1_1 fusion-one-full fusion-column-first fusion-column-last\" style=\"--awb-bg-size:cover;\"><div class=\"fusion-column-wrapper fusion-flex-column-wrapper-legacy\"><div class=\"fusion-sep-clear\"><\/div><div class=\"fusion-separator fusion-full-width-sep\" style=\"margin-left: auto;margin-right: auto;margin-top:50px;margin-bottom:50px;width:100%;\"><\/div><div class=\"fusion-sep-clear\"><\/div><div class=\"fusion-clearfix\"><\/div><\/div><\/div><\/div><\/div><div class=\"fusion-fullwidth fullwidth-box fusion-builder-row-3 nonhundred-percent-fullwidth non-hundred-percent-height-scrolling fusion-equal-height-columns\" style=\"--awb-border-radius-top-left:0px;--awb-border-radius-top-right:0px;--awb-border-radius-bottom-right:0px;--awb-border-radius-bottom-left:0px;--awb-flex-wrap:wrap;\" ><div class=\"fusion-builder-row fusion-row\"><div class=\"fusion-layout-column fusion_builder_column fusion-builder-column-2 fusion_builder_column_1_2 1_2 fusion-one-half fusion-column-first fusion-column-no-min-height\" style=\"--awb-padding-right:50px;--awb-bg-size:cover;width:50%;width:calc(50% - ( ( 4% ) * 0.5 ) );margin-right: 4%;\"><div class=\"fusion-column-wrapper fusion-flex-column-wrapper-legacy\"><div class=\"fusion-text fusion-text-2\"><div style=\"text-align: left;\">\n<p>La Biomedicina Integrativa es un m\u00e9todo destinado al tratamiento de las\u00a0<strong>enfermedades cr\u00f3nicas.<\/strong><\/p>\n<p>Fusiona los m\u00e9todos diagn\u00f3sticos y terap\u00e9uticos de la biomedicina convencional con t\u00e9cnicas complementarias naturales de contrastada evidencia cient\u00edfica.<\/p>\n<p>La enfermedad es la p\u00e9rdida del equilibrio biol\u00f3gico y la p\u00e9rdida de la capacidad innata de autoregulaci\u00f3n y de autocuraci\u00f3n.<\/p>\n<p>El objectivo principal es estimular la capacidad autocurativa de la persona, aplicando diversas t\u00e9cnicas convencionales y complementarias y, haciendo a la persona responsable i gestora de su propia salud (actitudes, h\u00e1bitos, pensamientos y emociones, nutrici\u00f3n\u2026)<\/p>\n<p>Es importante la visi\u00f3n global de la persona y el conocimiento cient\u00edfico para la aplicaci\u00f3n de diferentes m\u00e9todos y terapias.<\/p>\n<p>Es muestran, se ense\u00f1an y se aplican las herramientas necesarias para\u00a0<strong>forjar una buena base de salud.<\/strong><\/p>\n<p><strong>\u00a0<\/strong><\/p>\n<\/div>\n<\/div><div class=\"fusion-clearfix\"><\/div><\/div><\/div><div class=\"fusion-layout-column fusion_builder_column fusion-builder-column-3 fusion_builder_column_1_2 1_2 fusion-one-half fusion-column-last fusion-column-no-min-height\" style=\"--awb-padding-right:50px;--awb-bg-size:cover;width:50%;width:calc(50% - ( ( 4% ) * 0.5 ) );\"><div class=\"fusion-column-wrapper fusion-flex-column-wrapper-legacy\"><div class=\"fusion-text fusion-text-3\"><h2 class=\"fusion-responsive-typography-calculated\" data-fontsize=\"24\" data-lineheight=\"36px\"><em><strong>Para mejorar la SALUD y tratar las ENFERMEDADES CR\u00d3NICAS<\/strong><\/em><\/h2>\n<p><strong>Se incorporan aspectos de nutrici\u00f3n, suplementaci\u00f3n ortomolecular, homeopat\u00eda, fitoterapia, acupuntura, hidroterapia, fisioterapia y terapias manuales y, t\u00e9cnicas cuerpo-mente.<\/strong><\/p>\n<\/div><div class=\"fusion-text fusion-text-4\"><h2><span style=\"color: #92c2d9;\"><em><strong>La Medicina Cu\u00e1ntica:<\/strong><\/em><\/span><\/h2>\n<p>Se basa en la aplicaci\u00f3n de los principios de la F\u00edsica Cu\u00e1ntica en el \u00e1mbito de la medicina.<\/p>\n<p>El sistema Quantum es un sistema de alta tecnolog\u00eda que ayuda a encontrar los desequilibrios en la salud que afectan a la persona. Reequilibra realizando un intercambio de informaci\u00f3n por campos de frecuencias electromagn\u00e9ticas constituyendo una matriz energ\u00e9tica que afecta a los procesos vitales.<\/p>\n<\/div><div class=\"fusion-clearfix\"><\/div><\/div><\/div><\/div><\/div><\/p>\n","protected":false},"excerpt":{"rendered":"","protected":false},"author":2,"featured_media":0,"parent":0,"menu_order":0,"comment_status":"closed","ping_status":"closed","template":"100-width.php","meta":{"footnotes":""},"aioseo_notices":[],"jetpack_sharing_enabled":true,"_links":{"self":[{"href":"https:\/\/centrecasals.com\/es\/wp-json\/wp\/v2\/pages\/1297"}],"collection":[{"href":"https:\/\/centrecasals.com\/es\/wp-json\/wp\/v2\/pages"}],"about":[{"href":"https:\/\/centrecasals.com\/es\/wp-json\/wp\/v2\/types\/page"}],"author":[{"embeddable":true,"href":"https:\/\/centrecasals.com\/es\/wp-json\/wp\/v2\/users\/2"}],"replies":[{"embeddable":true,"href":"https:\/\/centrecasals.com\/es\/wp-json\/wp\/v2\/comments?post=1297"}],"version-history":[{"count":7,"href":"https:\/\/centrecasals.com\/es\/wp-json\/wp\/v2\/pages\/1297\/revisions"}],"predecessor-version":[{"id":5326,"href":"https:\/\/centrecasals.com\/es\/wp-json\/wp\/v2\/pages\/1297\/revisions\/5326"}],"wp:attachment":[{"href":"https:\/\/centrecasals.com\/es\/wp-json\/wp\/v2\/media?parent=1297"}],"curies":[{"name":"wp","href":"https:\/\/api.w.org\/{rel}","templated":true}]}}