{"id":2041,"date":"2019-10-29T04:08:16","date_gmt":"2019-10-29T04:08:16","guid":{"rendered":"https:\/\/centrecasals.com\/?page_id=2041"},"modified":"2019-10-29T04:12:23","modified_gmt":"2019-10-29T04:12:23","slug":"ondas-de-choque","status":"publish","type":"page","link":"https:\/\/centrecasals.com\/es\/ondas-de-choque\/","title":{"rendered":"Ondas de choque"},"content":{"rendered":"<h2>Les Ones de Xoc<\/h2>\n<p>\t\t\t\t\t\t\t\t\t\t<img decoding=\"async\" width=\"600\" height=\"394\" src=\"https:\/\/centrecasals.com\/wp-content\/uploads\/2019\/10\/ones-de-xoc.jpg\" alt=\"\" srcset=\"https:\/\/centrecasals.com\/wp-content\/uploads\/2019\/10\/ones-de-xoc-200x131.jpg 200w, https:\/\/centrecasals.com\/wp-content\/uploads\/2019\/10\/ones-de-xoc-300x197.jpg 300w, https:\/\/centrecasals.com\/wp-content\/uploads\/2019\/10\/ones-de-xoc-400x263.jpg 400w, https:\/\/centrecasals.com\/wp-content\/uploads\/2019\/10\/ones-de-xoc.jpg 600w\" sizes=\"(max-width: 600px) 100vw, 600px\" \/>\t\t\t\t\t\t\t\t\t\t\t<\/p>\n<p>Las ondas de choque son ondas ac\u00fasticas de alta energ\u00eda que pueden generarse de distintas formas tecnol\u00f3gicas diferenciadas por su generador focal o generador radial.<\/p>\n<p>Actualmente, son ampliamente utilizadas en la medicina regeneradora, en la rehabilitaci\u00f3n musculo-esquel\u00e9tica para tratar la inflamaci\u00f3n, la calcificaci\u00f3n, los procesos condrales y para el alivio del dolor. Tambi\u00e9n est\u00e1n siendo ampliamente utilizadas en el tratamiento desintegrador de los c\u00e1lculos renales y pancre\u00e1ticos. Es ya, por tanto, un procedimiento terap\u00e9utico habitual de primera opci\u00f3n, sobre todo en fisioterapia, ortopedia y medicina deportiva. Aunque los campos de la est\u00e9tica y la dermatolog\u00eda la utilizan cada vez con mayor auge, \u00e9xito terap\u00e9utico y frecuencia.<\/p>\n<p>Vea el v\u00eddeo con la presentaci\u00f3n explicativa que hemos elaborado para entender los fundamentos ciet\u00edficos de qu\u00e9 son las ondas de choque:<\/p>\n<p>https:\/\/centrecasals.com\/wp-content\/uploads\/2019\/10\/\u00bfQu\u00e9-son-las-ondas-de-choque_-1080p_24fps_H264-128kbit_AAC.mp4<\/p>\n<p>\u00bfQu\u00e9 son las ondas de choque?<\/p>\n<p>Las ondas de choque con fines terap\u00e9uticos son unas ondas de presi\u00f3n que se generan de forma r\u00e1pida con una fase de presi\u00f3n positiva seguido de una fase de presi\u00f3n negativa con suficiente fuerza tensil para provocar cavitaci\u00f3n en un fluido. Este curioso fen\u00f3meno f\u00edsico se produce en entorno natural cuando cae un rayo y el subsiguiente trueno es una onda de choque.<\/p>\n<p>Las ondas de choque radiales<\/p>\n<p>Se desarrollaron a partir de 1999. Son ondas generadas neum\u00e1ticamente que se aplican sobre tejidos blandos de manera superficial con una m\u00e1xima penetraci\u00f3n de 40mm. en cualquier sistema radial del mercado.<\/p>\n<p>Sus aplicaciones son variadas como, por ejemplo, en las tendinosis o tendinitis tanto si esta calcificada o no, tendinopat\u00eda de hombro, rodilla o codo; en la bursitis trocant\u00e9rea, en el s\u00edndrome de la fricci\u00f3n de la cintilla iliotibial o puntos gatillo. Esta t\u00e9cnica no es invasiva, muy segura, menos dolorosa y se puede realizar a nivel ambulatorio.<\/p>\n<p>El equipo de ondas de choque radial que se precie est\u00e1 compuesto de un compresor externo de aire, una sonda radial libremente m\u00f3vil que se pone en contacto con la piel mediante un gel conductor y un panel de control donde se puede cambiar la intensidad, frecuencia y n\u00famero de impulsos a realizar por paciente.<\/p>\n<p>Sus efectos fisiol\u00f3gicos \u00bfc\u00f3mo act\u00faan?<\/p>\n<p>Los efectos fisiol\u00f3gicos de la terapia de ondas de choque y su forma de acci\u00f3n son los siguientes: causar microsc\u00f3picos efectos biol\u00f3gicos intersticiales y extracelulares que producen una mecanotrasducci\u00f3n que fomenta la regeneraci\u00f3n de tejidos. A partir de este efecto general fisiol\u00f3gico se producen los siguientes efectos:<\/p>\n<p>Efectos analg\u00e9sicos: por destrucci\u00f3n de terminaciones nerviosas no melianizadas, por inhibici\u00f3n medular e inhibici\u00f3n de terminaciones nerviosas por liberaci\u00f3n de endorfinas como por saturaci\u00f3n de factor P.<\/p>\n<p>Efectos antiinflamatorios: por degradaci\u00f3n de los mediadores de la inflamaci\u00f3n por hipertermia inducida.<\/p>\n<p>Aumento temporal de la vascularizaci\u00f3n: por par\u00e1lisis simp\u00e1tica inducida por las ondas de choque.<\/p>\n<p>Activaci\u00f3n de la angiog\u00e9nesis o formaci\u00f3n de nuevos vasos sangu\u00edneos: por la rotura intraendotelial de los capilares con migraci\u00f3n de las c\u00e9lulas endoteliales al espacio intersticial y activaci\u00f3n del factor angiog\u00e9nico.<\/p>\n<p>Fragmentaci\u00f3n de los dep\u00f3sitos c\u00e1lcicos: este se produce por el propio efecto mec\u00e1nico de las ondas sobre los dep\u00f3sitos c\u00e1lcicos mediante fuerzas tensiles din\u00e1micas en el propio estrato c\u00e1lcico.<\/p>\n<p>Neo-osteog\u00e9nesis en procesos de pseudoartrosis y retardos de consolidaci\u00f3n: el efecto fisiol\u00f3gico, en este caso, se produce por la estimulaci\u00f3n osteog\u00e9nica (osteonectina) por micronizaci\u00f3n osteog\u00e9nica.<\/p>\n<p>Por otro lado, las indicaciones espec\u00edficas de la terapia de ondas de choque depender\u00e1n del tipo de tratamiento ya que pueden usarse en rehabilitaci\u00f3n de lesiones, en urolog\u00eda, en dermatolog\u00eda y en est\u00e9tica.\u00a0\u00a0\u00a0\u00a0\u00a0\u00a0\u00a0\u00a0\u00a0\u00a0\u00a0\u00a0\u00a0\u00a0\u00a0\u00a0\u00a0\u00a0\u00a0\u00a0\u00a0\u00a0\u00a0\u00a0\u00a0\u00a0\u00a0\u00a0\u00a0\u00a0\u00a0<\/p>\n<p>A continuaci\u00f3n, se enumeran distintas lesiones donde se recomienda la terapia de ondas de choque:<\/p>\n<ul>\n<li>Epicondilitis y epicondilalgias: es una patolog\u00eda caracterizada por dolor en la cara externa del codo, sobre el epic\u00f3ndilo (prominencia \u00f3sea m\u00e1s externa del codo), como resultado de una tensi\u00f3n mantenida o por sobreesfuerzos repetidos.<\/li>\n<li>Tendinitis y tendinopat\u00edas cr\u00f3nicas: la tendinopat\u00eda cr\u00f3nica designa una inflamaci\u00f3n de los tendones que perdura en el tiempo.<\/li>\n<li>Tendinopat\u00edas calcificantes: es una patolog\u00eda com\u00fan en el hombro y produce dolor.\u00a0<\/li>\n<li>Entesitis aqu\u00edlea: que es la tendinitis del tend\u00f3n de Aquiles.<\/li>\n<li>Fascitis plantar y espol\u00f3n calc\u00e1neo. Las ondas de choque son un tipo de tratamiento muy adecuado para tratar fascitis plantares u otro tipo de patolog\u00edas de tipo inflamatorias como las tendinitis.<\/li>\n<li>Pseudoartrosis y retardos de consolidaci\u00f3n de las fracturas; en general, es aceptado que si la consolidaci\u00f3n no es efectiva en 6-8 meses, estamos frente a una pseudoartrosis.<\/li>\n<li>Fibrosis muscular postraum\u00e1tica: se llama as\u00ed a la sustituci\u00f3n del tejido muscular por tejido fibroso o acumulaci\u00f3n de fibras de col\u00e1geno tras un traumatismo.<\/li>\n<li>Osteocondritis y necrosis avascular: la primera es la p\u00e9rdida de vitalidad de un hueso y la segunda\u00a0es una enfermedad resultado de la p\u00e9rdida temporal o permanente de la entrada de sangre en los huesos.<\/li>\n<li>Acciones sobre el tend\u00f3n.<\/li>\n<li>Respuesta mitog\u00e9nica y morfog\u00e9nica: es decir, que favorecer\u00e1 la mitosis celular y, por tanto, la regeneraci\u00f3n tisular.\u00a0Por otro lado, aumenta la formaci\u00f3n de hueso, cart\u00edlago o tejido conjuntivo nuevo.<\/li>\n<li>Aumento de tenocitos\u200b por lo que los tendones se ir\u00e1n regenerando.<\/li>\n<li>Aumento en la expresi\u00f3n a tgfJ1 y igf-1. Factores de crecimiento insul\u00ednico 1.<\/li>\n<li>Promueve la neovascularizaci\u00f3n: por lo que se generar\u00e1n vasos sangu\u00edneos nuevos y la zona estar\u00e1 revascularizada.<\/li>\n<\/ul>\n<p>Por supuesto, tiene algunos efectos secundarios, aunque en general, es bien tolerada y presenta muy buenos resultados a largo plazo.<\/p>\n<p>Los posibles efectos adversos se resumen en: hematomas subcut\u00e1neos, petequias, eritema. Por este motivo, las personas que tomen anticoagulantes no deben recibir este tipo de terapia.<\/p>\n<p>Por otro lado, hay algunos estados f\u00edsicos o enfermedades donde NO se recomienda la terapia por ondas de choque, como son: los procesos inflamatorios e infecciosos agudos, procesos hemorr\u00e1gicos y tratamientos anticoagulantes, polineuropat\u00edas, neoplasias, enfermedades reum\u00e1ticas sist\u00e9micas, fisis de crecimiento de los ni\u00f1os (cart\u00edlago de crecimiento) y zonas con gases como los pulmones.<\/p>\n<p>La terapia sin dolor<\/p>\n<p>Las ondas de choque permiten restaurar la condici\u00f3n patol\u00f3gica mediante un proceso en el que la aplicaci\u00f3n de la t\u00e9cnica no es dolorosa. Las cirug\u00edas, que tradicionalmente han sido las t\u00e9cnicas m\u00e1s invasivas y utilizadas para recuperar lesiones musculares u osteoarticulares, son procedimientos dolorosos que requieren de anestesia y recuperaci\u00f3n con ingreso hospitalario.<\/p>\n<p>Por tanto, las nuevas terapias buscan aliviar el dolor, acortar el tiempo de recuperaci\u00f3n y recuperar la funcionalidad completa de las lesiones. La terapia de ondas de choque, cuyo\u00a0efecto analg\u00e9sico\u00a0es inmediato tras la aplicaci\u00f3n de unos 400 pulsos, ayuda a reducir la sensibilidad y el dolor. Sin embargo, a las pocas horas puede reaparecer ya que esta es una terapia progresiva.<\/p>\n<p>\u00bfLas ondas de choque duelen? La terapia de ondas de choque es segura, nada agresiva y en la mayor\u00eda de las personas proporciona una recuperaci\u00f3n progresiva de la lesi\u00f3n. El dolor al inicio del tratamiento es totalmente soportable y por su efecto analg\u00e9sico este dolor va remitiendo ya en la primera sesi\u00f3n, a medida que se aplica el tratamiento. Siempre y cuando hablemos de las ondas de choque de presi\u00f3n radial que, como se indicaba anteriormente, son menos invasivas que las focales y su acci\u00f3n es m\u00e1s suave sobre los tejidos.<\/p>\n<p>Las ondas de choque radiales han sido objeto de multitud de estudios cient\u00edficos bajo el control de los comit\u00e9s \u00e9ticos de importantes instituciones m\u00e9dicas. Por lo que es un tratamiento ampliamente contrastado, eficaz y con amplio consenso en la comunidad m\u00e9dica internacional.<\/p>\n<p>Los resultados han sido publicados en numerosas revistas m\u00e9dicas fiables. Aqu\u00ed debajo se mencionan algunos ejemplos:<\/p>\n<ul>\n<li>La tasa de \u00e9xito en la tendinitis calcificada de hombro es del 91 %, seg\u00fan el Journal of American Medical Association 2003.<\/li>\n<li>La tasa de \u00e9xito en el tratamiento de la fascitis plantar es del 90 %, seg\u00fan el Journal of Orthopaedic Research 2005.<\/li>\n<li>La tasa de \u00e9xito en el tratamiento del codo de tenista es del 77 %, seg\u00fan los datos del Journal of Orthopaedics 2005.<\/li>\n<\/ul>\n<p>Debido a que\u00a0este tratamiento no es invasivo ni doloroso,\u00a0es planteado\u00a0como\u00a0la alternativa que se busca por los m\u00e9dicos en la actualidad:\u00a0un tratamiento predecible con las menores complicaciones y dolores para el paciente.<\/p>\n<p>Alternativa a la cirug\u00eda<\/p>\n<p>Las terapias con ondas de choque intervienen positivamente en el organismo sin necesidad de realizar incisi\u00f3n alguna en los tejidos. Por eso, muchas personas han optado por este tipo de tratamientos para diversos problemas de salud que, hasta ahora, requer\u00edan entrar en una sala de operaciones.<\/p>\n<p>Tambi\u00e9n se pueden aplicar ondas en personas que se hayan sometido a alg\u00fan tipo de cirug\u00eda, porque su efecto acelera el proceso de cicatrizaci\u00f3n y curaci\u00f3n de lesiones de la piel.<\/p>\n<p>Los pulsos que recibe la piel a trav\u00e9s de ondas de energ\u00eda m\u00e1s veloces que el sonido generan una cavitaci\u00f3n microsc\u00f3pica en la zona afectada, lo que estimula el aumento del flujo sangu\u00edneo y otros mecanismos biol\u00f3gicos que favorecen la curaci\u00f3n del tejido.<\/p>\n<p>Indicaciones de las ondas de choque. Qu\u00e9 dolencias tratan y efectividad<\/p>\n<p>La terapia mediante\u00a0ondas de choque\u00a0se ha convertido en una\u00a0de las mejores formas de combatir un<strong> diversas dolencias f\u00edsicas<\/strong>.<\/p>\n<p>Tendinopat\u00eda de Aquiles<\/p>\n<p>Tendinopat\u00eda rotuliana<\/p>\n<p>Tendinitis calcificante del hombro<\/p>\n<p>S\u00edndrome subacromial del hombro<\/p>\n<p>Puntos gatillo<\/p>\n<p>Fascitis plantar<\/p>\n<p>Trocanteritis<\/p>\n<p>S\u00edndrome de estr\u00e9s medial de la t\u00edbia<\/p>\n<p>Dolor lumbar radicular y pseudoradicular<\/p>\n<p>Dolor lumbar idiop\u00e1tico<\/p>\n<p>Epicondilitis (codo de tenista)<\/p>\n<p>S\u00edndrome miofascial<\/p>\n<p>Pseudoartrosis<\/p>\n<p>Dupuytren<\/p>\n<p>Tenosinovitis de Quervain<\/p>\n<p>S\u00edndrome del T\u00fanel Carpiano<\/p>\n<p>\u00a0Este tipo de tratamientos act\u00faa de manera r\u00e1pida, y muy beneficiosa, sobre lesiones, dolores, calcificaciones, tendinitis y una larga lista de trastornos<\/p>\n<p><strong>Ondas de choque para fisioterapia<\/strong><\/p>\n<p>El amplio campo de aplicaci\u00f3n de t\u00e9cnicas\u00a0fisioterap\u00e9uticas\u00a0se ha beneficiado en gran medida de los avances en las t\u00e9cnicas de\u00a0terapia de ondas de choque. Gracias a ello, es posible multiplicar el efecto curativo en casos de contracturas, dolores musculares y da\u00f1os en los ligamentos.<\/p>\n<p>En un principio, las ondas provocan una erosi\u00f3n mec\u00e1nica que provoca una mecanotrasducci\u00f3n en los tejidos que se revierte en un efecto biol\u00f3gico beneficioso para el tejido tratado. Las ondas de choque regeneran los tejidos tratados, con el consiguiente alivio de dolores, mejora del estado general y reducci\u00f3n del riesgo de lesiones futuras.\u00a0\u00a0\u00a0\u00a0\u00a0\u00a0\u00a0\u00a0\u00a0\u00a0\u00a0\u00a0\u00a0\u00a0\u00a0\u00a0\u00a0\u00a0\u00a0\u00a0\u00a0\u00a0\u00a0\u00a0\u00a0\u00a0\u00a0\u00a0\u00a0\u00a0<\/p>\n<p><strong>Ondas de choque: epicondilitis<\/strong><\/p>\n<p>Dentro del \u00e1mbito de la fisioterapia, los dolores del antebrazo y, sobre todo, de esos tendones llamados epicond\u00edleos, resultan muy comunes entre personas que practican deporte. Gracias a las ondas de choque, la epicondilitis se trata y se cura con un alto porcentaje de \u00e9xito. El tambi\u00e9n denominado codo de tenista tiene consecuencias que pueden ir desde las molestias leves hasta casi imposibilitar cualquier movimiento o torsi\u00f3n de la mano, mu\u00f1eca o antebrazo, debido al intenso dolor.<\/p>\n<p><strong>Ondas de choque para fascitis plantar<\/strong><\/p>\n<p>El tratamiento para la inflamaci\u00f3n de un tejido que va desde la planta del pie hasta los dedos, llamado la fascia\u00a0plantar, es otra de las principales causas de que las terapias de ondas de choque se hayan extendido y generalizado. De hecho, las mejoras en los pacientes, despu\u00e9s de varias sesiones, son notables, debido al est\u00edmulo de los tejidos que suponen las ondas de choque. Seg\u00fan la sociedad americana de podolog\u00eda el tratamiento <em>goldstandar<\/em> para la fascitis plantar es ondas de choque sumado a ejercicios exc\u00e9ntricos.<\/p>\n<p><strong>Ondas de choque para tendinitis<\/strong><\/p>\n<p>Cuando los tendones se inflaman, entre las consecuencias est\u00e1n intensos dolores y molestias. Una vez que eso se produce en un determinado paciente, hay muchas probabilidades de que le vuelva a ocurrir. Por eso, un tratamiento con ondas de choque supone una mejor\u00eda r\u00e1pida y evidente en su estado, al tiempo que una estrategia de prevenci\u00f3n ante nuevos casos.<\/p>\n<p><strong>Ondas de choque: calcificaciones<\/strong><\/p>\n<p>Cuando un tejido se lesiona repetidas veces, sus c\u00e9lulas tienden a hacerse m\u00e1s duras, lo que aumenta la posibilidad de nuevas lesiones. Es lo que se denomina calcificaci\u00f3n. Reblandecer y conseguir una regeneraci\u00f3n de la zona puede hacerse de varias formas, siendo una de las m\u00e1s eficaces y r\u00e1pidas la terapia mediante ondas de choque.<\/p>\n<p><strong>Ondas de choque: espol\u00f3n<\/strong><\/p>\n<p>La terapia de ondas de choque consigue reducir los efectos dolorosos del\u00a0<strong>espol\u00f3n calc\u00e1neo<\/strong>,\u00a0un crecimiento del hueso de la zona del tal\u00f3n. El desarrollo del espol\u00f3n calc\u00e1neo se produce, en muchos casos, simult\u00e1neamente a la dolencia denominada fascitis plantar, por lo que un tratamiento de este tipo resulta doblemente efectivo.<\/p>\n<p>Evidencia cient\u00edfica<\/p>\n<p>La efectividad de las ondas de choque como instrumento que provoca cambios biol\u00f3gicos o f\u00edsicos en el tejido o calcificaciones se lleva comprobando desde 1980, a\u00f1o desde el que se utilizan para deshacer los c\u00e1lculos renales sin necesidad de una intervenci\u00f3n quir\u00fargica. Desde entonces, y de manera progresiva y gradual, se ha ido incorporando la aplicaci\u00f3n de las ondas de choque en otros tratamientos, sobre todo los de naturaleza fisioterap\u00e9utica, ortop\u00e9dica, en medicina deportiva e incluso en asistencia veterinaria. En todos estos campos, las ondas de choque se han convertido en un instrumento de uso com\u00fan.<\/p>\n<p>Sin embargo, las evidencias cient\u00edficas acerca de las ondas de choque se reflejan a lo largo de m\u00e1s de 40 art\u00edculos extra\u00eddos de las bases de datos de distintos servicios de medicina privada desde 1988 hasta 2003, versando todos ellos sobre tratamiento muscoesquel\u00e9tico con ondas de choque, en los que se recogen los resultados de su aplicaci\u00f3n en tratamientos tan diversos como la fascitis plantar, la epicondilitis o codo de tenista, la epitrocle\u00edtis o codo de golfista, tendinitis calcificada de hombro, tendinitis no calcificada de hombro, trastornos de las articulaciones o el retraso de consolidaci\u00f3n de fractura. Entre todos ellos, la evidencia de la efectividad de las ondas de choque se demuestra satisfactoria en un 79,5 %. Adem\u00e1s, queda como constancia su uso generalizado en servicios hospitalarios tanto p\u00fablicos como privados.<\/p>\n<p>15 de 20 estudios con evidencia seg\u00fan PEDro (Physiotherapy Evidence Database)<\/p>\n<p>Liberaci\u00f3n de m\u00e1s sustancia P<\/p>\n<p>Una de estos neurotransmisores es la sustancia P, un mediador del dolor y un factor del crecimiento. Por una parte, la liberaci\u00f3n de sustancia P por las ondas de choque tiene un efecto analg\u00e9sico. Por otra parte, dilata los vasos sangu\u00edneos, estimula la circulaci\u00f3n de la sangre y contribuye a la formaci\u00f3n de nuevo tejido \u00f3seo. El NO (\u00f3xido n\u00edtrico) tambi\u00e9n tiene un efecto vasodilatador y desempe\u00f1a un papel importante en la angiog\u00e9nesis.<\/p>\n<p>En resumen, sabemos la raz\u00f3n por la que las ondas de choque, cuando se aplican donde existe dolor, producen un efecto analg\u00e9sico, aumentan la circulaci\u00f3n de la sangre y facilitan el proceso de reparaci\u00f3n.<\/p>\n<p>Inhibici\u00f3n de la enzima COX-2<\/p>\n<p>Al inhibir los mediadores inflamatorios como la COX-2, las ondas de choque producen un efecto antiinflamatorio. De esta manera se reduce cualquier proceso inflamatorio.<\/p>\n<p>Activaci\u00f3n de las defensas celulares<\/p>\n<p>Al contribuir a la liberaci\u00f3n de radicales libres, las ondas de choque refuerzan los mecanismos de defensa celular end\u00f3genos del cuerpo para protegerlo contra enfermedades.<\/p>\n<p>Hiperestimulaci\u00f3n de fibras nerviosas<\/p>\n<p>Estudios cient\u00edficos tambi\u00e9n han mostrado que las ondas de choque act\u00faan de otra manera; la sobreestimulaci\u00f3n de las fibras nerviosas bloquea el aumento del est\u00edmulo del dolor y, por tanto, intensifica el efecto analg\u00e9sico (teor\u00eda del gate control).<\/p>\n<p>Seg\u00fan otras fuentes las ondas de choque tambi\u00e9n han sido ampliamente utilizadas en medicina para la\u00a0desintegraci\u00f3n\u00a0de c\u00e1lculos (t\u00e9cnica denominada litotricia). Actualmente, se aplica en\u00a0c\u00e1lculos\u00a0renales,\u00a0ureterales, vesicales, pancre\u00e1ticos y salivares. Estas ondas tambi\u00e9n se utilizan para el tratamiento de ciertos procesos musculoesquel\u00e9ticos que cursan con inflamaci\u00f3n, calcificaci\u00f3n de partes blandas, afectaci\u00f3n condral etc. En cuanto a sus efectos biol\u00f3gicos cabe destacar:<\/p>\n<p>\u00a0 Analgesia.\u00a0Por la destrucci\u00f3n de terminaciones nerviosas, cambios en la transmisi\u00f3n nerviosa por inhibici\u00f3n medular (gate control) e inhibici\u00f3n de las terminaciones nerviosas por liberaci\u00f3n de endorfinas.<\/p>\n<p>\u00a0 Efecto antiinflamatorio. Degradaci\u00f3n de mediadores de la inflamaci\u00f3n por la hiperhemia inducida.<\/p>\n<p>\u00a0Aumento temporal de la vascularizaci\u00f3n.\u00a0Por par\u00e1lisis simp\u00e1tica inducida por la absorci\u00f3n de las p\u00e9rdidas de energ\u00eda de las ondas de choque.<\/p>\n<p>\u00a0Activaci\u00f3n de la angiog\u00e9nesis.\u00a0Rotura intraendotelial de los capilares y migraci\u00f3n de c\u00e9lulas endoteliales al espacio intersticial y activaci\u00f3n del factor angiog\u00e9nico.<\/p>\n<p>\u00a0Fragmentaci\u00f3n de dep\u00f3sitos calc\u00e1reos.\u00a0Por efecto mec\u00e1nico de las propias ondas.<\/p>\n<p>\u00a0Neosteog\u00e9nesis.\u00a0Estimulando los factores osteog\u00e9nicos (Osteonectina, etc.) por micronizaci\u00f3n osteog\u00e9nica.<\/p>\n<p>Todos estos efectos permiten que las ondas de choque est\u00e9n siendo utilizadas para el tratamiento de las tendinopat\u00edas y entesopat\u00edas cr\u00f3nicas de diversa localizaci\u00f3n con o sin calcificaciones, retardos de consolidaci\u00f3n de las fracturas y pseudoartrosis, fascitis cr\u00f3nicas, fibrosis muscular postraum\u00e1tica, osteocondritis, necrosis avascular y quiste \u00f3seo solitario, Peyronie, disfunci\u00f3n er\u00e9ctil, entre otras patolog\u00edas.<\/p>\n<p>Beneficios de las ondas de choque en los tratamientos deportivos<\/p>\n<p>Si hay indicaciones en donde las ondas de choque son especialmente eficaces es en aquellas\u00a0que est\u00e9n\u00a0derivadas de\u00a0la pr\u00e1ctica del deporte. Porque en efecto, es un tratamiento para tratar las lesiones en los tendones y otros m\u00fasculos de cuerpo, como en los casos de la epicondinitis, tendinitis, fascitis plantar y toda clase de afectaciones musculares y \u00f3seas. Los principales beneficios de estas ondas ac\u00fasticas se derivan del hecho de que es un procedimiento no invasivo y que no requiere de la aplicaci\u00f3n de ninguna clase de anestesias. Ayudando, por otro lado, a que la recuperaci\u00f3n sea mucho m\u00e1s r\u00e1pida al acelerarse el proceso curativo de una forma correcta. Para que, de esta manera, la rehabilitaci\u00f3n sea m\u00e1s satisfactoria para los pacientes.<\/p>\n<p>Adem\u00e1s, los efectos analg\u00e9sicos de las ondas de choque reducen el dolor desde el inicio del tratamiento y al ser naturales no son en absoluto susceptibles de provocar un positivo de dopping. De cualquier forma, una de las caracter\u00edsticas m\u00e1s relevantes de su utilizaci\u00f3n se deriva del hecho de que reduce o elimina el proceso de calcificaci\u00f3n. Por estos motivos es necesaria el uso diligente de esta terapia una vez se haya diagnosticado la lesi\u00f3n correctamente. Para que tenga un doble efecto sobre la incidencia org\u00e1nica. Por una parte para la reversi\u00f3n de la inflamaci\u00f3n, y por otra, para reducir el dolor como consecuencia de sus altas repercusiones analg\u00e9sicos. Hasta el punto de que generar\u00e1 un notable alivio en el estado de los pacientes afectados.<\/p>\n<p>Preguntas frecuentes sobre ondas de choque<\/p>\n<p><strong>\u00bfEn qu\u00e9 consiste la terapia? <\/strong><br \/>De reciente surgimiento, se basa en la aplicaci\u00f3n de ondas sonoras de alta velocidad. El suministro es\u00a0de 8 ondas por segundo en focal o 15 o 20 por segundo en radial. En este caso, a trav\u00e9s de un gel conductor que las transmite en una sola direcci\u00f3n mediante el cabezal de la sonda de tratamiento.<\/p>\n<p><strong>\u00bfC\u00f3mo act\u00faan? <\/strong><br \/>Se emplean por sus resultados biol\u00f3gicos en la reparaci\u00f3n de tejidos. Al aplicar este tratamiento, se experimenta una regeneraci\u00f3n tisular gracias al aumento de vascularizaci\u00f3n sumado a la aportaci\u00f3n de factores de crecimiento que activan las bases a un restablecimiento de fibras de forma natural.<\/p>\n<p><strong>\u00bfCausa dolor?<\/strong><br \/>El paciente puede experimentar una ligera sensaci\u00f3n de malestar en la zona, en funci\u00f3n de su tolerancia al dolor. No obstante, ya que el tratamiento solo dura cinco minutos, la persona es capaz de aguantar la molestia.<\/p>\n<p><strong>\u00bfCu\u00e1ntas sesiones se necesitan? <\/strong><br \/>No existe un consenso\u00a0respecto al n\u00famero de sesiones necesarias. Depende de la indicaci\u00f3n y respuesta del tejido. Es frecuente experimentar alivio despu\u00e9s de la primera sesi\u00f3n. Hay ocasiones en las que solo se precisa una.<\/p>\n<p><strong>\u00bfCu\u00e1ndo se da la mejor\u00eda? <\/strong><br \/>Hay pacientes que notan una mejor\u00eda de una sesi\u00f3n a la siguiente. Sin embargo, al tratarse de un mecanismo biol\u00f3gico de restauraci\u00f3n, en ocasiones, es preciso esperar entre 3 y 4 meses para percibir la efectividad del tratamiento.<\/p>\n","protected":false},"excerpt":{"rendered":"<p>Les Ones de Xoc Las ondas de choque son ondas [&hellip;]<\/p>\n","protected":false},"author":2,"featured_media":0,"parent":0,"menu_order":0,"comment_status":"closed","ping_status":"closed","template":"elementor_header_footer","meta":{"footnotes":""},"aioseo_notices":[],"jetpack_sharing_enabled":true,"_links":{"self":[{"href":"https:\/\/centrecasals.com\/es\/wp-json\/wp\/v2\/pages\/2041"}],"collection":[{"href":"https:\/\/centrecasals.com\/es\/wp-json\/wp\/v2\/pages"}],"about":[{"href":"https:\/\/centrecasals.com\/es\/wp-json\/wp\/v2\/types\/page"}],"author":[{"embeddable":true,"href":"https:\/\/centrecasals.com\/es\/wp-json\/wp\/v2\/users\/2"}],"replies":[{"embeddable":true,"href":"https:\/\/centrecasals.com\/es\/wp-json\/wp\/v2\/comments?post=2041"}],"version-history":[{"count":2,"href":"https:\/\/centrecasals.com\/es\/wp-json\/wp\/v2\/pages\/2041\/revisions"}],"predecessor-version":[{"id":2043,"href":"https:\/\/centrecasals.com\/es\/wp-json\/wp\/v2\/pages\/2041\/revisions\/2043"}],"wp:attachment":[{"href":"https:\/\/centrecasals.com\/es\/wp-json\/wp\/v2\/media?parent=2041"}],"curies":[{"name":"wp","href":"https:\/\/api.w.org\/{rel}","templated":true}]}}