{"id":2992,"date":"2020-08-22T09:07:00","date_gmt":"2020-08-22T09:07:00","guid":{"rendered":"https:\/\/centrecasals.com\/?page_id=2992"},"modified":"2020-08-31T09:15:03","modified_gmt":"2020-08-31T09:15:03","slug":"psicologo-en-molins-de-rei","status":"publish","type":"page","link":"https:\/\/centrecasals.com\/es\/psicologo-en-molins-de-rei\/","title":{"rendered":"Psic\u00f3logo en Molins de Rei"},"content":{"rendered":"<div class=\"fusion-fullwidth fullwidth-box fusion-builder-row-1 nonhundred-percent-fullwidth non-hundred-percent-height-scrolling\" style=\"--awb-border-radius-top-left:0px;--awb-border-radius-top-right:0px;--awb-border-radius-bottom-right:0px;--awb-border-radius-bottom-left:0px;--awb-flex-wrap:wrap;\" ><div class=\"fusion-builder-row fusion-row\"><div class=\"fusion-layout-column fusion_builder_column fusion-builder-column-0 fusion_builder_column_1_1 1_1 fusion-one-full fusion-column-first fusion-column-last\" style=\"--awb-bg-size:cover;--awb-margin-bottom:0px;\"><div class=\"fusion-column-wrapper fusion-flex-column-wrapper-legacy\"><div class=\"fusion-text fusion-text-1\"><h1 style=\"text-align: center;\">Psic\u00f3logo en Molins de Rei<\/h1>\n<h2 style=\"text-align: center;\">Centre Casals, centro de psicolog\u00eda y psic\u00f3logos en Molins de Rei<\/h2>\n<p style=\"text-align: left;\"><b>\u00bfEst\u00e1s buscando un <a href=\"https:\/\/centrecasals.com\/es\/psicologia-integrativa\/\" target=\"_blank\" rel=\"noopener noreferrer\">psic\u00f3logo en Molins de Rei<\/a>? En Centre Casals estamos especializados en psicolog\u00eda humanista y terapia Gestalt. Psic\u00f3logo graduado en psicolog\u00eda y M\u00e1ster en Psicolog\u00eda General Sanitaria.<\/b><\/p>\n<p><strong>Tu bienestar emocional es lo primero.\u00a0<\/strong>En\u00a0el\u00a0<em>Centre Casals de Molins de Rei<\/em>\u00a0contamos con una excelente psic\u00f3loga experta en el\u00a0tratamiento psicol\u00f3gico de ni\u00f1os, adolescentes y adultos. Sabemos que\u00a0los mejores psic\u00f3logos son aquellos que entienden la necesidad de individualizar el tratamiento, teniendo en cuenta las singularidades de cada persona.<\/p>\n<ul>\n<li>Psic\u00f3logo infantil: psicolog\u00eda infantil en Molins de Rei<\/li>\n<li>Psic\u00f3logo juvenil: psicolog\u00eda para adolescentes en Molins de Rei<\/li>\n<li>Psic\u00f3logo de pareja: Psicolog\u00eda de pareja en Molins de Rei<\/li>\n<li>Psicolog\u00eda humanista<\/li>\n<li>Psic\u00f3logo especialista en inteligencia emocional<\/li>\n<li>Psic\u00f3logo de terapia tranpersonal integrativa<\/li>\n<li>Terapia Gestalt<\/li>\n<\/ul>\n<p><strong>Algunos de los rasgos m\u00e1s importantes de la psicolog\u00eda humanista son:<\/strong><\/p>\n<p>1. No juzgar: Las\u00a0teor\u00edas se basan en un enfoque en el que el profesional no juzga lo que la persona cuenta en terapia<\/p>\n<p>2. Empat\u00eda: Un aspecto fundamental de la terapia centrada en la persona es la empat\u00eda. Los terapeutas que adoptan un enfoque humanista se \u201cacercan\u201d a sus clientes cuando exploran los aspectos emocionales.<\/p>\n<p>3. No patologizar: Muchos terapeutas humanistas\u00a0<strong>dejan a un lado la jerga cl\u00ednica<\/strong>, as\u00ed como el diagn\u00f3stico y se centran en la esencia de la persona. Muchos humanistas emplean el enfoque centrado en la persona para animar al cliente a centrarse en sus fortalezas.<\/p>\n<p>4. \u00c9nfasis en el yo: El objetivo de esta terapia es\u00a0<strong>promover la expresi\u00f3n de sentimientos<\/strong>, pensamientos y emociones a trav\u00e9s del di\u00e1logo. En algunos casos, se anima al cliente a escribir, pintar y actuar (psicodrama) como formas de expresar los sentimientos.<\/p>\n<p>5. Existencial: Los componentes existenciales son una de las caracter\u00edsticas m\u00e1s importantes del humanismo. Los terapeutas existencialistas ayudan a los clientes a trabajar patrones restrictivos y enfoques que fomentan la creatividad como una forma de expresarse. Las 4 dimensiones existencialistas exploradas son: f\u00edsica, psicol\u00f3gica, social y espiritual.<\/p>\n<p><span style=\"color: #faf7f7;\">psicologo en molins de rei, psicologia en molins de rei, centro de psicologia en molins de rei, psicologo infantil molins de rei, psicolog\u00eda infantil molins de rei, psicologo juvenil molins de rei, psicologia juvenil molins de rei, psicologo adultos molins de rei, psicologia adultos molins de rei, psicologo humanista molins de rei, psicologia humanista molins de rei, terapia gestalt molins de rei, psicologo de pareja molins de rei, psicologia de pareja molins de rei, terapia de pareja molins de rei<\/span><\/p>\n<\/div><div class=\"fusion-clearfix\"><\/div><\/div><\/div><\/div><\/div>\n","protected":false},"excerpt":{"rendered":"","protected":false},"author":2,"featured_media":2925,"parent":0,"menu_order":0,"comment_status":"closed","ping_status":"closed","template":"","meta":{"footnotes":""},"aioseo_notices":[],"jetpack_sharing_enabled":true,"_links":{"self":[{"href":"https:\/\/centrecasals.com\/es\/wp-json\/wp\/v2\/pages\/2992"}],"collection":[{"href":"https:\/\/centrecasals.com\/es\/wp-json\/wp\/v2\/pages"}],"about":[{"href":"https:\/\/centrecasals.com\/es\/wp-json\/wp\/v2\/types\/page"}],"author":[{"embeddable":true,"href":"https:\/\/centrecasals.com\/es\/wp-json\/wp\/v2\/users\/2"}],"replies":[{"embeddable":true,"href":"https:\/\/centrecasals.com\/es\/wp-json\/wp\/v2\/comments?post=2992"}],"version-history":[{"count":2,"href":"https:\/\/centrecasals.com\/es\/wp-json\/wp\/v2\/pages\/2992\/revisions"}],"predecessor-version":[{"id":2994,"href":"https:\/\/centrecasals.com\/es\/wp-json\/wp\/v2\/pages\/2992\/revisions\/2994"}],"wp:featuredmedia":[{"embeddable":true,"href":"https:\/\/centrecasals.com\/es\/wp-json\/wp\/v2\/media\/2925"}],"wp:attachment":[{"href":"https:\/\/centrecasals.com\/es\/wp-json\/wp\/v2\/media?parent=2992"}],"curies":[{"name":"wp","href":"https:\/\/api.w.org\/{rel}","templated":true}]}}