{"id":3380,"date":"2021-03-23T20:23:12","date_gmt":"2021-03-23T20:23:12","guid":{"rendered":"https:\/\/centrecasals.com\/?page_id=3380"},"modified":"2021-04-27T06:49:36","modified_gmt":"2021-04-27T06:49:36","slug":"fisioterapia-en-molins-de-rei","status":"publish","type":"page","link":"https:\/\/centrecasals.com\/es\/fisioterapia-en-molins-de-rei\/","title":{"rendered":"Fisioterapia en Molins de Rei"},"content":{"rendered":"<div class=\"fusion-fullwidth fullwidth-box fusion-builder-row-1 nonhundred-percent-fullwidth non-hundred-percent-height-scrolling\" style=\"--awb-border-radius-top-left:0px;--awb-border-radius-top-right:0px;--awb-border-radius-bottom-right:0px;--awb-border-radius-bottom-left:0px;--awb-flex-wrap:wrap;\" ><div class=\"fusion-builder-row fusion-row\"><div class=\"fusion-layout-column fusion_builder_column fusion-builder-column-0 fusion_builder_column_1_1 1_1 fusion-one-full fusion-column-first fusion-column-last\" style=\"--awb-bg-size:cover;--awb-margin-bottom:0px;\"><div class=\"fusion-column-wrapper fusion-flex-column-wrapper-legacy\"><div class=\"fusion-text fusion-text-1\"><h1><span style=\"font-weight: 400;\">Fisioterapia en Molins de Rei<\/span><\/h1>\n<h3><b>\u00bfEst\u00e1s buscando un fisioterapeuta en Molins de Rei?\u00a0<\/b><\/h3>\n<p><strong>En Centre Casals contamos con las \u00faltimas t\u00e9cnicas en <a href=\"https:\/\/centrecasals.com\/es\/fisioterapia\/\" target=\"_blank\" rel=\"noopener noreferrer\">fisioterapia<\/a><\/strong><\/p>\n<p><span style=\"font-weight: 400;\">En Centre Casals disponemos de los mejores <strong>profesionales en el sector de la fisioterapia<\/strong>. En nuestra cl\u00ednica\u00a0 encontrar\u00e1s un servicio profesional y personalizado con el objetivo principal de prevenir o solventar cualquier tipo de lesi\u00f3n.\u00a0\u00a0<\/span><\/p>\n<p><span style=\"font-weight: 400;\">Nuestra prioridad es conseguir la satisfacci\u00f3n del cliente, por eso, nuestros fisioterapeutas de Molins de Rei saben escuchar y atender las necesidades reales de cada usuario. De este modo, <strong>ofrecemos un tratamiento espec\u00edfico y \u00fanico a cada persona<\/strong>, ya que sabemos que cada\u00a0 cuerpo es diferente.\u00a0 Somos conscientes de la innovaci\u00f3n tecnol\u00f3gica, por eso, en nuestra cl\u00ednica terap\u00e9utica hemos querido incluir las tendencias recientes basadas en la innovaci\u00f3n tecnol\u00f3gica con la fisioterapia tradicional.<\/span><\/p>\n<p><span style=\"font-weight: 400;\">En Centre Casals,<strong> nos gusta conocer al paciente y su patolog\u00eda con la finalidad de ofrecer un servicio de fisioterapia de calidad.<\/strong> Nuestros fisioterapeutas, previo al tratamiento, hacen un examen cl\u00ednico del paciente y leen los diagn\u00f3sticos e indicaciones m\u00e9dicas. Con todos estos elementos se establece una l\u00ednea de trabajo que permite concretar el tratamiento y la modalidad exacta en la cual se trabajar\u00e1.\u00a0 Cientos de personas conf\u00edan en nosotros para prevenir, erradicar o reducir dolores o lesiones, somos especialistas en la fisioterapia de Molins de Rei.<\/span><\/p>\n<p><span style=\"font-weight: 400;\">Si tienes un dolor que no desaparece o una molestia que afecta a tu calidad de vida, deja que las manos de nuestros fisioterapeutas lo solucionen!<\/span><\/p>\n<p><span style=\"font-weight: 400;\">Nuestra oferta c\u00f3mo cl\u00ednica de fisioterapia en Molins de Rei <strong>cuenta con\u00a0<\/strong><\/span><span style=\"font-weight: 400;\"><strong>m\u00e1s de 16 t\u00e9cnicas terap\u00e9uticas<\/strong> que sirven para tratar el dolor, enfermedades o lesiones, mejorar las funciones corporales, <a href=\"https:\/\/centrecasals.com\/fisioterapia-respiratoria\/\" target=\"_blank\" rel=\"noopener noreferrer\">prevenir enfermedades del sistema respiratorio,<\/a> evitar problemas derivados de la <\/span><span style=\"font-weight: 400;\">traumatolog\u00eda deportiva como golpes, esguinces, contusiones o fracturas, mejora del dolor del sistema tendinomuscular, reordenar el metabolismo, reestablecer la correcta movilidad articular de la pelvils y las extremidades y, finalmente, el tratamiento para evitar los puntos de gatillo.\u00a0<\/span><\/p>\n<p><span style=\"font-weight: 400;\">Para solventar algunos de estos puntos, realizamos fisioterapia deportiva, fisioterapia neurol\u00f3gica, fisioterapia preventiva, fisioterapia del suelo p\u00e9lvico y fisioterapia preventiva utilizando diferentes t\u00e9cnicas. <\/span><span style=\"font-weight: 400;\">Desde t\u00e9cnicas ancestrales como el<a href=\"https:\/\/centrecasals.com\/es\/fisioterapia\/masaje-terapeutico\/\" target=\"_blank\" rel=\"noopener noreferrer\"> masaje terap\u00e9utico,<\/a><a href=\"https:\/\/centrecasals.com\/es\/fisioterapia\/terapia-manual\/\" target=\"_blank\" rel=\"noopener noreferrer\"> la terapia manual<\/a> o la <a href=\"https:\/\/centrecasals.com\/es\/fisioterapia\/cinesiterapia\/\" target=\"_blank\" rel=\"noopener noreferrer\">cinesiterapia<\/a>, hasta t\u00e9cnicas con tecnolog\u00eda como<a href=\"https:\/\/centrecasals.com\/es\/fisioterapia\/laserterapia\/\" target=\"_blank\" rel=\"noopener noreferrer\"> laserterapia<\/a>, <a href=\"https:\/\/centrecasals.com\/es\/fisioterapia\/magnetoterapia\/\" target=\"_blank\" rel=\"noopener noreferrer\">magnetoterapia<\/a>, <a href=\"https:\/\/centrecasals.com\/es\/fisioterapia\/physium\/\" target=\"_blank\" rel=\"noopener noreferrer\">physium<\/a>, <a href=\"https:\/\/centrecasals.com\/es\/fisioterapia\/electroterapia\/\" target=\"_blank\" rel=\"noopener noreferrer\">electroterapia<\/a>, <a href=\"https:\/\/centrecasals.com\/es\/fisioterapia\/infrarrojos\/\" target=\"_blank\" rel=\"noopener noreferrer\">infrarrojos<\/a>, <a href=\"https:\/\/centrecasals.com\/es\/fisioterapia\/ultrasonidos\/\" target=\"_blank\" rel=\"noopener noreferrer\">ultrasonidos<\/a> o <a href=\"https:\/\/centrecasals.com\/es\/fisioterapia\/radiofrecuencia-metodo-indiba\/\" target=\"_blank\" rel=\"noopener noreferrer\">radiofrecuencia<\/a>.\u00a0<\/span><\/p>\n<p><span style=\"font-weight: 400;\">Si est\u00e1s buscando un centro de fisioterapia en Molins de Rei, somos lo que est\u00e1s buscando. Desde Centre Casals atenderemos tu demanda de la mano de los mejores fisioterapeutas. Solicita m\u00e1s informaci\u00f3n sin compromiso, estaremos encantados de atenderte.\u00a0<\/span><\/p>\n<p>Pacientes de municipios cercanos como: <a href=\"https:\/\/centrecasals.com\/es\/fisioterapia-en-sant-feliu-de-llobregat\/\" target=\"_blank\" rel=\"noopener noreferrer\">Sant Feliu<\/a>, <a href=\"https:\/\/centrecasals.com\/es\/fisioterapia-en-palleja\/\" target=\"_blank\" rel=\"noopener noreferrer\">Pallej\u00e0<\/a>, <a href=\"https:\/\/centrecasals.com\/es\/fisioterapia-en-sant-vicenc-dels-horts\/\" target=\"_blank\" rel=\"noopener noreferrer\">Sant Vicen\u00e7 dels Horts<\/a>, <a href=\"https:\/\/centrecasals.com\/es\/fisioterapia-en-sant-just-desvern\/\" target=\"_blank\" rel=\"noopener noreferrer\">Sant Just<\/a>,<a href=\"https:\/\/centrecasals.com\/es\/fisioterapia-en-esplugues\/\" target=\"_blank\" rel=\"noopener noreferrer\"> Esplugues<\/a>, <a href=\"https:\/\/centrecasals.com\/es\/fisioterapia-en-torrelles\/\" target=\"_blank\" rel=\"noopener noreferrer\">Torrelles,<\/a> <a href=\"https:\/\/centrecasals.com\/es\/fisioterapia-en-corbera\/\" target=\"_blank\" rel=\"noopener noreferrer\">Corbera<\/a> y el <a href=\"https:\/\/centrecasals.com\/es\/fisioterapia-en-papiol\/\" target=\"_blank\" rel=\"noopener noreferrer\">Papiol<\/a> entre otras, conf\u00edan en el servicio de fisioterapia de Centre Casals.<\/p>\n<p><span style=\"font-weight: 400; color: #f7f7f7;\">Fisioterapia en Molins de Rei, fisioterapeuta en Molins de Rei, lesi\u00f3n muscular en Molins de Rei, tratamiento muscular en Molins de Rei, evitar lesiones en Molins de Rei, reducir dolores de espalda en Molins de Rei, reducir dolores en Molins de Rei, evitar dolores en Molins de Rei, curar lesiones en Molins de Rei, tratar lesiones en Molins de Rei, desaparecer molestia en Molins de Rei, sistema respiratorio en Molins de Rei, lesiones deportivas en Molins de Rei, esguinces en Molins de Rei, contusiones en Molins de Rei, fracturas en Molins de Rei, movilidad articular en Molins de Rei, puntos de gatillo en Molins de Rei, fisioterapia deportiva en Molins de Rei, fisioterapia preventiva en Molins de Rei, fisioterapia neurol\u00f3gica en Molins de Rei, fisioterapia de suelo p\u00e9lvico en Molins de Rei, laserterapia en Molins de Rei, magnetoterapia en Molins de Rei, physium en Molins de Rei, electroterapia en Molins de Rei, infrarrojos en Molins de Rei, ultrasonidos en Molins de Rei, radiofrecuencia en Molins de Rei, profesionales de la salud en Molins de Rei<\/span><\/p>\n<\/div><div class=\"fusion-clearfix\"><\/div><\/div><\/div><\/div><\/div>\n","protected":false},"excerpt":{"rendered":"","protected":false},"author":2,"featured_media":3357,"parent":0,"menu_order":0,"comment_status":"closed","ping_status":"closed","template":"","meta":{"footnotes":""},"aioseo_notices":[],"jetpack_sharing_enabled":true,"_links":{"self":[{"href":"https:\/\/centrecasals.com\/es\/wp-json\/wp\/v2\/pages\/3380"}],"collection":[{"href":"https:\/\/centrecasals.com\/es\/wp-json\/wp\/v2\/pages"}],"about":[{"href":"https:\/\/centrecasals.com\/es\/wp-json\/wp\/v2\/types\/page"}],"author":[{"embeddable":true,"href":"https:\/\/centrecasals.com\/es\/wp-json\/wp\/v2\/users\/2"}],"replies":[{"embeddable":true,"href":"https:\/\/centrecasals.com\/es\/wp-json\/wp\/v2\/comments?post=3380"}],"version-history":[{"count":5,"href":"https:\/\/centrecasals.com\/es\/wp-json\/wp\/v2\/pages\/3380\/revisions"}],"predecessor-version":[{"id":3382,"href":"https:\/\/centrecasals.com\/es\/wp-json\/wp\/v2\/pages\/3380\/revisions\/3382"}],"wp:featuredmedia":[{"embeddable":true,"href":"https:\/\/centrecasals.com\/es\/wp-json\/wp\/v2\/media\/3357"}],"wp:attachment":[{"href":"https:\/\/centrecasals.com\/es\/wp-json\/wp\/v2\/media?parent=3380"}],"curies":[{"name":"wp","href":"https:\/\/api.w.org\/{rel}","templated":true}]}}