{"id":3837,"date":"2021-11-07T13:06:23","date_gmt":"2021-11-07T12:06:23","guid":{"rendered":"https:\/\/centrecasals.com\/mindfulness-2\/"},"modified":"2022-04-19T18:17:45","modified_gmt":"2022-04-19T16:17:45","slug":"mindfulness","status":"publish","type":"page","link":"https:\/\/centrecasals.com\/es\/mindfulness\/","title":{"rendered":"Mindfulness"},"content":{"rendered":"<div class=\"fusion-fullwidth fullwidth-box fusion-builder-row-1 nonhundred-percent-fullwidth non-hundred-percent-height-scrolling\" style=\"--awb-border-radius-top-left:0px;--awb-border-radius-top-right:0px;--awb-border-radius-bottom-right:0px;--awb-border-radius-bottom-left:0px;--awb-flex-wrap:wrap;\" ><div class=\"fusion-builder-row fusion-row\"><div class=\"fusion-layout-column fusion_builder_column fusion-builder-column-0 fusion_builder_column_1_1 1_1 fusion-one-full fusion-column-first fusion-column-last\" style=\"--awb-bg-size:cover;--awb-margin-bottom:0px;\"><div class=\"fusion-column-wrapper fusion-flex-column-wrapper-legacy\"><div class=\"fusion-text fusion-text-1\"><h3 class=\"fusion-responsive-typography-calculated\" style=\"--fontsize: 16; line-height: 1.5; --minfontsize: 16;\" data-fontsize=\"16\" data-lineheight=\"24px\"><img decoding=\"async\" src=\"https:\/\/centrecasals.com\/wp-content\/uploads\/2019\/10\/Mindfulness-1024x659.jpg\" sizes=\"(max-width: 1024px) 100vw, 1024px\" srcset=\"https:\/\/centrecasals.com\/wp-content\/uploads\/2019\/10\/Mindfulness-200x129.jpg 200w, https:\/\/centrecasals.com\/wp-content\/uploads\/2019\/10\/Mindfulness-300x193.jpg 300w, https:\/\/centrecasals.com\/wp-content\/uploads\/2019\/10\/Mindfulness-400x258.jpg 400w, https:\/\/centrecasals.com\/wp-content\/uploads\/2019\/10\/Mindfulness-460x295.jpg 460w, https:\/\/centrecasals.com\/wp-content\/uploads\/2019\/10\/Mindfulness-600x386.jpg 600w, https:\/\/centrecasals.com\/wp-content\/uploads\/2019\/10\/Mindfulness-768x494.jpg 768w, https:\/\/centrecasals.com\/wp-content\/uploads\/2019\/10\/Mindfulness-800x515.jpg 800w, https:\/\/centrecasals.com\/wp-content\/uploads\/2019\/10\/Mindfulness-1024x659.jpg 1024w, https:\/\/centrecasals.com\/wp-content\/uploads\/2019\/10\/Mindfulness-1200x773.jpg 1200w, https:\/\/centrecasals.com\/wp-content\/uploads\/2019\/10\/Mindfulness.jpg 1370w\" alt=\"\" width=\"1024\" height=\"659\" \/><\/h3>\n<p><strong>Qu\u00e8 \u00e9s mindfulness o l\u2019art de l\u2019atenci\u00f3 plena<\/strong><\/p>\n<p>La palabra mindfulness se traduce al catal\u00e1n como atenci\u00f3n plena, es decir que se trata de poner la atenci\u00f3n en el momento presente con aceptaci\u00f3n y sin juzgar ni lo que nos sucede, ni nuestras emociones. La pr\u00e1ctica del mindfulness nos ense\u00f1a a estar presentes aqu\u00ed y ahora a trav\u00e9s de la respiraci\u00f3n. Siendo conscientes de nuestra respiraci\u00f3n conectamos con el momento presente que es el \u00fanico momento posible. Mindfulness es una habilidad que se puede entrenar y que nos permitir\u00e1 convivir con emociones o sentimientos dif\u00edciles y asistir a su transformaci\u00f3n. El mindfulness tambi\u00e9n nos ense\u00f1a a hacer las cosas de una en una, presentes en cada momento, no s\u00f3lo mentalmente sino tambi\u00e9n desde nuestro cuerpo. Podremos ver las cosas m\u00e1s como son y no tanto como creemos que son. Se trata de aprender a conocer la mente y domesticarla. Esto es muy liberador, reduce el sufrimiento, y nos hace, por tanto, m\u00e1s felices. Sus ra\u00edces las encontramos en tradiciones orientales como la del maestro budista zen Thich Nath Hanh, aunque se populariz\u00f3 en Estados Unidos a trav\u00e9s del doctor John Kabat-Zinn que adapt\u00f3 el mindfulness la pr\u00e1ctica laica.<\/p>\n<div id=\"attachment_2021\" style=\"width: 410px\" class=\"wp-caption aligncenter\"><a href=\"https:\/\/centrecasals.com\/wp-content\/uploads\/2019\/10\/d6b35fe3-e767-4702-b10e-f2d0b61d9926.jpg\"><img decoding=\"async\" aria-describedby=\"caption-attachment-2021\" style=\"letter-spacing: 0px;\" src=\"https:\/\/centrecasals.com\/wp-content\/uploads\/2019\/10\/d6b35fe3-e767-4702-b10e-f2d0b61d9926-400x300.jpg\" alt=\"\" width=\"400\" height=\"300\" \/><\/a><p id=\"caption-attachment-2021\" class=\"wp-caption-text\">Nuestro taller mindfulness<\/p><\/div>\n<p><strong>Beneficios del mindfulness para la gesti\u00f3n de emociones<\/strong><\/p>\n<p>En los \u00faltimos a\u00f1os, un amplio n\u00famero de investigaciones cient\u00edficas han demostrado la eficacia del mindfulness en el tratamiento y la gesti\u00f3n de emociones ya que contribuye a restablecer el equilibrio emocional. Actualmente el mindfulness se est\u00e1 utilizando para reducir el estr\u00e9s, la ansiedad y la depresi\u00f3n entre otras patolog\u00edas psicol\u00f3gicas; aumentando a la vez la resiliencia emocional, la felicidad y los comportamientos sociales positivos.<\/p>\n<p>Seg\u00fan los estudios cient\u00edficos realizados en los \u00faltimos a\u00f1os, aquellas personas que practican mindfulness (atenci\u00f3n plena) de forma regular tienen una buena autoaceptaci\u00f3n, autoestima, autonom\u00eda, compasi\u00f3n, ecuanimidad, empat\u00eda, autocontrol y un mejor control del entorno, desarrollando m\u00e1s f\u00e1cilmente un prop\u00f3sito de vida.<\/p>\n<p>Mindfulness tambi\u00e9n mejora las habilidades cognitivas como la memoria, la concentraci\u00f3n y la atenci\u00f3n. Aumenta la capacidad de ser consciente y ayuda a desarrollar habilidades naturales para la resoluci\u00f3n de conflictos.<\/p>\n<p>Otro beneficio del mindfulness es la aceptaci\u00f3n de la incertidumbre, dado que mediante las t\u00e9cnicas de mindfulness (atenci\u00f3n plena) los j\u00f3venes se deshacen de los prejuicios y por tanto est\u00e1n abiertos a todo lo que les vaya apareciendo en su d\u00eda a d\u00eda, gestionando de forma adecuada los momentos de incertidumbre a los que se enfrentan.<\/p>\n<p><strong>Material necesario para las actividades<\/strong><\/p>\n<p>Ropa c\u00f3moda. Calcetines poder ser antideslizantes. Esterilla. Coj\u00edn de meditaci\u00f3n (no obligatorio)<\/p>\n<p><img decoding=\"async\" class=\"wp-image-3019 size-full alignleft\" src=\"https:\/\/centrecasals.com\/wp-content\/uploads\/2020\/09\/Psicologa.jpg\" alt=\"\" width=\"123\" height=\"139\" \/><\/p>\n<h3 class=\"fusion-responsive-typography-calculated\" style=\"--fontsize: 16; line-height: 1.5; --minfontsize: 16;\" data-fontsize=\"16\" data-lineheight=\"24px\"><\/h3>\n<h3 class=\"fusion-responsive-typography-calculated\" style=\"--fontsize: 16; line-height: 1.5; --minfontsize: 16;\" data-fontsize=\"16\" data-lineheight=\"24px\"><\/h3>\n<h3 class=\"fusion-responsive-typography-calculated\" style=\"--fontsize: 16; line-height: 1.5; --minfontsize: 16;\" data-fontsize=\"16\" data-lineheight=\"24px\"><\/h3>\n<h3 class=\"fusion-responsive-typography-calculated\" style=\"--fontsize: 16; line-height: 1.5; --minfontsize: 16;\" data-fontsize=\"16\" data-lineheight=\"24px\"><\/h3>\n<p>&nbsp;<\/p>\n<p>&nbsp;<\/p>\n<p>&nbsp;<\/p>\n<p>&nbsp;<\/p>\n<h3 class=\"fusion-responsive-typography-calculated\" style=\"--fontsize: 16; line-height: 1.5; --minfontsize: 16;\" data-fontsize=\"16\" data-lineheight=\"24px\">Paula<\/h3>\n<ul>\n<li>Graduada en Psicolog\u00eda<\/li>\n<li>M\u00e1ster en Psicolog\u00eda General Sanitaria<\/li>\n<li>Licenciada en Trabajo Social<\/li>\n<li>Formada en Terapia Gestal, Terapia Transpersonal Integrativa, Terapia Som\u00e1tica i arte dram\u00e1tico<\/li>\n<li>Experta en Inteligencia Emocional para ni\u00f1os y preadolescentes por la Universitad Internacional de Bircham<\/li>\n<\/ul>\n<p><a href=\"https:\/\/centrecasals.com\/wp-content\/uploads\/2019\/10\/TALLER-MIND-FULNESS-FACEBOOK-1.jpg\" data-elementor-open-lightbox=\"default\"><br \/>\n<img decoding=\"async\" class=\"aligncenter\" src=\"https:\/\/centrecasals.com\/wp-content\/uploads\/2019\/10\/TALLER-MIND-FULNESS-FACEBOOK-1-400x733.jpg\" sizes=\"(max-width: 400px) 100vw, 400px\" srcset=\"https:\/\/centrecasals.com\/wp-content\/uploads\/2019\/10\/TALLER-MIND-FULNESS-FACEBOOK-1-164x300.jpg 164w, https:\/\/centrecasals.com\/wp-content\/uploads\/2019\/10\/TALLER-MIND-FULNESS-FACEBOOK-1-200x367.jpg 200w, https:\/\/centrecasals.com\/wp-content\/uploads\/2019\/10\/TALLER-MIND-FULNESS-FACEBOOK-1-400x733.jpg 400w, https:\/\/centrecasals.com\/wp-content\/uploads\/2019\/10\/TALLER-MIND-FULNESS-FACEBOOK-1-559x1024.jpg 559w, https:\/\/centrecasals.com\/wp-content\/uploads\/2019\/10\/TALLER-MIND-FULNESS-FACEBOOK-1-600x1100.jpg 600w, https:\/\/centrecasals.com\/wp-content\/uploads\/2019\/10\/TALLER-MIND-FULNESS-FACEBOOK-1-768x1408.jpg 768w, https:\/\/centrecasals.com\/wp-content\/uploads\/2019\/10\/TALLER-MIND-FULNESS-FACEBOOK-1-800x1466.jpg 800w, https:\/\/centrecasals.com\/wp-content\/uploads\/2019\/10\/TALLER-MIND-FULNESS-FACEBOOK-1-1200x2200.jpg 1200w\" alt=\"\" width=\"281\" height=\"516\" \/><\/a><\/p>\n<p><a href=\"https:\/\/centrecasals.com\/wp-content\/uploads\/2022\/03\/Cartell-horaris-febrer-2022.jpg\"><img decoding=\"async\" class=\"aligncenter wp-image-4091 size-fusion-600\" src=\"https:\/\/centrecasals.com\/wp-content\/uploads\/2022\/03\/Cartell-horaris-febrer-2022-600x720.jpg\" alt=\"\" width=\"600\" height=\"720\" srcset=\"https:\/\/centrecasals.com\/wp-content\/uploads\/2022\/03\/Cartell-horaris-febrer-2022-200x240.jpg 200w, https:\/\/centrecasals.com\/wp-content\/uploads\/2022\/03\/Cartell-horaris-febrer-2022-250x300.jpg 250w, https:\/\/centrecasals.com\/wp-content\/uploads\/2022\/03\/Cartell-horaris-febrer-2022-400x480.jpg 400w, https:\/\/centrecasals.com\/wp-content\/uploads\/2022\/03\/Cartell-horaris-febrer-2022-600x720.jpg 600w, https:\/\/centrecasals.com\/wp-content\/uploads\/2022\/03\/Cartell-horaris-febrer-2022-768x922.jpg 768w, https:\/\/centrecasals.com\/wp-content\/uploads\/2022\/03\/Cartell-horaris-febrer-2022-800x960.jpg 800w, https:\/\/centrecasals.com\/wp-content\/uploads\/2022\/03\/Cartell-horaris-febrer-2022-853x1024.jpg 853w, https:\/\/centrecasals.com\/wp-content\/uploads\/2022\/03\/Cartell-horaris-febrer-2022-1200x1440.jpg 1200w, https:\/\/centrecasals.com\/wp-content\/uploads\/2022\/03\/Cartell-horaris-febrer-2022-1280x1536.jpg 1280w, https:\/\/centrecasals.com\/wp-content\/uploads\/2022\/03\/Cartell-horaris-febrer-2022.jpg 1457w\" sizes=\"(max-width: 600px) 100vw, 600px\" \/><\/a><\/p>\n<\/div><div class=\"fusion-clearfix\"><\/div><\/div><\/div><\/div><\/div>\n","protected":false},"excerpt":{"rendered":"","protected":false},"author":2,"featured_media":0,"parent":0,"menu_order":0,"comment_status":"closed","ping_status":"closed","template":"","meta":{"footnotes":""},"aioseo_notices":[],"jetpack_sharing_enabled":true,"_links":{"self":[{"href":"https:\/\/centrecasals.com\/es\/wp-json\/wp\/v2\/pages\/3837"}],"collection":[{"href":"https:\/\/centrecasals.com\/es\/wp-json\/wp\/v2\/pages"}],"about":[{"href":"https:\/\/centrecasals.com\/es\/wp-json\/wp\/v2\/types\/page"}],"author":[{"embeddable":true,"href":"https:\/\/centrecasals.com\/es\/wp-json\/wp\/v2\/users\/2"}],"replies":[{"embeddable":true,"href":"https:\/\/centrecasals.com\/es\/wp-json\/wp\/v2\/comments?post=3837"}],"version-history":[{"count":20,"href":"https:\/\/centrecasals.com\/es\/wp-json\/wp\/v2\/pages\/3837\/revisions"}],"predecessor-version":[{"id":4135,"href":"https:\/\/centrecasals.com\/es\/wp-json\/wp\/v2\/pages\/3837\/revisions\/4135"}],"wp:attachment":[{"href":"https:\/\/centrecasals.com\/es\/wp-json\/wp\/v2\/media?parent=3837"}],"curies":[{"name":"wp","href":"https:\/\/api.w.org\/{rel}","templated":true}]}}