{"id":3857,"date":"2021-11-07T13:47:32","date_gmt":"2021-11-07T12:47:32","guid":{"rendered":"https:\/\/centrecasals.com\/hipopresivos\/"},"modified":"2023-06-01T11:45:03","modified_gmt":"2023-06-01T09:45:03","slug":"hipopresivos","status":"publish","type":"page","link":"https:\/\/centrecasals.com\/es\/hipopresivos\/","title":{"rendered":"Hipopresivos"},"content":{"rendered":"<div class=\"fusion-fullwidth fullwidth-box fusion-builder-row-1 fusion-flex-container nonhundred-percent-fullwidth non-hundred-percent-height-scrolling\" style=\"--awb-border-radius-top-left:0px;--awb-border-radius-top-right:0px;--awb-border-radius-bottom-right:0px;--awb-border-radius-bottom-left:0px;--awb-flex-wrap:wrap;\" ><div class=\"fusion-builder-row fusion-row fusion-flex-align-items-flex-start fusion-flex-content-wrap\" style=\"max-width:1352px;margin-left: calc(-4% \/ 2 );margin-right: calc(-4% \/ 2 );\"><div class=\"fusion-layout-column fusion_builder_column fusion-builder-column-0 fusion_builder_column_1_1 1_1 fusion-flex-column\" style=\"--awb-bg-size:cover;--awb-width-large:100%;--awb-margin-top-large:0px;--awb-spacing-right-large:1.92%;--awb-margin-bottom-large:0px;--awb-spacing-left-large:1.92%;--awb-width-medium:100%;--awb-spacing-right-medium:1.92%;--awb-spacing-left-medium:1.92%;--awb-width-small:100%;--awb-spacing-right-small:1.92%;--awb-spacing-left-small:1.92%;\"><div class=\"fusion-column-wrapper fusion-flex-justify-content-flex-start fusion-content-layout-column\"><div class=\"fusion-text fusion-text-1\"><h1 class=\"fusion-responsive-typography-calculated\" style=\"--fontsize: 40; line-height: 1.4;\" data-fontsize=\"40\" data-lineheight=\"56px\">Hipopresivos<br \/>\n<img decoding=\"async\" class=\" wp-image-4030 alignright\" src=\"https:\/\/centrecasals.com\/wp-content\/uploads\/2022\/03\/Hipopressius-225x300.jpg\" alt=\"\" width=\"191\" height=\"255\" srcset=\"https:\/\/centrecasals.com\/wp-content\/uploads\/2022\/03\/Hipopressius-200x267.jpg 200w, https:\/\/centrecasals.com\/wp-content\/uploads\/2022\/03\/Hipopressius-225x300.jpg 225w, https:\/\/centrecasals.com\/wp-content\/uploads\/2022\/03\/Hipopressius-400x533.jpg 400w, https:\/\/centrecasals.com\/wp-content\/uploads\/2022\/03\/Hipopressius-600x800.jpg 600w, https:\/\/centrecasals.com\/wp-content\/uploads\/2022\/03\/Hipopressius-768x1024.jpg 768w, https:\/\/centrecasals.com\/wp-content\/uploads\/2022\/03\/Hipopressius-800x1067.jpg 800w, https:\/\/centrecasals.com\/wp-content\/uploads\/2022\/03\/Hipopressius-1152x1536.jpg 1152w, https:\/\/centrecasals.com\/wp-content\/uploads\/2022\/03\/Hipopressius-1200x1600.jpg 1200w, https:\/\/centrecasals.com\/wp-content\/uploads\/2022\/03\/Hipopressius.jpg 1536w\" sizes=\"(max-width: 191px) 100vw, 191px\" \/><\/a><\/h1>\n<p>\u00bfQu\u00e9 es el suelo p\u00e9lvico?<br \/>\nEl suelo p\u00e9lvico es el conjunto de m\u00fasculos, ligamentos y fascias que cierran la cavidad p\u00e9lvica apoyando a los \u00f3rganos p\u00e9lvicos y manteniendo los esf\u00ednteres cerrados.<br \/>\nEl suelo p\u00e9lvico act\u00faa junto a la faja abdominal y la columna lumbar consiguiendo un correcto equilibrio de la pelvis y el perin\u00e9.<br \/>\nUn suelo p\u00e9lvico sano permitir\u00e1 una correcta funci\u00f3n en la micci\u00f3n, la defecaci\u00f3n y las relaciones sexuales.<\/p>\n<div><\/div>\n<div>\n<p><img decoding=\"async\" class=\"alignleft size-fusion-400 wp-image-3696\" src=\"https:\/\/centrecasals.com\/wp-content\/uploads\/2021\/11\/imagen-hipopressius2-400x400.jpg\" alt=\"\" width=\"400\" height=\"400\" srcset=\"https:\/\/centrecasals.com\/wp-content\/uploads\/2021\/11\/imagen-hipopressius2-66x66.jpg 66w, https:\/\/centrecasals.com\/wp-content\/uploads\/2021\/11\/imagen-hipopressius2-150x150.jpg 150w, https:\/\/centrecasals.com\/wp-content\/uploads\/2021\/11\/imagen-hipopressius2-200x200.jpg 200w, https:\/\/centrecasals.com\/wp-content\/uploads\/2021\/11\/imagen-hipopressius2-300x300.jpg 300w, https:\/\/centrecasals.com\/wp-content\/uploads\/2021\/11\/imagen-hipopressius2-400x400.jpg 400w, https:\/\/centrecasals.com\/wp-content\/uploads\/2021\/11\/imagen-hipopressius2-600x600.jpg 600w, https:\/\/centrecasals.com\/wp-content\/uploads\/2021\/11\/imagen-hipopressius2-768x768.jpg 768w, https:\/\/centrecasals.com\/wp-content\/uploads\/2021\/11\/imagen-hipopressius2-800x800.jpg 800w, https:\/\/centrecasals.com\/wp-content\/uploads\/2021\/11\/imagen-hipopressius2-1024x1024.jpg 1024w, https:\/\/centrecasals.com\/wp-content\/uploads\/2021\/11\/imagen-hipopressius2.jpg 1080w\" sizes=\"(max-width: 400px) 100vw, 400px\" \/><b><\/b><\/p>\n<p>Hoy hablamos de los <strong>hipopresivos<\/strong>. \u00bfHas practicado alguna vez hipopresivos?<\/p>\n<p>La gimnasia abdominal hipopresiva (GAH) consiste en una t\u00e9cnica postural y respiratoria que trabaja con presiones negativas a nivel abdominal. Permite una buena gesti\u00f3n de la presi\u00f3n intraabdominal dado que un exceso de presi\u00f3n puede producir a la larga alteraciones en la zona lumbar, abdominal y p\u00e9lvica.<\/p>\n<p>Adem\u00e1s aporta un gran trabajo muscular del transverso del abdomen, un m\u00fasculo clave en la estabilidad abdomino-lumbo-pelviana.<\/p>\n<p>Los efectos de la GAH son:<\/p>\n<p>&#8211; Normalizar la presi\u00f3n abdominal<br \/>\n&#8211; Tonificar la musculatura del suelo p\u00e9lvico<br \/>\n&#8211; Tonificar la musculatura profunda abdominal<br \/>\n&#8211; Reducir el volumen de la cintura<br \/>\n&#8211; Trabajo del diafragma<br \/>\n&#8211; Mejorar la est\u00e1tica corporal y la postura<br \/>\n&#8211; Favorecer el drenaje<\/p>\n<h3 class=\"\" style=\"--fontsize: 16; line-height: 1.5; --minfontsize: 16;\" data-fontsize=\"16\" data-lineheight=\"24px\"><\/h3>\n<p>&nbsp;<\/p>\n<p>\u00bfConoces los ejercicios de Kegel o ejercicios de contracci\u00f3n del suelo p\u00e9lvico?<\/p>\n<p>Algunos errores habituales son bloquear la respiraci\u00f3n y hacer fuerza con el abdomen, gl\u00fateos y muslos. La contracci\u00f3n debe ser s\u00f3lo de la zona perineal.<\/p>\n<p>Estas clases est\u00e1n guiadas por una <strong>fisioterapeuta experta en suelo p\u00e9lvico<\/strong>, que incidir\u00e1 en una correcta alineaci\u00f3n del cuerpo durante las posturas, y en una correcta ejecuci\u00f3n de los ejercicios. Adem\u00e1s, seguramente conocer\u00e1 tu suelo p\u00e9lvico, permitiendo un <strong>enfoque m\u00e1s terap\u00e9utico.<\/strong><\/p>\n<p><b>HORARIOS:<\/b><\/p>\n<ul>\n<li>\n<p style=\"background-color: rgba(255, 255, 255, 0); color: var(--body_typography-color); font-family: var(--body_typography-font-family); font-size: var(--body_typography-font-size); font-style: var(--body_typography-font-style,normal); font-weight: var(--body_typography-font-weight); letter-spacing: var(--body_typography-letter-spacing); display: inline !important;\"><span style=\"background-color: rgba(255, 255, 255, 0); color: var(--body_typography-color); font-family: var(--body_typography-font-family); font-size: var(--body_typography-font-size); font-style: var(--body_typography-font-style,normal); font-weight: var(--body_typography-font-weight); letter-spacing: var(--body_typography-letter-spacing);\">Martes de 18:15 a 19:15 horas<\/span><\/p>\n<\/li>\n<li><span style=\"background-color: rgba(255, 255, 255, 0); color: var(--body_typography-color); font-family: var(--body_typography-font-family); font-size: var(--body_typography-font-size); font-style: var(--body_typography-font-style,normal); font-weight: var(--body_typography-font-weight); letter-spacing: var(--body_typography-letter-spacing);\">Viernes de 12:30a 13:30 horas<\/span><\/li>\n<\/ul>\n<\/div>\n<\/div><div class=\"fusion-builder-row fusion-builder-row-inner fusion-row fusion-flex-align-items-flex-start fusion-flex-content-wrap\" style=\"width:104% !important;max-width:104% !important;margin-left: calc(-4% \/ 2 );margin-right: calc(-4% \/ 2 );\"><div class=\"fusion-layout-column fusion_builder_column_inner fusion-builder-nested-column-0 fusion_builder_column_inner_1_2 1_2 fusion-flex-column\" style=\"--awb-bg-size:cover;--awb-width-large:50%;--awb-margin-top-large:0px;--awb-spacing-right-large:3.84%;--awb-margin-bottom-large:20px;--awb-spacing-left-large:3.84%;--awb-width-medium:100%;--awb-order-medium:0;--awb-spacing-right-medium:1.92%;--awb-spacing-left-medium:1.92%;--awb-width-small:100%;--awb-order-small:0;--awb-spacing-right-small:1.92%;--awb-spacing-left-small:1.92%;\"><div class=\"fusion-column-wrapper fusion-column-has-shadow fusion-flex-justify-content-flex-start fusion-content-layout-column\"><div class=\"fusion-text fusion-text-2\"><p><b style=\"background-color: rgba(255, 255, 255, 0); color: var(--body_typography-color); font-family: var(--body_typography-font-family); font-size: var(--body_typography-font-size); font-style: var(--body_typography-font-style,normal); letter-spacing: var(--body_typography-letter-spacing);\">Helena:<a href=\"https:\/\/centrecasals.com\/wp-content\/uploads\/2023\/06\/Elena-Gines-r-150x150.jpg\"><img decoding=\"async\" class=\"alignright size-thumbnail wp-image-4630\" src=\"https:\/\/centrecasals.com\/wp-content\/uploads\/2023\/06\/Elena-Gines-r-150x150.jpg\" alt=\"\" width=\"150\" height=\"150\" srcset=\"https:\/\/centrecasals.com\/wp-content\/uploads\/2023\/06\/Elena-Gines-r-66x66.jpg 66w, https:\/\/centrecasals.com\/wp-content\/uploads\/2023\/06\/Elena-Gines-r-150x150.jpg 150w, https:\/\/centrecasals.com\/wp-content\/uploads\/2023\/06\/Elena-Gines-r-200x200.jpg 200w, https:\/\/centrecasals.com\/wp-content\/uploads\/2023\/06\/Elena-Gines-r-300x300.jpg 300w, https:\/\/centrecasals.com\/wp-content\/uploads\/2023\/06\/Elena-Gines-r-400x400.jpg 400w, https:\/\/centrecasals.com\/wp-content\/uploads\/2023\/06\/Elena-Gines-r-600x600.jpg 600w, https:\/\/centrecasals.com\/wp-content\/uploads\/2023\/06\/Elena-Gines-r-768x768.jpg 768w, https:\/\/centrecasals.com\/wp-content\/uploads\/2023\/06\/Elena-Gines-r-800x800.jpg 800w, https:\/\/centrecasals.com\/wp-content\/uploads\/2023\/06\/Elena-Gines-r-1024x1024.jpg 1024w, https:\/\/centrecasals.com\/wp-content\/uploads\/2023\/06\/Elena-Gines-r.jpg 1080w\" sizes=\"(max-width: 150px) 100vw, 150px\" \/><\/a><\/b><\/p>\n<ul>\n<li>Fisioterapeuta (URL)<\/li>\n<li>Postgrau en Fisioter\u00e0pia de l\u2019aparell locomotor (EIU)<\/li>\n<li>M\u00e0ster en Reeducaci\u00f3 del S\u00f2l Pelvi\u00e0 (FUB)<\/li>\n<\/ul>\n<\/div><\/div><\/div><\/div><div class=\"fusion-image-element \" style=\"text-align:center;--awb-caption-title-font-family:var(--h2_typography-font-family);--awb-caption-title-font-weight:var(--h2_typography-font-weight);--awb-caption-title-font-style:var(--h2_typography-font-style);--awb-caption-title-size:var(--h2_typography-font-size);--awb-caption-title-transform:var(--h2_typography-text-transform);--awb-caption-title-line-height:var(--h2_typography-line-height);--awb-caption-title-letter-spacing:var(--h2_typography-letter-spacing);\"><span class=\" fusion-imageframe imageframe-none imageframe-1 hover-type-none\"><img decoding=\"async\" width=\"600\" height=\"720\" title=\"Cartell-horaris-febrer-2022\" src=\"https:\/\/centrecasals.com\/wp-content\/uploads\/2022\/03\/Cartell-horaris-febrer-2022-600x720.jpg\" alt class=\"img-responsive wp-image-4091\" srcset=\"https:\/\/centrecasals.com\/wp-content\/uploads\/2022\/03\/Cartell-horaris-febrer-2022-200x240.jpg 200w, https:\/\/centrecasals.com\/wp-content\/uploads\/2022\/03\/Cartell-horaris-febrer-2022-400x480.jpg 400w, https:\/\/centrecasals.com\/wp-content\/uploads\/2022\/03\/Cartell-horaris-febrer-2022-600x720.jpg 600w, https:\/\/centrecasals.com\/wp-content\/uploads\/2022\/03\/Cartell-horaris-febrer-2022-800x960.jpg 800w, https:\/\/centrecasals.com\/wp-content\/uploads\/2022\/03\/Cartell-horaris-febrer-2022-1200x1440.jpg 1200w, https:\/\/centrecasals.com\/wp-content\/uploads\/2022\/03\/Cartell-horaris-febrer-2022.jpg 1457w\" sizes=\"(max-width: 1024px) 100vw, (max-width: 600px) 100vw, 600px\" \/><\/span><\/div><\/div><\/div><\/div><\/div>\n","protected":false},"excerpt":{"rendered":"","protected":false},"author":10,"featured_media":0,"parent":0,"menu_order":0,"comment_status":"closed","ping_status":"closed","template":"","meta":{"footnotes":""},"aioseo_notices":[],"jetpack_sharing_enabled":true,"_links":{"self":[{"href":"https:\/\/centrecasals.com\/es\/wp-json\/wp\/v2\/pages\/3857"}],"collection":[{"href":"https:\/\/centrecasals.com\/es\/wp-json\/wp\/v2\/pages"}],"about":[{"href":"https:\/\/centrecasals.com\/es\/wp-json\/wp\/v2\/types\/page"}],"author":[{"embeddable":true,"href":"https:\/\/centrecasals.com\/es\/wp-json\/wp\/v2\/users\/10"}],"replies":[{"embeddable":true,"href":"https:\/\/centrecasals.com\/es\/wp-json\/wp\/v2\/comments?post=3857"}],"version-history":[{"count":14,"href":"https:\/\/centrecasals.com\/es\/wp-json\/wp\/v2\/pages\/3857\/revisions"}],"predecessor-version":[{"id":4640,"href":"https:\/\/centrecasals.com\/es\/wp-json\/wp\/v2\/pages\/3857\/revisions\/4640"}],"wp:attachment":[{"href":"https:\/\/centrecasals.com\/es\/wp-json\/wp\/v2\/media?parent=3857"}],"curies":[{"name":"wp","href":"https:\/\/api.w.org\/{rel}","templated":true}]}}