{"id":3873,"date":"2021-11-07T14:28:20","date_gmt":"2021-11-07T13:28:20","guid":{"rendered":"https:\/\/centrecasals.com\/yoga-2\/"},"modified":"2022-04-19T18:53:44","modified_gmt":"2022-04-19T16:53:44","slug":"yoga","status":"publish","type":"page","link":"https:\/\/centrecasals.com\/es\/yoga\/","title":{"rendered":"Yoga"},"content":{"rendered":"<div class=\"fusion-fullwidth fullwidth-box fusion-builder-row-1 fusion-flex-container nonhundred-percent-fullwidth non-hundred-percent-height-scrolling\" style=\"--awb-border-radius-top-left:0px;--awb-border-radius-top-right:0px;--awb-border-radius-bottom-right:0px;--awb-border-radius-bottom-left:0px;--awb-flex-wrap:wrap;\" ><div class=\"fusion-builder-row fusion-row fusion-flex-align-items-flex-start fusion-flex-justify-content-center fusion-flex-content-wrap\" style=\"max-width:calc( 1300px + 0px );margin-left: calc(-0px \/ 2 );margin-right: calc(-0px \/ 2 );\"><div class=\"fusion-layout-column fusion_builder_column fusion-builder-column-0 fusion_builder_column_1_1 1_1 fusion-flex-column\" style=\"--awb-bg-size:cover;--awb-width-large:100%;--awb-margin-top-large:0px;--awb-spacing-right-large:0px;--awb-margin-bottom-large:0px;--awb-spacing-left-large:0px;--awb-width-medium:100%;--awb-spacing-right-medium:0px;--awb-spacing-left-medium:0px;--awb-width-small:100%;--awb-spacing-right-small:0px;--awb-spacing-left-small:0px;\"><div class=\"fusion-column-wrapper fusion-flex-justify-content-center fusion-content-layout-column\"><div class=\"fusion-text fusion-text-1\"><p><img decoding=\"async\" class=\"aligncenter\" src=\"https:\/\/centrecasals.com\/wp-content\/uploads\/2020\/01\/83505592_2613153298779761_6777789569426259968_o-768x400.jpg\" alt=\"\" width=\"768\" height=\"400\" \/><\/p>\n<p>&nbsp;<\/p>\n<p>El yoga es una pr\u00e1ctica f\u00edsica y mental que integra el cuerpo, la mente y el esp\u00edritu.<\/p>\n<p>La pr\u00e1ctica del yoga, originaria en la India, est\u00e1 dise\u00f1ada para aumentar la conexi\u00f3n con el yo interior, <strong>crear equilibrio mente-cuerpo-esp\u00edritu<\/strong>, limpiar, curar y fortalecer el cuerpo, y, tal y como se practica en Occidente, mejorar la forma f\u00edsica. La forma m\u00e1s com\u00fan practicada en nuestro territorio es el <strong>hatha yoga,<\/strong> que incluye movimientos o posturas espec\u00edficas (asanas) y diversas <strong>t\u00e9cnicas de respiraci\u00f3n<\/strong> (pranayama) ya menudo se complementa con la <strong>meditaci\u00f3n<\/strong> (dhyana).<\/p>\n<p>Una pr\u00e1ctica regular de yoga ofrece una mayor flexibilidad, tono muscular, <strong>claridad mental<\/strong>, salud del sistema inmunitario y una mayor circulaci\u00f3n.<\/p>\n<p>Los movimientos suaves, conscientes y controlados del yoga pueden proporcionar un<\/p>\n<p>entrenamiento adecuado para personas con casi cualquier condici\u00f3n f\u00edsica. Las asanas \u2013hay muchas\u2013 pueden aliviar los m\u00fasculos tensos, mejorar la flexibilidad y mejorar la fuerza, el equilibrio y la resistencia. Las posturas, las pr\u00e1cticas de respiraci\u00f3n y la meditaci\u00f3n tambi\u00e9n pueden aumentar la concentraci\u00f3n, reducir el estr\u00e9s y, entre otros beneficios terap\u00e9uticos, aliviar el dolor de espalda.<\/p>\n<p>En la pr\u00e1ctica de yoga uno de los ejes fundamentales es la respiraci\u00f3n. Los ejercicios corporales que se practican abren las estructuras que participan en la respiraci\u00f3n a la vez que tonifican y flexibilizan la musculatura involucrada en el proceso.<\/p>\n<p>Adem\u00e1s, se practican tambi\u00e9n una serie de ejercicios de control respiratorio que pretenden estimular y acumular energ\u00eda vital as\u00ed como alcanzar estados de calma mental, gracias a la relaci\u00f3n tan directa que existe entre respiraci\u00f3n y mente.<\/p>\n<p>Una respiraci\u00f3n amplia y bien regulada es la base de buena salud f\u00edsica, emocional y mental. Practica yoga y disfruta de los beneficios que aporta una respiraci\u00f3n de calidad.<br \/>\nNo debe olvidarse que para obtener beneficios reales debe haber una dedicaci\u00f3n diaria y que la pr\u00e1ctica siempre debe ir acompa\u00f1ada de unos h\u00e1bitos saludables y estilo de vida sano.<\/p>\n<h2 style=\"text-align: center;\">Nuevas actividades de Yoga:<\/h2>\n<\/div><\/div><\/div><div class=\"fusion-layout-column fusion_builder_column fusion-builder-column-1 fusion_builder_column_1_1 1_1 fusion-flex-column\" style=\"--awb-bg-size:cover;--awb-width-large:100%;--awb-margin-top-large:0px;--awb-spacing-right-large:0px;--awb-margin-bottom-large:20px;--awb-spacing-left-large:0px;--awb-width-medium:100%;--awb-order-medium:0;--awb-spacing-right-medium:0px;--awb-spacing-left-medium:0px;--awb-width-small:100%;--awb-order-small:0;--awb-spacing-right-small:0px;--awb-spacing-left-small:0px;\"><div class=\"fusion-column-wrapper fusion-column-has-shadow fusion-flex-justify-content-center fusion-content-layout-column\"><div class=\"fusion-separator fusion-full-width-sep\" style=\"align-self: center;margin-left: auto;margin-right: auto;width:100%;\"><div class=\"fusion-separator-border sep-double\" style=\"--awb-height:20px;--awb-amount:20px;--awb-sep-color:#ffffff;border-color:#ffffff;border-top-width:0px;border-bottom-width:0px;\"><\/div><\/div><\/div><\/div><div class=\"fusion-layout-column fusion_builder_column fusion-builder-column-2 fusion_builder_column_1_1 1_1 fusion-flex-column fusion-flex-align-self-center\" style=\"--awb-bg-size:cover;--awb-width-large:100%;--awb-margin-top-large:0px;--awb-spacing-right-large:0px;--awb-margin-bottom-large:20px;--awb-spacing-left-large:0px;--awb-width-medium:100%;--awb-order-medium:0;--awb-spacing-right-medium:0px;--awb-spacing-left-medium:0px;--awb-width-small:100%;--awb-order-small:0;--awb-spacing-right-small:0px;--awb-spacing-left-small:0px;\"><div class=\"fusion-column-wrapper fusion-column-has-shadow fusion-flex-justify-content-center fusion-content-layout-row\"><div class=\"fusion-separator fusion-full-width-sep\" style=\"align-self: center;margin-left: auto;margin-right: auto;width:100%;\"><\/div><div ><a class=\"fusion-button button-flat fusion-button-default-size button-default fusion-button-default button-1 fusion-button-default-span fusion-button-default-type\" style=\"--button_margin-right:20px;--button_margin-bottom:20px;\" target=\"_self\" href=\"https:\/\/centrecasals.com\/ioga-terapeutic\/\"><span class=\"fusion-button-text\">Yoga Terap\u00e9utico<\/span><\/a><\/div><div ><a class=\"fusion-button button-flat fusion-button-default-size button-default fusion-button-default button-2 fusion-button-default-span fusion-button-default-type\" style=\"--button_margin-right:20px;--button_margin-bottom:20px;\" target=\"_self\" href=\"https:\/\/centrecasals.com\/es\/yoga-terapeutico-hatha-vinyasa\/\"><span class=\"fusion-button-text\">Yoga Terap\u00e9utico Hatha Vinyasa<\/span><\/a><\/div><div ><a class=\"fusion-button button-flat fusion-button-default-size button-default fusion-button-default button-3 fusion-button-default-span fusion-button-default-type\" style=\"--button_margin-right:20px;\" target=\"_self\" href=\"https:\/\/centrecasals.com\/es\/yoga-embarazada\/\"><span class=\"fusion-button-text\">Yoga Embarazada<\/span><\/a><\/div><div ><a class=\"fusion-button button-flat fusion-button-default-size button-default fusion-button-default button-4 fusion-button-default-span fusion-button-default-type\" style=\"--button_margin-right:20px;--button_margin-bottom:20px;\" target=\"_self\" href=\"https:\/\/centrecasals.com\/es\/yoga-postparto\/\"><span class=\"fusion-button-text\">Yoga Posparto<\/span><\/a><\/div><div class=\"fusion-separator fusion-full-width-sep\" style=\"align-self: center;margin-left: auto;margin-right: auto;margin-top:30px;width:100%;\"><\/div><\/div><\/div><div class=\"fusion-layout-column fusion_builder_column fusion-builder-column-3 fusion_builder_column_1_1 1_1 fusion-flex-column fusion-flex-align-self-center\" style=\"--awb-bg-size:cover;--awb-width-large:100%;--awb-margin-top-large:0px;--awb-spacing-right-large:0px;--awb-margin-bottom-large:20px;--awb-spacing-left-large:0px;--awb-width-medium:100%;--awb-order-medium:0;--awb-spacing-right-medium:0px;--awb-spacing-left-medium:0px;--awb-width-small:100%;--awb-order-small:0;--awb-spacing-right-small:0px;--awb-spacing-left-small:0px;\"><div class=\"fusion-column-wrapper fusion-column-has-shadow fusion-flex-justify-content-center fusion-content-layout-row\"><div class=\"fusion-separator fusion-full-width-sep\" style=\"align-self: center;margin-left: auto;margin-right: auto;width:100%;\"><\/div><div class=\"fusion-text fusion-text-2\"><p><a href=\"https:\/\/centrecasals.com\/wp-content\/uploads\/2022\/03\/Cartell-horaris-febrer-2022.jpg\"><img decoding=\"async\" class=\"alignleft size-fusion-600 wp-image-4091\" src=\"https:\/\/centrecasals.com\/wp-content\/uploads\/2022\/03\/Cartell-horaris-febrer-2022-600x720.jpg\" alt=\"\" width=\"600\" height=\"720\" srcset=\"https:\/\/centrecasals.com\/wp-content\/uploads\/2022\/03\/Cartell-horaris-febrer-2022-200x240.jpg 200w, https:\/\/centrecasals.com\/wp-content\/uploads\/2022\/03\/Cartell-horaris-febrer-2022-250x300.jpg 250w, https:\/\/centrecasals.com\/wp-content\/uploads\/2022\/03\/Cartell-horaris-febrer-2022-400x480.jpg 400w, https:\/\/centrecasals.com\/wp-content\/uploads\/2022\/03\/Cartell-horaris-febrer-2022-600x720.jpg 600w, https:\/\/centrecasals.com\/wp-content\/uploads\/2022\/03\/Cartell-horaris-febrer-2022-768x922.jpg 768w, https:\/\/centrecasals.com\/wp-content\/uploads\/2022\/03\/Cartell-horaris-febrer-2022-800x960.jpg 800w, https:\/\/centrecasals.com\/wp-content\/uploads\/2022\/03\/Cartell-horaris-febrer-2022-853x1024.jpg 853w, https:\/\/centrecasals.com\/wp-content\/uploads\/2022\/03\/Cartell-horaris-febrer-2022-1200x1440.jpg 1200w, https:\/\/centrecasals.com\/wp-content\/uploads\/2022\/03\/Cartell-horaris-febrer-2022-1280x1536.jpg 1280w, https:\/\/centrecasals.com\/wp-content\/uploads\/2022\/03\/Cartell-horaris-febrer-2022.jpg 1457w\" sizes=\"(max-width: 600px) 100vw, 600px\" \/><\/a><\/p>\n<\/div><div class=\"fusion-separator fusion-full-width-sep\" style=\"align-self: center;margin-left: auto;margin-right: auto;width:100%;\"><div class=\"fusion-separator-border sep-double\" style=\"--awb-height:20px;--awb-amount:20px;border-color:#e0dede;border-top-width:1px;border-bottom-width:1px;\"><\/div><\/div><div class=\"fusion-separator fusion-full-width-sep\" style=\"align-self: center;margin-left: auto;margin-right: auto;margin-top:30px;width:100%;\"><\/div><\/div><\/div><div class=\"fusion-layout-column fusion_builder_column fusion-builder-column-4 fusion_builder_column_1_2 1_2 fusion-flex-column\" style=\"--awb-bg-size:cover;--awb-width-large:50%;--awb-margin-top-large:0px;--awb-spacing-right-large:0px;--awb-margin-bottom-large:20px;--awb-spacing-left-large:0px;--awb-width-medium:100%;--awb-order-medium:0;--awb-spacing-right-medium:0px;--awb-spacing-left-medium:0px;--awb-width-small:100%;--awb-order-small:0;--awb-spacing-right-small:0px;--awb-spacing-left-small:0px;\"><div class=\"fusion-column-wrapper fusion-column-has-shadow fusion-flex-justify-content-flex-start fusion-content-layout-column\"><div class=\"fusion-video fusion-youtube\" style=\"--awb-max-width:600px;--awb-max-height:360px;--awb-align-self:center;--awb-width:100%;\"><div class=\"video-shortcode\"><div class=\"fluid-width-video-wrapper\" style=\"padding-top:60%;\" ><iframe title=\"YouTube video player 1\" src=\"https:\/\/www.youtube.com\/embed\/xBGgwxsESoo?wmode=transparent&autoplay=0&amp;rel=0\" width=\"600\" height=\"360\" allowfullscreen allow=\"autoplay; fullscreen\"><\/iframe><\/div><\/div><\/div><\/div><\/div><div class=\"fusion-layout-column fusion_builder_column fusion-builder-column-5 fusion_builder_column_1_1 1_1 fusion-flex-column\" style=\"--awb-bg-size:cover;--awb-width-large:100%;--awb-margin-top-large:0px;--awb-spacing-right-large:0px;--awb-margin-bottom-large:20px;--awb-spacing-left-large:0px;--awb-width-medium:100%;--awb-order-medium:0;--awb-spacing-right-medium:0px;--awb-spacing-left-medium:0px;--awb-width-small:100%;--awb-order-small:0;--awb-spacing-right-small:0px;--awb-spacing-left-small:0px;\"><div class=\"fusion-column-wrapper fusion-column-has-shadow fusion-flex-justify-content-flex-start fusion-content-layout-column\"><div style=\"text-align:center;\"><a class=\"fusion-button button-flat fusion-button-default-size button-default fusion-button-default button-5 fusion-button-default-span fusion-button-default-type\" target=\"_self\" href=\"https:\/\/centrecasals.com\/quiz\/ioga\/\"><span class=\"fusion-button-text\">Haz el cuestionario de Yoga realcionado!!<\/span><\/a><\/div><\/div><\/div><\/div><\/div>\n","protected":false},"excerpt":{"rendered":"","protected":false},"author":2,"featured_media":0,"parent":0,"menu_order":0,"comment_status":"closed","ping_status":"closed","template":"","meta":{"footnotes":""},"aioseo_notices":[],"jetpack_sharing_enabled":true,"_links":{"self":[{"href":"https:\/\/centrecasals.com\/es\/wp-json\/wp\/v2\/pages\/3873"}],"collection":[{"href":"https:\/\/centrecasals.com\/es\/wp-json\/wp\/v2\/pages"}],"about":[{"href":"https:\/\/centrecasals.com\/es\/wp-json\/wp\/v2\/types\/page"}],"author":[{"embeddable":true,"href":"https:\/\/centrecasals.com\/es\/wp-json\/wp\/v2\/users\/2"}],"replies":[{"embeddable":true,"href":"https:\/\/centrecasals.com\/es\/wp-json\/wp\/v2\/comments?post=3873"}],"version-history":[{"count":5,"href":"https:\/\/centrecasals.com\/es\/wp-json\/wp\/v2\/pages\/3873\/revisions"}],"predecessor-version":[{"id":4153,"href":"https:\/\/centrecasals.com\/es\/wp-json\/wp\/v2\/pages\/3873\/revisions\/4153"}],"wp:attachment":[{"href":"https:\/\/centrecasals.com\/es\/wp-json\/wp\/v2\/media?parent=3873"}],"curies":[{"name":"wp","href":"https:\/\/api.w.org\/{rel}","templated":true}]}}