{"id":3881,"date":"2021-11-07T14:41:42","date_gmt":"2021-11-07T13:41:42","guid":{"rendered":"https:\/\/centrecasals.com\/yoga-terapeutico-hatha-vinyasa\/"},"modified":"2021-11-07T14:43:43","modified_gmt":"2021-11-07T13:43:43","slug":"yoga-terapeutico-hatha-vinyasa","status":"publish","type":"page","link":"https:\/\/centrecasals.com\/es\/yoga-terapeutico-hatha-vinyasa\/","title":{"rendered":"Yoga terap\u00e9utico Hatha Vinyasa"},"content":{"rendered":"<div class=\"fusion-fullwidth fullwidth-box fusion-builder-row-1 fusion-flex-container nonhundred-percent-fullwidth non-hundred-percent-height-scrolling\" style=\"--awb-border-radius-top-left:0px;--awb-border-radius-top-right:0px;--awb-border-radius-bottom-right:0px;--awb-border-radius-bottom-left:0px;--awb-flex-wrap:wrap;\" ><div class=\"fusion-builder-row fusion-row fusion-flex-align-items-flex-start fusion-flex-content-wrap\" style=\"max-width:1352px;margin-left: calc(-4% \/ 2 );margin-right: calc(-4% \/ 2 );\"><div class=\"fusion-layout-column fusion_builder_column fusion-builder-column-0 fusion_builder_column_1_1 1_1 fusion-flex-column\" style=\"--awb-bg-size:cover;--awb-width-large:100%;--awb-margin-top-large:0px;--awb-spacing-right-large:1.92%;--awb-margin-bottom-large:0px;--awb-spacing-left-large:1.92%;--awb-width-medium:100%;--awb-spacing-right-medium:1.92%;--awb-spacing-left-medium:1.92%;--awb-width-small:100%;--awb-spacing-right-small:1.92%;--awb-spacing-left-small:1.92%;\"><div class=\"fusion-column-wrapper fusion-flex-justify-content-flex-start fusion-content-layout-column\"><div class=\"fusion-text fusion-text-1\"><h1 class=\"\" style=\"--fontsize: 40; line-height: 1.4;\" data-fontsize=\"40\" data-lineheight=\"56px\">Yoga terap\u00e9utico Hatha Vinyasa<\/h1>\n<p>El yoga es una milenaria disciplina, que se caracteriza por ser uno de los mejores sistemas de cuidado integral que existen.<\/p>\n<p>En el yoga, cuerpo, mente y esp\u00edritu se fortalecen a partir de la pr\u00e1ctica de las asanas (las com\u00fanmente conocidas como posturas de yoga).<\/p>\n<p>Hatha Vinyasa yoga combina la respiraci\u00f3n consciente, la fluidez y la quietud, la alineaci\u00f3n f\u00edsica y energ\u00e9tica, y la mente enfocada.<\/p>\n<p>La diferencia con otras modalidades de yoga es que, en este caso, las asanas se realizar\u00e1n con mayor energ\u00eda, lo que har\u00e1 que m\u00fasculos y articulaciones trabajen mucho m\u00e1s.<\/p>\n<p><img decoding=\"async\" class=\"wp-image-3561 size-fusion-400 alignleft\" src=\"https:\/\/centrecasals.com\/wp-content\/uploads\/2021\/09\/241816795_4254997924595282_3040296779348233342_n-400x400.png\" alt=\"\" width=\"400\" height=\"400\" srcset=\"https:\/\/centrecasals.com\/wp-content\/uploads\/2021\/09\/241816795_4254997924595282_3040296779348233342_n-66x66.png 66w, https:\/\/centrecasals.com\/wp-content\/uploads\/2021\/09\/241816795_4254997924595282_3040296779348233342_n-150x150.png 150w, https:\/\/centrecasals.com\/wp-content\/uploads\/2021\/09\/241816795_4254997924595282_3040296779348233342_n-200x200.png 200w, https:\/\/centrecasals.com\/wp-content\/uploads\/2021\/09\/241816795_4254997924595282_3040296779348233342_n-300x300.png 300w, https:\/\/centrecasals.com\/wp-content\/uploads\/2021\/09\/241816795_4254997924595282_3040296779348233342_n-400x400.png 400w, https:\/\/centrecasals.com\/wp-content\/uploads\/2021\/09\/241816795_4254997924595282_3040296779348233342_n-600x600.png 600w, https:\/\/centrecasals.com\/wp-content\/uploads\/2021\/09\/241816795_4254997924595282_3040296779348233342_n-768x768.png 768w, https:\/\/centrecasals.com\/wp-content\/uploads\/2021\/09\/241816795_4254997924595282_3040296779348233342_n-800x800.png 800w, https:\/\/centrecasals.com\/wp-content\/uploads\/2021\/09\/241816795_4254997924595282_3040296779348233342_n.png 843w\" sizes=\"(max-width: 400px) 100vw, 400px\" \/><\/p>\n<p>&nbsp;<\/p>\n<h3 class=\"fusion-responsive-typography-calculated\" style=\"--fontsize: 16; line-height: 1.5; --minfontsize: 16;\" data-fontsize=\"16\" data-lineheight=\"24px\"><b> <\/b><b style=\"color: var(--h4_typography-color); font-family: var(--h4_typography-font-family); font-size: var(--h4_typography-font-size); font-style: var(--h4_typography-font-style,normal); letter-spacing: var(--h4_typography-letter-spacing); background-color: rgba(255, 255, 255, 0);\">Beneficios<\/b><\/h3>\n<p>Aumento de la resistencia del cuerpo, permite trabajar con mayor cantidad de m\u00fasculos al mismo tiempo.<\/p>\n<p>&#8211; Mejora flexibilidad y mejor coordinaci\u00f3n.<\/p>\n<p>&#8211; Aumento de la autoestima<\/p>\n<p>&#8211; Reduce el estr\u00e9s<\/p>\n<p>&#8211; Mejor circulaci\u00f3n sangu\u00ednea, puesto que el Vinyasa se practica en un ritmo mucho m\u00e1s r\u00e1pido que otros tipos de yoga.<\/p>\n<p>&#8211; Mejora la calidad del sue\u00f1o<\/p>\n<p>&#8211; Desintoxica el cuerpo<\/p>\n<p><span style=\"background-color: rgba(255, 255, 255, 0); color: var(--body_typography-color); font-family: var(--body_typography-font-family); font-size: var(--body_typography-font-size); font-style: var(--body_typography-font-style,normal); font-weight: var(--body_typography-font-weight); letter-spacing: var(--body_typography-letter-spacing);\">\u00a0<\/span><\/p>\n<p>&nbsp;<\/p>\n<p>&nbsp;<\/p>\n<p>Las clases de <strong>Hatha Vinyasa<\/strong> est\u00e1n indicadas para personas que desean un<strong> Yoga<\/strong> activo f\u00edsicamente, son intensas y al mismo tiempo que respetuosas con las necesidades y capacidades de cada alumno.<\/p>\n<p>Estas clases est\u00e1n guiadas por una <strong>fisioterapeuta especializada en Yoga<\/strong>, permitiendo un <strong>enfoque m\u00e1s terap\u00e9utico<\/strong>.<\/p>\n<p><b>HORARIS:<\/b><\/p>\n<ul>\n<li><span style=\"background-color: rgba(255, 255, 255, 0); color: var(--body_typography-color); font-family: var(--body_typography-font-family); font-size: var(--body_typography-font-size); font-style: var(--body_typography-font-style,normal); font-weight: var(--body_typography-font-weight); letter-spacing: var(--body_typography-letter-spacing);\">Dilluns de 19:00 a 20:15 hores<\/span><\/li>\n<li><span style=\"background-color: rgba(255, 255, 255, 0); color: var(--body_typography-color); font-family: var(--body_typography-font-family); font-size: var(--body_typography-font-size); font-style: var(--body_typography-font-style,normal); font-weight: var(--body_typography-font-weight); letter-spacing: var(--body_typography-letter-spacing);\">Dimecres de 20:15 a 21:30 hores<\/span><\/li>\n<li>Divendres de 15:00 a 16:15 hores<\/li>\n<\/ul>\n<\/div><div class=\"fusion-builder-row fusion-builder-row-inner fusion-row fusion-flex-align-items-flex-start fusion-flex-content-wrap\" style=\"width:104% !important;max-width:104% !important;margin-left: calc(-4% \/ 2 );margin-right: calc(-4% \/ 2 );\"><div class=\"fusion-layout-column fusion_builder_column_inner fusion-builder-nested-column-0 fusion_builder_column_inner_1_2 1_2 fusion-flex-column\" style=\"--awb-bg-size:cover;--awb-width-large:50%;--awb-margin-top-large:0px;--awb-spacing-right-large:3.84%;--awb-margin-bottom-large:20px;--awb-spacing-left-large:3.84%;--awb-width-medium:100%;--awb-order-medium:0;--awb-spacing-right-medium:1.92%;--awb-spacing-left-medium:1.92%;--awb-width-small:100%;--awb-order-small:0;--awb-spacing-right-small:1.92%;--awb-spacing-left-small:1.92%;\"><div class=\"fusion-column-wrapper fusion-column-has-shadow fusion-flex-justify-content-flex-start fusion-content-layout-column\"><div class=\"fusion-text fusion-text-2\"><p><b style=\"background-color: rgba(255, 255, 255, 0); color: var(--body_typography-color); font-family: var(--body_typography-font-family); font-size: var(--body_typography-font-size); font-style: var(--body_typography-font-style,normal); letter-spacing: var(--body_typography-letter-spacing);\">Marta:<\/b><\/p>\n<ul>\n<li><span style=\"background-color: rgba(255, 255, 255, 0); color: var(--body_typography-color); font-family: var(--body_typography-font-family); font-size: var(--body_typography-font-size); font-style: var(--body_typography-font-style,normal); font-weight: var(--body_typography-font-weight); letter-spacing: var(--body_typography-letter-spacing);\">Fisioterapeuta (UIC)<img decoding=\"async\" class=\"alignright size-thumbnail wp-image-3689\" src=\"https:\/\/centrecasals.com\/wp-content\/uploads\/2021\/11\/Marta-150x150.jpg\" alt=\"\" width=\"150\" height=\"150\" srcset=\"https:\/\/centrecasals.com\/wp-content\/uploads\/2021\/11\/Marta-66x66.jpg 66w, https:\/\/centrecasals.com\/wp-content\/uploads\/2021\/11\/Marta-150x150.jpg 150w, https:\/\/centrecasals.com\/wp-content\/uploads\/2021\/11\/Marta-200x200.jpg 200w, https:\/\/centrecasals.com\/wp-content\/uploads\/2021\/11\/Marta-300x300.jpg 300w, https:\/\/centrecasals.com\/wp-content\/uploads\/2021\/11\/Marta-400x400.jpg 400w, https:\/\/centrecasals.com\/wp-content\/uploads\/2021\/11\/Marta-600x600.jpg 600w, https:\/\/centrecasals.com\/wp-content\/uploads\/2021\/11\/Marta-768x768.jpg 768w, https:\/\/centrecasals.com\/wp-content\/uploads\/2021\/11\/Marta-800x800.jpg 800w, https:\/\/centrecasals.com\/wp-content\/uploads\/2021\/11\/Marta-1024x1024.jpg 1024w, https:\/\/centrecasals.com\/wp-content\/uploads\/2021\/11\/Marta.jpg 1080w\" sizes=\"(max-width: 150px) 100vw, 150px\" \/> <\/span><\/li>\n<li><span style=\"color: var(--body_typography-color); font-family: var(--body_typography-font-family); font-size: var(--body_typography-font-size); font-style: var(--body_typography-font-style,normal); font-weight: var(--body_typography-font-weight); letter-spacing: var(--body_typography-letter-spacing); background-color: rgba(255, 255, 255, 0);\"> Ce<\/span><span style=\"color: var(--body_typography-color); font-family: var(--body_typography-font-family); font-size: var(--body_typography-font-size); font-style: var(--body_typography-font-style,normal); font-weight: var(--body_typography-font-weight); letter-spacing: var(--body_typography-letter-spacing); background-color: rgba(255, 255, 255, 0);\">rtificaci\u00f3n Hatha Vinyasa y cu<\/span><span style=\"color: var(--body_typography-color); font-family: var(--body_typography-font-family); font-size: var(--body_typography-font-size); font-style: var(--body_typography-font-style,normal); font-weight: var(--body_typography-font-weight); letter-spacing: var(--body_typography-letter-spacing); background-color: rgba(255, 255, 255, 0);\">rso de instructora de Yoga <\/span><\/li>\n<li><span style=\"background-color: rgba(255, 255, 255, 0); color: var(--body_typography-color); font-family: var(--body_typography-font-family); font-size: var(--body_typography-font-size); font-style: var(--body_typography-font-style,normal); font-weight: var(--body_typography-font-weight); letter-spacing: var(--body_typography-letter-spacing);\"> Formaci\u00f3n en Pilates Terap\u00e9utico<\/span><\/li>\n<li><span style=\"background-color: rgba(255, 255, 255, 0); color: var(--body_typography-color); font-family: var(--body_typography-font-family); font-size: var(--body_typography-font-size); font-style: var(--body_typography-font-style,normal); font-weight: var(--body_typography-font-weight); letter-spacing: var(--body_typography-letter-spacing);\">Postgrau en suelo p\u00e9lvico<\/span><\/li>\n<li><span style=\"background-color: rgba(255, 255, 255, 0); color: var(--body_typography-color); font-family: var(--body_typography-font-family); font-size: var(--body_typography-font-size); font-style: var(--body_typography-font-style,normal); font-weight: var(--body_typography-font-weight); letter-spacing: var(--body_typography-letter-spacing);\"> Formaci\u00f3n en Ejercicio en el embarazo<\/span><\/li>\n<\/ul>\n<\/div><\/div><\/div><\/div><\/div><\/div><\/div><\/div>\n","protected":false},"excerpt":{"rendered":"","protected":false},"author":10,"featured_media":0,"parent":0,"menu_order":0,"comment_status":"closed","ping_status":"closed","template":"","meta":{"footnotes":""},"aioseo_notices":[],"jetpack_sharing_enabled":true,"_links":{"self":[{"href":"https:\/\/centrecasals.com\/es\/wp-json\/wp\/v2\/pages\/3881"}],"collection":[{"href":"https:\/\/centrecasals.com\/es\/wp-json\/wp\/v2\/pages"}],"about":[{"href":"https:\/\/centrecasals.com\/es\/wp-json\/wp\/v2\/types\/page"}],"author":[{"embeddable":true,"href":"https:\/\/centrecasals.com\/es\/wp-json\/wp\/v2\/users\/10"}],"replies":[{"embeddable":true,"href":"https:\/\/centrecasals.com\/es\/wp-json\/wp\/v2\/comments?post=3881"}],"version-history":[{"count":5,"href":"https:\/\/centrecasals.com\/es\/wp-json\/wp\/v2\/pages\/3881\/revisions"}],"predecessor-version":[{"id":3887,"href":"https:\/\/centrecasals.com\/es\/wp-json\/wp\/v2\/pages\/3881\/revisions\/3887"}],"wp:attachment":[{"href":"https:\/\/centrecasals.com\/es\/wp-json\/wp\/v2\/media?parent=3881"}],"curies":[{"name":"wp","href":"https:\/\/api.w.org\/{rel}","templated":true}]}}