{"id":3892,"date":"2021-11-07T14:56:17","date_gmt":"2021-11-07T13:56:17","guid":{"rendered":"https:\/\/centrecasals.com\/osteopatia\/"},"modified":"2025-06-06T14:11:43","modified_gmt":"2025-06-06T12:11:43","slug":"osteopatia","status":"publish","type":"page","link":"https:\/\/centrecasals.com\/es\/osteopatia\/","title":{"rendered":"Osteopatia"},"content":{"rendered":"<p><div class=\"fusion-fullwidth fullwidth-box fusion-builder-row-1 fusion-parallax-none hundred-percent-fullwidth non-hundred-percent-height-scrolling\" style=\"--awb-border-radius-top-left:0px;--awb-border-radius-top-right:0px;--awb-border-radius-bottom-right:0px;--awb-border-radius-bottom-left:0px;--awb-padding-top:200px;--awb-padding-bottom:200px;--awb-margin-top:-140px;--awb-background-image:url(&quot;https:\/\/centrecasals.com\/wp-content\/uploads\/2021\/09\/ALLY-JANE-72.png&quot;);--awb-background-size:cover;--awb-flex-wrap:wrap;\" ><div class=\"fusion-builder-row fusion-row\"><div class=\"fusion-layout-column fusion_builder_column fusion-builder-column-0 fusion_builder_column_1_1 1_1 fusion-one-full fusion-column-first fusion-column-last fusion-column-no-min-height\" style=\"--awb-bg-size:cover;\"><div class=\"fusion-column-wrapper fusion-flex-column-wrapper-legacy\"><div class=\"fusion-column-content-centered\"><div class=\"fusion-column-content\"><div class=\"fusion-text fusion-text-1\"><h1 style=\"text-align: center;\"><span style=\"color: #ffffff;\">OSTEOPATIA<\/span><\/h1>\n<\/div><div class=\"fusion-sep-clear\"><\/div><div class=\"fusion-separator\" style=\"margin-left: auto;margin-right: auto;width:100%;max-width:200px;\"><div class=\"fusion-separator-border sep-single sep-solid\" style=\"--awb-height:20px;--awb-amount:20px;--awb-sep-color:#ffffff;border-color:#ffffff;border-top-width:1px;\"><\/div><\/div><div class=\"fusion-sep-clear\"><\/div><\/div><\/div><div class=\"fusion-clearfix\"><\/div><\/div><\/div><\/div><\/div><div class=\"fusion-fullwidth fullwidth-box fusion-builder-row-2 nonhundred-percent-fullwidth non-hundred-percent-height-scrolling\" style=\"--awb-border-radius-top-left:0px;--awb-border-radius-top-right:0px;--awb-border-radius-bottom-right:0px;--awb-border-radius-bottom-left:0px;--awb-flex-wrap:wrap;\" ><div class=\"fusion-builder-row fusion-row\"><div class=\"fusion-layout-column fusion_builder_column fusion-builder-column-1 fusion_builder_column_1_1 1_1 fusion-one-full fusion-column-first fusion-column-last\" style=\"--awb-bg-size:cover;\"><div class=\"fusion-column-wrapper fusion-flex-column-wrapper-legacy\"><div class=\"fusion-sep-clear\"><\/div><div class=\"fusion-separator fusion-full-width-sep\" style=\"margin-left: auto;margin-right: auto;margin-top:50px;margin-bottom:50px;width:100%;\"><\/div><div class=\"fusion-sep-clear\"><\/div><div class=\"fusion-clearfix\"><\/div><\/div><\/div><\/div><\/div><div class=\"fusion-fullwidth fullwidth-box fusion-builder-row-3 nonhundred-percent-fullwidth non-hundred-percent-height-scrolling fusion-equal-height-columns\" style=\"--awb-border-radius-top-left:0px;--awb-border-radius-top-right:0px;--awb-border-radius-bottom-right:0px;--awb-border-radius-bottom-left:0px;--awb-flex-wrap:wrap;\" ><div class=\"fusion-builder-row fusion-row\"><div class=\"fusion-layout-column fusion_builder_column fusion-builder-column-2 fusion_builder_column_1_2 1_2 fusion-one-half fusion-column-first fusion-column-no-min-height\" style=\"--awb-padding-right:50px;--awb-bg-size:cover;width:50%;width:calc(50% - ( ( 4% ) * 0.5 ) );margin-right: 4%;\"><div class=\"fusion-column-wrapper fusion-flex-column-wrapper-legacy\"><div class=\"fusion-text fusion-text-2\"><h3>El origen de la osteopat\u00eda<\/h3>\n<p>Tiene lugar a finales del siglo XIX, desarrollada por el americano Andrew Taylor Hill. . La osteopat\u00eda, con 150 a\u00f1os de historia, utiliza procedimientos terap\u00e9uticos exclusivamente manuales para cuidar de la salud y tratar enfermedades. Est\u00e1 basada en la relaci\u00f3n existente entre la estructura m\u00fasculo-esquel\u00e9tica y las funciones de los sistemas nervioso visceral, neurol\u00f3gico y vascular del organismo humano.<\/p>\n<p>Consiste en un conjunto de t\u00e9cnicas manuales que a trav\u00e9s del conocimiento de la anatom\u00eda, fisiolog\u00eda y biomec\u00e1nica del cuerpo buscan la posible causa principal que provoca el dolor. Se centra en la estructura y problemas mec\u00e1nicos del cuerpo.<\/p>\n<p>Todas las partes del cuerpo funcionan como una unidad que se mantiene conectada a trav\u00e9s de las diferentes estructuras como huesos, m\u00fasculos, sistema visceral, etc. Una de las bases de la osteopat\u00eda consiste en que considera que la estructura \u00f3sea est\u00e1 estrechamente ligada a las funciones del organismo. Los oste\u00f3patas manipulan la estructura \u00f3sea, pero esta manipulaci\u00f3n afecta no s\u00f3lo al sistema mec\u00e1nico y estructural, sino tambi\u00e9n a \u00f3rganos y fluidos internos. As\u00ed, un oste\u00f3pata puede tratar pr\u00e1cticamente todas las enfermedades que impliquen dolor a causa de un desequilibrio del cuerpo y la mente.<\/p>\n<p>Dependiendo del tejido<\/p>\n<\/div><div class=\"fusion-clearfix\"><\/div><\/div><\/div><div class=\"fusion-layout-column fusion_builder_column fusion-builder-column-3 fusion_builder_column_1_2 1_2 fusion-one-half fusion-column-last fusion-column-no-min-height\" style=\"--awb-padding-right:50px;--awb-bg-size:cover;width:50%;width:calc(50% - ( ( 4% ) * 0.5 ) );\"><div class=\"fusion-column-wrapper fusion-flex-column-wrapper-legacy\"><div class=\"fusion-text fusion-text-3\"><h3>La osteopat\u00eda moderna establece la siguiente tipolog\u00eda:<\/h3>\n<p>1. <strong>Osteopat\u00eda estructural.<\/strong> Est\u00e1 basada en el concepto del cuerpo como unidad, todas las estructuras deben estar en conexi\u00f3n y alineadas para mantener el cuerpo sano y en equilibrio. Se emplea para corregir disfuncionalidades relacionadas con los m\u00fasculos y el esqueleto.<\/p>\n<p>2. <strong>Osteopat\u00eda visceral.<\/strong> Se centra en favorecer la movilidad y funcionalidad de las v\u00edsceras y \u00f3rganos vitales como el est\u00f3mago, el p\u00e1ncreas, el aparato reproductor, etc. El oste\u00f3pata, una vez detectadas las v\u00edsceras afectadas, tratar\u00e1 de estimularlas y rehabilitarles su movilidad fisiol\u00f3gica primaria.<\/p>\n<p>3. <strong>Osteopat\u00eda craneal.<\/strong> Esta t\u00e9cnica favorece la movilidad del l\u00edquido cefaloraqu\u00eddeo. El cr\u00e1neo tiene su propio movimiento a trav\u00e9s de las suturas de los huesos que lo conforman. Estos movimientos se producen a un ritmo regular gracias a la fluctuaci\u00f3n del l\u00edquido cefaloraqu\u00eddeo, pero si este ritmo se altera, dar\u00eda lugar a patolog\u00edas que afectan al cuerpo entero. El tratamiento de esta t\u00e9cnica consiste en que el oste\u00f3pata mediante el tacto puede percibir las alteraciones en el ritmo de fluctuaci\u00f3n del l\u00edquido y realizar las correcciones oportunas para restaurar el ritmo regular.<\/p>\n<p><em><strong>Se trata de afrontar la atenci\u00f3n a los pacientes desde un punto de vista hol\u00edstico, una perspectiva que mantiene que los seres humanos funcionamos como una unidad en la que todas las piezas est\u00e1n interrelacionadas.<\/strong><\/em><\/p>\n<\/div><div class=\"fusion-clearfix\"><\/div><\/div><\/div><\/div><\/div><\/p>\n","protected":false},"excerpt":{"rendered":"","protected":false},"author":2,"featured_media":0,"parent":0,"menu_order":0,"comment_status":"closed","ping_status":"closed","template":"100-width.php","meta":{"footnotes":""},"aioseo_notices":[],"jetpack_sharing_enabled":true,"_links":{"self":[{"href":"https:\/\/centrecasals.com\/es\/wp-json\/wp\/v2\/pages\/3892"}],"collection":[{"href":"https:\/\/centrecasals.com\/es\/wp-json\/wp\/v2\/pages"}],"about":[{"href":"https:\/\/centrecasals.com\/es\/wp-json\/wp\/v2\/types\/page"}],"author":[{"embeddable":true,"href":"https:\/\/centrecasals.com\/es\/wp-json\/wp\/v2\/users\/2"}],"replies":[{"embeddable":true,"href":"https:\/\/centrecasals.com\/es\/wp-json\/wp\/v2\/comments?post=3892"}],"version-history":[{"count":3,"href":"https:\/\/centrecasals.com\/es\/wp-json\/wp\/v2\/pages\/3892\/revisions"}],"predecessor-version":[{"id":5329,"href":"https:\/\/centrecasals.com\/es\/wp-json\/wp\/v2\/pages\/3892\/revisions\/5329"}],"wp:attachment":[{"href":"https:\/\/centrecasals.com\/es\/wp-json\/wp\/v2\/media?parent=3892"}],"curies":[{"name":"wp","href":"https:\/\/api.w.org\/{rel}","templated":true}]}}