{"id":4154,"date":"2022-04-19T18:57:50","date_gmt":"2022-04-19T16:57:50","guid":{"rendered":"https:\/\/centrecasals.com\/la-ecografia-musculo-esqueletica\/"},"modified":"2022-04-19T18:58:17","modified_gmt":"2022-04-19T16:58:17","slug":"la-ecografia-musculo-esqueletica","status":"publish","type":"page","link":"https:\/\/centrecasals.com\/es\/la-ecografia-musculo-esqueletica\/","title":{"rendered":"La ecograf\u00eda m\u00fasculo-esquel\u00e9tica"},"content":{"rendered":"<div class=\"fusion-fullwidth fullwidth-box fusion-builder-row-1 fusion-flex-container nonhundred-percent-fullwidth non-hundred-percent-height-scrolling\" style=\"--awb-border-radius-top-left:0px;--awb-border-radius-top-right:0px;--awb-border-radius-bottom-right:0px;--awb-border-radius-bottom-left:0px;--awb-flex-wrap:wrap;\" ><div class=\"fusion-builder-row fusion-row fusion-flex-align-items-flex-start fusion-flex-content-wrap\" style=\"max-width:1352px;margin-left: calc(-4% \/ 2 );margin-right: calc(-4% \/ 2 );\"><div class=\"fusion-layout-column fusion_builder_column fusion-builder-column-0 fusion_builder_column_1_3 1_3 fusion-flex-column\" style=\"--awb-bg-size:cover;--awb-width-large:33.333333333333%;--awb-margin-top-large:0px;--awb-spacing-right-large:5.76%;--awb-margin-bottom-large:20px;--awb-spacing-left-large:5.76%;--awb-width-medium:100%;--awb-order-medium:0;--awb-spacing-right-medium:1.92%;--awb-spacing-left-medium:1.92%;--awb-width-small:100%;--awb-order-small:0;--awb-spacing-right-small:1.92%;--awb-spacing-left-small:1.92%;\"><div class=\"fusion-column-wrapper fusion-column-has-shadow fusion-flex-justify-content-flex-start fusion-content-layout-column\"><div class=\"awb-gallery-wrapper awb-gallery-wrapper-1 button-span-no\"><div style=\"margin:-5px;--awb-bordersize:0px;\" class=\"fusion-gallery fusion-gallery-container fusion-grid-1 fusion-columns-total-1 fusion-gallery-layout-grid fusion-gallery-1\"><div style=\"padding:5px;\" class=\"fusion-grid-column fusion-gallery-column fusion-gallery-column-1 hover-type-none\"><div class=\"fusion-gallery-image\"><img decoding=\"async\" src=\"https:\/\/centrecasals.com\/wp-content\/uploads\/2022\/03\/imatge-ecograf-1.jpg\" width=\"640\" height=\"800\" alt=\"\" title=\"imatge ec\u00f2graf\" aria-label=\"imatge ec\u00f2graf\" class=\"img-responsive wp-image-4021\" srcset=\"https:\/\/centrecasals.com\/wp-content\/uploads\/2022\/03\/imatge-ecograf-1-200x250.jpg 200w, https:\/\/centrecasals.com\/wp-content\/uploads\/2022\/03\/imatge-ecograf-1-400x500.jpg 400w, https:\/\/centrecasals.com\/wp-content\/uploads\/2022\/03\/imatge-ecograf-1-600x750.jpg 600w, https:\/\/centrecasals.com\/wp-content\/uploads\/2022\/03\/imatge-ecograf-1.jpg 640w\" sizes=\"(min-width: 2200px) 100vw, (min-width: 640px) 1300px, \" \/><\/div><\/div><div class=\"clearfix\"><\/div><\/div><\/div><\/div><\/div><div class=\"fusion-layout-column fusion_builder_column fusion-builder-column-1 fusion_builder_column_2_3 2_3 fusion-flex-column\" style=\"--awb-bg-size:cover;--awb-width-large:66.666666666667%;--awb-margin-top-large:0px;--awb-spacing-right-large:2.88%;--awb-margin-bottom-large:20px;--awb-spacing-left-large:2.88%;--awb-width-medium:100%;--awb-order-medium:0;--awb-spacing-right-medium:1.92%;--awb-spacing-left-medium:1.92%;--awb-width-small:100%;--awb-order-small:0;--awb-spacing-right-small:1.92%;--awb-spacing-left-small:1.92%;\"><div class=\"fusion-column-wrapper fusion-column-has-shadow fusion-flex-justify-content-flex-start fusion-content-layout-column\"><div class=\"fusion-title title fusion-title-1 fusion-title-text fusion-title-size-one\" style=\"--awb-sep-color:#ffffff;\"><div class=\"title-sep-container title-sep-container-left fusion-no-large-visibility fusion-no-medium-visibility fusion-no-small-visibility\"><div class=\"title-sep sep-double sep-solid\" style=\"border-color:#ffffff;\"><\/div><\/div><span class=\"awb-title-spacer fusion-no-large-visibility fusion-no-medium-visibility fusion-no-small-visibility\"><\/span><h1 class=\"fusion-title-heading title-heading-left\" style=\"margin:0;\"><h2>LA ECOGRAF\u00cdA MUSCULOESQUELETICA<\/h2><\/h1><span class=\"awb-title-spacer\"><\/span><div class=\"title-sep-container title-sep-container-right\"><div class=\"title-sep sep-double sep-solid\" style=\"border-color:#ffffff;\"><\/div><\/div><\/div><div class=\"fusion-text fusion-text-1\"><p>La ecograf\u00eda musculoesquel\u00e9tica es una herramienta \u00fatil que facilita el trabajo del fisioterapeuta, especialmente en lo que se refiere al diagn\u00f3stico y al tratamiento.<\/p>\n<p>Esta t\u00e9cnica permite evaluar de forma objetiva el tejido m\u00fasculo-esquel\u00e9tico mediante un estudio din\u00e1mico, r\u00e1pido, totalmente inocuo para el paciente y en tiempo real, lo que comporta un mejor diagn\u00f3stico y la programaci\u00f3n de un tratamiento m\u00e1s efectivo.<\/p>\n<p>La ecograf\u00eda aplicada a la<strong> fisioterapia de suelo p\u00e9lvico<\/strong> nos permite valorar la funcionalidad abdomino-perineal y detectar con precisi\u00f3n las posibles alteraciones de esta zona. Para realizar una correcta valoraci\u00f3n se utiliza de dos maneras:<\/p>\n<ul>\n<li>Por un lado, se observa la pared abdominal. Aqu\u00ed podemos valorar la musculatura m\u00e1s profunda del abdomen y observar si esta musculatura se activa de forma adecuada. Adem\u00e1s, el ec\u00f3grafo nos permite observar la distancia entre los rectos del abdomen para detectar una posible di\u00e1stasis, as\u00ed como valorar si esta musculatura se activa correctamente al realizar cualquier actividad.<\/li>\n<\/ul>\n<p>&nbsp;<\/p>\n<ul>\n<li>Por otra parte, a nivel de suelo p\u00e9lvico nos permite observar la integridad de la vejiga, \u00fatero y recto, observando si existe una correcta activaci\u00f3n del suelo p\u00e9lvico. Nos permitir\u00e1 ver c\u00f3mo se comporta el suelo p\u00e9lvico cuando existe un aumento de presi\u00f3n en esta zona como por ejemplo al hacer una tos, levantar un peso, hacer un abdominal o cualquier ejercicio f\u00edsico.<\/li>\n<\/ul>\n<\/div><\/div><\/div><\/div><\/div>\n","protected":false},"excerpt":{"rendered":"","protected":false},"author":2,"featured_media":0,"parent":0,"menu_order":0,"comment_status":"closed","ping_status":"closed","template":"","meta":{"footnotes":""},"aioseo_notices":[],"jetpack_sharing_enabled":true,"_links":{"self":[{"href":"https:\/\/centrecasals.com\/es\/wp-json\/wp\/v2\/pages\/4154"}],"collection":[{"href":"https:\/\/centrecasals.com\/es\/wp-json\/wp\/v2\/pages"}],"about":[{"href":"https:\/\/centrecasals.com\/es\/wp-json\/wp\/v2\/types\/page"}],"author":[{"embeddable":true,"href":"https:\/\/centrecasals.com\/es\/wp-json\/wp\/v2\/users\/2"}],"replies":[{"embeddable":true,"href":"https:\/\/centrecasals.com\/es\/wp-json\/wp\/v2\/comments?post=4154"}],"version-history":[{"count":5,"href":"https:\/\/centrecasals.com\/es\/wp-json\/wp\/v2\/pages\/4154\/revisions"}],"predecessor-version":[{"id":4159,"href":"https:\/\/centrecasals.com\/es\/wp-json\/wp\/v2\/pages\/4154\/revisions\/4159"}],"wp:attachment":[{"href":"https:\/\/centrecasals.com\/es\/wp-json\/wp\/v2\/media?parent=4154"}],"curies":[{"name":"wp","href":"https:\/\/api.w.org\/{rel}","templated":true}]}}