{"id":4374,"date":"2022-11-21T18:46:09","date_gmt":"2022-11-21T17:46:09","guid":{"rendered":"https:\/\/centrecasals.com\/neuromodulacion-ecoguiada\/"},"modified":"2022-11-24T13:19:05","modified_gmt":"2022-11-24T12:19:05","slug":"neuromodulacion-ecoguiada","status":"publish","type":"page","link":"https:\/\/centrecasals.com\/es\/neuromodulacion-ecoguiada\/","title":{"rendered":"Neuromodulaci\u00f3n Ecoguiada"},"content":{"rendered":"<h1>Neuromodulaci\u00f3n Ecoguiada<\/h1>\n<h1><a href=\"https:\/\/centrecasals.com\/wp-content\/uploads\/2022\/11\/Neuromodulacio-N-Ciatic-400x300.jpg\"><img decoding=\"async\" class=\"alignleft wp-image-4333\" src=\"https:\/\/centrecasals.com\/wp-content\/uploads\/2022\/11\/Neuromodulacio-N-Ciatic-400x300.jpg\" alt=\"\" width=\"500\" height=\"375\" srcset=\"https:\/\/centrecasals.com\/wp-content\/uploads\/2022\/11\/Neuromodulacio-N-Ciatic-200x150.jpg 200w, https:\/\/centrecasals.com\/wp-content\/uploads\/2022\/11\/Neuromodulacio-N-Ciatic-300x225.jpg 300w, https:\/\/centrecasals.com\/wp-content\/uploads\/2022\/11\/Neuromodulacio-N-Ciatic-400x300.jpg 400w, https:\/\/centrecasals.com\/wp-content\/uploads\/2022\/11\/Neuromodulacio-N-Ciatic-600x450.jpg 600w, https:\/\/centrecasals.com\/wp-content\/uploads\/2022\/11\/Neuromodulacio-N-Ciatic-768x576.jpg 768w, https:\/\/centrecasals.com\/wp-content\/uploads\/2022\/11\/Neuromodulacio-N-Ciatic-800x600.jpg 800w, https:\/\/centrecasals.com\/wp-content\/uploads\/2022\/11\/Neuromodulacio-N-Ciatic-1024x768.jpg 1024w, https:\/\/centrecasals.com\/wp-content\/uploads\/2022\/11\/Neuromodulacio-N-Ciatic-1200x900.jpg 1200w, https:\/\/centrecasals.com\/wp-content\/uploads\/2022\/11\/Neuromodulacio-N-Ciatic-1536x1152.jpg 1536w, https:\/\/centrecasals.com\/wp-content\/uploads\/2022\/11\/Neuromodulacio-N-Ciatic.jpg 1600w\" sizes=\"(max-width: 500px) 100vw, 500px\" \/><\/a><\/h1>\n<p>&nbsp;<\/p>\n<p>La Neuromodulaci\u00f3n Percut\u00e1nea es un tratamiento pionero de patolog\u00edas neuro musculoesquel\u00e9ticas basado en un <strong>abordaje del sistema nervioso<\/strong> mediante una t\u00e9cnica <u>de agujamiento indoloro y de una estimulaci\u00f3n el\u00e9ctrica indolora.<\/u><\/p>\n<p>En este tratamiento se abordan diferentes estructuras con la finalidad de producir una <strong>normalizaci\u00f3n de la actividad aberrante de un nervio<\/strong>, produciendo una disminuci\u00f3n del dolor, una optimizaci\u00f3n del sistema musculoesqu\u00e9tico (activando musculatura inhibida y equilibrando el tono de la musculatura hipert\u00f3nica), traduci\u00e9ndose en un mejor rendimiento Deportivo.<\/p>\n<p>El tratamiento con la t\u00e9cnica de Neuromodulaci\u00f3n tiene como objetivo cambiar en tiempo real la capacidad del movimiento, el comportamiento tensional y el comportamiento neuromotor.<\/p>\n<p>En la t\u00e9cnica se realiza un abordaje del sistema nervioso a trav\u00e9s de zonas con relevancia neurol\u00f3gica (nodos de alto valor) con el fin de solucionar el problema neurofuncional que le genera la sintomatolog\u00eda al paciente (dolor, inhibiciones, alteraciones funcionales\u2026).<\/p>\n<p>&nbsp;<\/p>\n<p><strong>Indicado en:<\/strong><\/p>\n<ul>\n<li style=\"list-style-type: none;\">\n<ul>\n<li>\u00a0ALTERACIONES NEUROMOTORAS<\/li>\n<li>PROBLEMAS NEUROMUSCULOESQUEL\u00c9TICOS AGUDOS O CR\u00d3NICOS<\/li>\n<li>ATRAPAMIENTOS DE LOS NERVIOS PERIF\u00c9RICOS (ciat\u00e1lgias, cervicobraqui\u00e1lgias&#8230;)<\/li>\n<\/ul>\n<\/li>\n<\/ul>\n<p>&#8230;<\/p>\n<p><a href=\"https:\/\/centrecasals.com\/wp-content\/uploads\/2022\/11\/neuromodulacio2-600x400.jpg\"><img decoding=\"async\" class=\"wp-image-4332 size-fusion-600 alignright\" src=\"https:\/\/centrecasals.com\/wp-content\/uploads\/2022\/11\/neuromodulacio2-600x400.jpg\" alt=\"\" width=\"600\" height=\"400\" srcset=\"https:\/\/centrecasals.com\/wp-content\/uploads\/2022\/11\/neuromodulacio2-200x133.jpg 200w, https:\/\/centrecasals.com\/wp-content\/uploads\/2022\/11\/neuromodulacio2-300x200.jpg 300w, https:\/\/centrecasals.com\/wp-content\/uploads\/2022\/11\/neuromodulacio2-400x267.jpg 400w, https:\/\/centrecasals.com\/wp-content\/uploads\/2022\/11\/neuromodulacio2-600x400.jpg 600w, https:\/\/centrecasals.com\/wp-content\/uploads\/2022\/11\/neuromodulacio2-768x512.jpg 768w, https:\/\/centrecasals.com\/wp-content\/uploads\/2022\/11\/neuromodulacio2-800x533.jpg 800w, https:\/\/centrecasals.com\/wp-content\/uploads\/2022\/11\/neuromodulacio2-1024x682.jpg 1024w, https:\/\/centrecasals.com\/wp-content\/uploads\/2022\/11\/neuromodulacio2-1200x800.jpg 1200w, https:\/\/centrecasals.com\/wp-content\/uploads\/2022\/11\/neuromodulacio2-1536x1024.jpg 1536w\" sizes=\"(max-width: 600px) 100vw, 600px\" \/><\/a><\/p>\n","protected":false},"excerpt":{"rendered":"<p>Neuromodulaci\u00f3n Ecoguiada &nbsp; La Neuromodulaci\u00f3n Percut\u00e1nea es un tratamiento pionero [&hellip;]<\/p>\n","protected":false},"author":2,"featured_media":0,"parent":0,"menu_order":0,"comment_status":"closed","ping_status":"closed","template":"","meta":{"footnotes":""},"aioseo_notices":[],"jetpack_sharing_enabled":true,"_links":{"self":[{"href":"https:\/\/centrecasals.com\/es\/wp-json\/wp\/v2\/pages\/4374"}],"collection":[{"href":"https:\/\/centrecasals.com\/es\/wp-json\/wp\/v2\/pages"}],"about":[{"href":"https:\/\/centrecasals.com\/es\/wp-json\/wp\/v2\/types\/page"}],"author":[{"embeddable":true,"href":"https:\/\/centrecasals.com\/es\/wp-json\/wp\/v2\/users\/2"}],"replies":[{"embeddable":true,"href":"https:\/\/centrecasals.com\/es\/wp-json\/wp\/v2\/comments?post=4374"}],"version-history":[{"count":2,"href":"https:\/\/centrecasals.com\/es\/wp-json\/wp\/v2\/pages\/4374\/revisions"}],"predecessor-version":[{"id":4389,"href":"https:\/\/centrecasals.com\/es\/wp-json\/wp\/v2\/pages\/4374\/revisions\/4389"}],"wp:attachment":[{"href":"https:\/\/centrecasals.com\/es\/wp-json\/wp\/v2\/media?parent=4374"}],"curies":[{"name":"wp","href":"https:\/\/api.w.org\/{rel}","templated":true}]}}