{"id":4611,"date":"2023-04-22T19:04:01","date_gmt":"2023-04-22T17:04:01","guid":{"rendered":"https:\/\/centrecasals.com\/fisioterapia-de-suelo-pelvico-en-el-papiol-centre-casals\/"},"modified":"2023-05-01T19:07:49","modified_gmt":"2023-05-01T17:07:49","slug":"fisioterapia-de-suelo-pelvico-en-el-papiol-centre-casals","status":"publish","type":"page","link":"https:\/\/centrecasals.com\/es\/fisioterapia-de-suelo-pelvico-en-el-papiol-centre-casals\/","title":{"rendered":"Fisioterapia de suelo p\u00e9lvico en El Papiol Centre Casals"},"content":{"rendered":"<div class=\"fusion-fullwidth fullwidth-box fusion-builder-row-1 fusion-flex-container nonhundred-percent-fullwidth non-hundred-percent-height-scrolling\" style=\"--awb-border-radius-top-left:0px;--awb-border-radius-top-right:0px;--awb-border-radius-bottom-right:0px;--awb-border-radius-bottom-left:0px;--awb-flex-wrap:wrap;\" ><div class=\"fusion-builder-row fusion-row fusion-flex-align-items-flex-start fusion-flex-content-wrap\" style=\"max-width:1352px;margin-left: calc(-4% \/ 2 );margin-right: calc(-4% \/ 2 );\"><div class=\"fusion-layout-column fusion_builder_column fusion-builder-column-0 fusion_builder_column_1_1 1_1 fusion-flex-column\" style=\"--awb-bg-size:cover;--awb-width-large:100%;--awb-margin-top-large:0px;--awb-spacing-right-large:1.92%;--awb-margin-bottom-large:0px;--awb-spacing-left-large:1.92%;--awb-width-medium:100%;--awb-spacing-right-medium:1.92%;--awb-spacing-left-medium:1.92%;--awb-width-small:100%;--awb-spacing-right-small:1.92%;--awb-spacing-left-small:1.92%;\"><div class=\"fusion-column-wrapper fusion-flex-justify-content-flex-start fusion-content-layout-column\"><div class=\"fusion-text fusion-text-1\"><h1>Fisioterapia de suelo p\u00e9lvico en El Papiol Centre Casals<\/h1>\n<h3>Soluciones personalizadas y efectivas para la fisioterapia de suelo p\u00e9lvico en El Papiol<\/h3>\n<p>En Centre Casals, <strong>ofrecemos soluciones personalizadas y efectivas para la fisioterapia de suelo p\u00e9lvico<\/strong> en El Papiol. Nuestro equipo de fisioterapeutas profesionales altamente cualificados se dedica a tratar los problemas de suelo p\u00e9lvico en hombres y mujeres de todas las edades. Si est\u00e1s buscando un servicio de fisioterapia de suelo p\u00e9lvico de alta calidad en El Papiol, no busques m\u00e1s all\u00e1 de Centre Casals.<\/p>\n<p>En nuestro Centro de Fisioterapia, ofrecemos una <a href=\"https:\/\/centrecasals.com\/fisioterapia\/?lang=es\"><strong>amplia variedad de tratamientos<\/strong><\/a> para los problemas de suelo p\u00e9lvico. Algunos de nuestros tratamientos incluyen:<\/p>\n<ul>\n<li>Fisioterapia de suelo p\u00e9lvico para hombres y mujeres<\/li>\n<li>Rehabilitaci\u00f3n postparto<\/li>\n<li>Tratamiento para incontinencia urinaria y fecal<\/li>\n<li>Tratamiento para disfunciones sexuales<\/li>\n<li>Preparaci\u00f3n al parto y postparto<\/li>\n<li>Prevenci\u00f3n de lesiones de suelo p\u00e9lvico en deportistas<\/li>\n<\/ul>\n<p><strong>Nuestro objetivo es ofrecer un servicio personalizado y de alta calidad a todos nuestros pacientes<\/strong>. Entendemos que cada paciente es \u00fanico y necesita un tratamiento adaptado a sus necesidades. Por eso, trabajamos en estrecha colaboraci\u00f3n contigo para desarrollar un plan de tratamiento efectivo y personalizado.<\/p>\n<p>En Centre Casals, nos comprometemos a ofrecer el mejor servicio posible para la fisioterapia en El Papiol. Nuestro equipo de profesionales altamente cualificados se dedica a tratar los problemas de suelo p\u00e9lvico con la m\u00e1xima atenci\u00f3n y cuidado. Si est\u00e1s buscando un servicio de fisioterapia de suelo p\u00e9lvico de alta calidad en El Papiol, ya lo has encontrado, Centre Casals.<\/p>\n<p>Cont\u00e1ctanos hoy mismo para conocer m\u00e1s sobre nuestros servicios y c\u00f3mo podemos ayudarte a tratar los problemas de suelo p\u00e9lvico. En Centre Casals, ofrecemos la mejor soluci\u00f3n para tus problemas de suelo p\u00e9lvico en El Papiol.<\/p>\n<p>Puedes seguirnos en <a href=\"https:\/\/www.instagram.com\/centrecasalsmolins\/\">Instagram<\/a><\/p>\n<\/div><\/div><\/div><\/div><\/div>\n","protected":false},"excerpt":{"rendered":"","protected":false},"author":2,"featured_media":4593,"parent":0,"menu_order":0,"comment_status":"closed","ping_status":"closed","template":"","meta":{"footnotes":""},"aioseo_notices":[],"jetpack_sharing_enabled":true,"_links":{"self":[{"href":"https:\/\/centrecasals.com\/es\/wp-json\/wp\/v2\/pages\/4611"}],"collection":[{"href":"https:\/\/centrecasals.com\/es\/wp-json\/wp\/v2\/pages"}],"about":[{"href":"https:\/\/centrecasals.com\/es\/wp-json\/wp\/v2\/types\/page"}],"author":[{"embeddable":true,"href":"https:\/\/centrecasals.com\/es\/wp-json\/wp\/v2\/users\/2"}],"replies":[{"embeddable":true,"href":"https:\/\/centrecasals.com\/es\/wp-json\/wp\/v2\/comments?post=4611"}],"version-history":[{"count":1,"href":"https:\/\/centrecasals.com\/es\/wp-json\/wp\/v2\/pages\/4611\/revisions"}],"predecessor-version":[{"id":4616,"href":"https:\/\/centrecasals.com\/es\/wp-json\/wp\/v2\/pages\/4611\/revisions\/4616"}],"wp:featuredmedia":[{"embeddable":true,"href":"https:\/\/centrecasals.com\/es\/wp-json\/wp\/v2\/media\/4593"}],"wp:attachment":[{"href":"https:\/\/centrecasals.com\/es\/wp-json\/wp\/v2\/media?parent=4611"}],"curies":[{"name":"wp","href":"https:\/\/api.w.org\/{rel}","templated":true}]}}