{"id":5395,"date":"2025-07-04T13:18:16","date_gmt":"2025-07-04T11:18:16","guid":{"rendered":"https:\/\/centrecasals.com\/magneto-super-inductiva\/"},"modified":"2025-07-04T13:18:16","modified_gmt":"2025-07-04T11:18:16","slug":"magneto-super-inductiva","status":"publish","type":"page","link":"https:\/\/centrecasals.com\/es\/magneto-super-inductiva\/","title":{"rendered":"Magneto s\u00faper inductiva"},"content":{"rendered":"<p><div class=\"fusion-fullwidth fullwidth-box fusion-builder-row-1 nonhundred-percent-fullwidth non-hundred-percent-height-scrolling\" style=\"--awb-border-radius-top-left:0px;--awb-border-radius-top-right:0px;--awb-border-radius-bottom-right:0px;--awb-border-radius-bottom-left:0px;--awb-margin-top:50px;--awb-margin-bottom:100px;--awb-flex-wrap:wrap;\" ><div class=\"fusion-builder-row fusion-row\"><div class=\"fusion-layout-column fusion_builder_column fusion-builder-column-0 fusion_builder_column_1_1 1_1 fusion-one-full fusion-column-first fusion-column-last\" style=\"--awb-bg-size:cover;\"><div class=\"fusion-column-wrapper fusion-flex-column-wrapper-legacy\"><div class=\"fusion-text fusion-text-1\"><div class=\"fusion-text fusion-text-1\"><\/div>\n<h1 style=\"text-align: center;\">MAGNETO S\u00daPER INDUCTIVA<\/h1>\n<\/div><div class=\"fusion-sep-clear\"><\/div><div class=\"fusion-separator\" style=\"margin-left: auto;margin-right: auto;margin-bottom:50px;width:100%;max-width:200px;\"><div class=\"fusion-separator-border sep-single sep-solid\" style=\"--awb-height:20px;--awb-amount:20px;border-color:#e0dede;border-top-width:1px;\"><\/div><\/div><div class=\"fusion-sep-clear\"><\/div><div class=\"fusion-clearfix\"><\/div><\/div><\/div><div class=\"fusion-layout-column fusion_builder_column fusion-builder-column-1 fusion_builder_column_1_2 1_2 fusion-one-half fusion-column-first\" style=\"--awb-bg-size:cover;width:50%;width:calc(50% - ( ( 4% ) * 0.5 ) );margin-right: 4%;\"><div class=\"fusion-column-wrapper fusion-flex-column-wrapper-legacy\"><div class=\"fusion-text fusion-text-3\"><div class=\"fusion-text fusion-text-3\"><\/div>\n<h2>\u00bfQu\u00e9 es la Magneto S\u00faper Inductiva con MagRex?<\/h2>\n<p data-start=\"52\" data-end=\"522\">La Magneto S\u00faper Inductiva es una tecnolog\u00eda avanzada que utiliza campos magn\u00e9ticos pulsados de alta intensidad para estimular la regeneraci\u00f3n celular y reducir la inflamaci\u00f3n y el dolor. En Centre Casals, utilizamos el dispositivo MagRex, el equipo m\u00e1s potente del mercado con <strong>7,5 Teslas (75.000 Gauss)<\/strong> y una penetraci\u00f3n de hasta <strong>10 cm de profundidad en los tejidos<\/strong>, lo que permite una actuaci\u00f3n profunda y efectiva.<\/p>\n<p data-start=\"524\" data-end=\"656\">Es una terapia segura, no invasiva y sin efectos secundarios, indicada para m\u00faltiples patolog\u00edas musculoesquel\u00e9ticas y neurol\u00f3gicas.<\/p>\n<h2 data-start=\"524\" data-end=\"656\">\u00bfC\u00f3mo funciona?<\/h2>\n<p>El dispositivo genera <strong>campos electromagn\u00e9ticos de alta potencia<\/strong> que penetran profundamente en los tejidos, favoreciendo la <strong>circulaci\u00f3n sangu\u00ednea y la oxigenaci\u00f3n<\/strong> celular. Este est\u00edmulo acelera los procesos naturales de reparaci\u00f3n de los tejidos, mejorando la recuperaci\u00f3n en casos de lesiones, inflamaciones y dolor cr\u00f3nico.<\/p>\n<h2>Beneficios de la Magneto S\u00faper Inductiva<\/h2>\n<ul>\n<li data-start=\"1053\" data-end=\"1114\">\n<p data-start=\"1055\" data-end=\"1114\"><strong>Reducci\u00f3n efectiva del dolor<\/strong> sin necesidad de medicaci\u00f3n.<\/p>\n<\/li>\n<li data-start=\"1115\" data-end=\"1168\">\n<p data-start=\"1117\" data-end=\"1168\"><strong>Disminuci\u00f3n de la inflamaci\u00f3n<\/strong> en zonas afectadas.<\/p>\n<\/li>\n<li data-start=\"1169\" data-end=\"1255\">\n<p data-start=\"1171\" data-end=\"1255\"><strong>Estimulaci\u00f3n profunda<\/strong> de la regeneraci\u00f3n celular para una recuperaci\u00f3n m\u00e1s r\u00e1pida.<\/p>\n<\/li>\n<li data-start=\"1256\" data-end=\"1333\">\n<p data-start=\"1258\" data-end=\"1333\"><strong>Penetraci\u00f3n hasta 10 cm en los tejidos<\/strong>, llegando a estructuras profundas.<\/p>\n<\/li>\n<li data-start=\"1334\" data-end=\"1393\">\n<p data-start=\"1336\" data-end=\"1393\"><strong>Neuromodulaci\u00f3n no invasiva<\/strong> de los nervios perif\u00e9ricos.<\/p>\n<\/li>\n<li data-start=\"1394\" data-end=\"1456\">\n<p data-start=\"1396\" data-end=\"1456\">Tratamiento seguro, no invasivo y sin efectos secundarios.<\/p>\n<\/li>\n<li data-start=\"1457\" data-end=\"1503\">\n<p data-start=\"1459\" data-end=\"1503\">Mejora de la funci\u00f3n muscular y articular.<\/p>\n<\/li>\n<li data-start=\"1504\" data-end=\"1579\">\n<p data-start=\"1506\" data-end=\"1579\">Indicada para <strong>tendinitis, artrosis, lesiones musculares, lumbalgias, etc.<\/strong><\/p>\n<\/li>\n<\/ul>\n<\/div><div class=\"fusion-clearfix\"><\/div><\/div><\/div><div class=\"fusion-layout-column fusion_builder_column fusion-builder-column-2 fusion_builder_column_1_2 1_2 fusion-one-half fusion-column-last\" style=\"--awb-bg-size:cover;width:50%;width:calc(50% - ( ( 4% ) * 0.5 ) );\"><div class=\"fusion-column-wrapper fusion-flex-column-wrapper-legacy\"><div class=\"fusion-image-element in-legacy-container\" style=\"--awb-caption-title-font-family:var(--h2_typography-font-family);--awb-caption-title-font-weight:var(--h2_typography-font-weight);--awb-caption-title-font-style:var(--h2_typography-font-style);--awb-caption-title-size:var(--h2_typography-font-size);--awb-caption-title-transform:var(--h2_typography-text-transform);--awb-caption-title-line-height:var(--h2_typography-line-height);--awb-caption-title-letter-spacing:var(--h2_typography-letter-spacing);\"><span class=\" fusion-imageframe imageframe-none imageframe-1 hover-type-none\"><img decoding=\"async\" width=\"700\" height=\"421\" title=\"Mag-rex\" src=\"https:\/\/centrecasals.com\/wp-content\/uploads\/2025\/07\/Mag-rex.png\" alt class=\"img-responsive wp-image-5363\" srcset=\"https:\/\/centrecasals.com\/wp-content\/uploads\/2025\/07\/Mag-rex-200x120.png 200w, https:\/\/centrecasals.com\/wp-content\/uploads\/2025\/07\/Mag-rex-400x241.png 400w, https:\/\/centrecasals.com\/wp-content\/uploads\/2025\/07\/Mag-rex-600x361.png 600w, https:\/\/centrecasals.com\/wp-content\/uploads\/2025\/07\/Mag-rex.png 700w\" sizes=\"(max-width: 800px) 100vw, 700px\" \/><\/span><\/div><div class=\"fusion-clearfix\"><\/div><\/div><\/div><div class=\"fusion-layout-column fusion_builder_column fusion-builder-column-3 fusion_builder_column_1_1 1_1 fusion-one-full fusion-column-first fusion-column-last\" style=\"--awb-bg-size:cover;\"><div class=\"fusion-column-wrapper fusion-flex-column-wrapper-legacy\"><div class=\"fusion-text fusion-text-5\"><h2>\u00bfPor qu\u00e9 elegir la Magneto S\u00faper Inductiva en Centre Casals?<\/h2>\n<p>En Centre Casals no <strong>tratamos solo el s\u00edntoma<\/strong>: integramos esta potente tecnolog\u00eda como <strong>complemento a nuestros tratamientos manuales<\/strong> <strong>personalizados<\/strong>, adaptados a las necesidades de cada paciente. Nuestro enfoque global nos permite obtener mejores resultados y una recuperaci\u00f3n m\u00e1s r\u00e1pida y duradera.<\/p>\n<h2><strong>\u00bfQuieres probar la Magneto S\u00faper Inductiva?<\/strong><\/h2>\n<p><strong>Contacta con nosotros<\/strong> y descubre c\u00f3mo esta tecnolog\u00eda puede ayudarte a recuperar tu salud y bienestar. Estamos aqu\u00ed para cuidarte con lo mejor de la tecnolog\u00eda y la atenci\u00f3n personalizada.<\/p>\n<\/div><div class=\"fusion-clearfix\"><\/div><\/div><\/div><\/div><\/div><div class=\"fusion-fullwidth fullwidth-box fusion-builder-row-2 fusion-flex-container nonhundred-percent-fullwidth non-hundred-percent-height-scrolling\" style=\"--awb-border-radius-top-left:0px;--awb-border-radius-top-right:0px;--awb-border-radius-bottom-right:0px;--awb-border-radius-bottom-left:0px;--awb-flex-wrap:wrap;\" ><\/div><\/p>\n","protected":false},"excerpt":{"rendered":"","protected":false},"author":2,"featured_media":0,"parent":0,"menu_order":0,"comment_status":"closed","ping_status":"closed","template":"","meta":{"footnotes":""},"aioseo_notices":[],"jetpack_sharing_enabled":true,"_links":{"self":[{"href":"https:\/\/centrecasals.com\/es\/wp-json\/wp\/v2\/pages\/5395"}],"collection":[{"href":"https:\/\/centrecasals.com\/es\/wp-json\/wp\/v2\/pages"}],"about":[{"href":"https:\/\/centrecasals.com\/es\/wp-json\/wp\/v2\/types\/page"}],"author":[{"embeddable":true,"href":"https:\/\/centrecasals.com\/es\/wp-json\/wp\/v2\/users\/2"}],"replies":[{"embeddable":true,"href":"https:\/\/centrecasals.com\/es\/wp-json\/wp\/v2\/comments?post=5395"}],"version-history":[{"count":3,"href":"https:\/\/centrecasals.com\/es\/wp-json\/wp\/v2\/pages\/5395\/revisions"}],"predecessor-version":[{"id":5398,"href":"https:\/\/centrecasals.com\/es\/wp-json\/wp\/v2\/pages\/5395\/revisions\/5398"}],"wp:attachment":[{"href":"https:\/\/centrecasals.com\/es\/wp-json\/wp\/v2\/media?parent=5395"}],"curies":[{"name":"wp","href":"https:\/\/api.w.org\/{rel}","templated":true}]}}